{"id":6637,"date":"2014-03-31T10:48:09","date_gmt":"2014-03-31T10:48:09","guid":{"rendered":"http:\/\/192.168.100.222\/target_carts\/wordpress\/wordpress495\/wordpress\/?product=kulmahiomakone-agv-15-125-xc"},"modified":"2014-05-05T19:45:09","modified_gmt":"2014-05-05T19:45:09","slug":"kulmahiomakone-agv-15-125-xc","status":"publish","type":"product","link":"https:\/\/silikotek.sapartners.site\/index.php\/tuote\/kulmahiomakone-agv-15-125-xc\/","title":{"rendered":"Kulmahiomakone AGV 15-125 XC"},"content":{"rendered":"<p>&#8211; Uusi tehokas 1550 W moottori &#8211; \u00e4\u00e4rimm\u00e4inen suorituskyky<br \/>&#8211; Entist\u00e4 paremmin suojattu ja kest\u00e4v\u00e4mpi Protector II moottori<br \/>&#8211; Turvakytkin, joka suojaa sek\u00e4 konetta ett\u00e4 k\u00e4ytt\u00e4j\u00e4\u00e4<br \/>&#8211; Vakionopeus, Anti kickback, ylikuormitussuoja, linjansulkutoiminto pehme\u00e4k\u00e4ynnistys<br \/>&#8211; FIXTEC-mutteri nopeaan laikanvaihtoon ilman avaimia<br \/>&#8211; Avaimeton rikkomasuojan s\u00e4\u00e4t\u00f6<br \/>&#8211; T\u00e4rin\u00e4vaimennettu sivukahva mahdollistaa pidemm\u00e4n yht\u00e4jaksoisen k\u00e4yt\u00f6n<\/p>\n","protected":false},"excerpt":{"rendered":"<p>Kulmahiomakone AGV 15-125 XC<\/p>\n","protected":false},"featured_media":6636,"template":"","meta":{"_et_pb_use_builder":"","_et_pb_old_content":"","_et_gb_content_width":""},"pwb-brand":[],"product_brand":[],"product_cat":[358],"product_tag":[],"class_list":{"0":"post-6637","1":"product","2":"type-product","3":"status-publish","4":"has-post-thumbnail","6":"product_cat-pienet-kulmahiomakoneet","8":"first","9":"instock","10":"sale","11":"taxable","12":"shipping-taxable","13":"purchasable","14":"product-type-simple"},"brands":[],"_links":{"self":[{"href":"https:\/\/silikotek.sapartners.site\/index.php\/wp-json\/wp\/v2\/product\/6637","targetHints":{"allow":["GET"]}}],"collection":[{"href":"https:\/\/silikotek.sapartners.site\/index.php\/wp-json\/wp\/v2\/product"}],"about":[{"href":"https:\/\/silikotek.sapartners.site\/index.php\/wp-json\/wp\/v2\/types\/product"}],"wp:featuredmedia":[{"embeddable":true,"href":"https:\/\/silikotek.sapartners.site\/index.php\/wp-json\/wp\/v2\/media\/6636"}],"wp:attachment":[{"href":"https:\/\/silikotek.sapartners.site\/index.php\/wp-json\/wp\/v2\/media?parent=6637"}],"wp:term":[{"taxonomy":"pwb-brand","embeddable":true,"href":"https:\/\/silikotek.sapartners.site\/index.php\/wp-json\/wp\/v2\/pwb-brand?post=6637"},{"taxonomy":"product_brand","embeddable":true,"href":"https:\/\/silikotek.sapartners.site\/index.php\/wp-json\/wp\/v2\/product_brand?post=6637"},{"taxonomy":"product_cat","embeddable":true,"href":"https:\/\/silikotek.sapartners.site\/index.php\/wp-json\/wp\/v2\/product_cat?post=6637"},{"taxonomy":"product_tag","embeddable":true,"href":"https:\/\/silikotek.sapartners.site\/index.php\/wp-json\/wp\/v2\/product_tag?post=6637"}],"curies":[{"name":"wp","href":"https:\/\/api.w.org\/{rel}","templated":true}]}}