{"id":6635,"date":"2014-03-31T10:48:09","date_gmt":"2014-03-31T10:48:09","guid":{"rendered":"http:\/\/192.168.100.222\/target_carts\/wordpress\/wordpress495\/wordpress\/?product=puukkosaha-1100-w-ssd-1100-x-sawzall"},"modified":"2014-05-05T21:21:01","modified_gmt":"2014-05-05T21:21:01","slug":"puukkosaha-1100-w-ssd-1100-x-sawzall","status":"publish","type":"product","link":"https:\/\/silikotek.sapartners.site\/index.php\/tuote\/puukkosaha-1100-w-ssd-1100-x-sawzall\/","title":{"rendered":"Puukkosaha 1100 W, SSD-1100 X, Sawzall"},"content":{"rendered":"<p>&#8211; Tehokas 1100W puukkosaha &#8211; 28mm iskunpituus &#038; 2900 iskua\/min<br \/>&#8211; Nopeudens\u00e4\u00e4t\u00f6 ja 180 astetta k\u00e4\u00e4ntyv\u00e4 ter\u00e4 &#8211; eritt\u00e4in joustava ja monipuolinen<br \/>&#8211; Eritt\u00e4in kest\u00e4v\u00e4 ja ergonominen kytkin<br \/>&#8211; FIXTEC-ter\u00e4nkiinnitys mahdollistaa nopean ja helpon ter\u00e4nvaihdon ilman avaimia<br \/>&#8211; Paino 3,2 kg<\/p>\n","protected":false},"excerpt":{"rendered":"<p>Puukkosaha 1100 W, SSD-1100 X, Sawzall<\/p>\n","protected":false},"featured_media":6634,"template":"","meta":{"_et_pb_use_builder":"","_et_pb_old_content":"","_et_gb_content_width":""},"pwb-brand":[],"product_brand":[],"product_cat":[803],"product_tag":[],"class_list":{"0":"post-6635","1":"product","2":"type-product","3":"status-publish","4":"has-post-thumbnail","6":"product_cat-puukkosahat","8":"first","9":"instock","10":"sale","11":"taxable","12":"shipping-taxable","13":"purchasable","14":"product-type-simple"},"brands":[],"_links":{"self":[{"href":"https:\/\/silikotek.sapartners.site\/index.php\/wp-json\/wp\/v2\/product\/6635","targetHints":{"allow":["GET"]}}],"collection":[{"href":"https:\/\/silikotek.sapartners.site\/index.php\/wp-json\/wp\/v2\/product"}],"about":[{"href":"https:\/\/silikotek.sapartners.site\/index.php\/wp-json\/wp\/v2\/types\/product"}],"wp:featuredmedia":[{"embeddable":true,"href":"https:\/\/silikotek.sapartners.site\/index.php\/wp-json\/wp\/v2\/media\/6634"}],"wp:attachment":[{"href":"https:\/\/silikotek.sapartners.site\/index.php\/wp-json\/wp\/v2\/media?parent=6635"}],"wp:term":[{"taxonomy":"pwb-brand","embeddable":true,"href":"https:\/\/silikotek.sapartners.site\/index.php\/wp-json\/wp\/v2\/pwb-brand?post=6635"},{"taxonomy":"product_brand","embeddable":true,"href":"https:\/\/silikotek.sapartners.site\/index.php\/wp-json\/wp\/v2\/product_brand?post=6635"},{"taxonomy":"product_cat","embeddable":true,"href":"https:\/\/silikotek.sapartners.site\/index.php\/wp-json\/wp\/v2\/product_cat?post=6635"},{"taxonomy":"product_tag","embeddable":true,"href":"https:\/\/silikotek.sapartners.site\/index.php\/wp-json\/wp\/v2\/product_tag?post=6635"}],"curies":[{"name":"wp","href":"https:\/\/api.w.org\/{rel}","templated":true}]}}