{"id":6631,"date":"2014-03-31T10:48:09","date_gmt":"2014-03-31T10:48:09","guid":{"rendered":"http:\/\/192.168.100.222\/target_carts\/wordpress\/wordpress495\/wordpress\/?product=milwaukee-akkukayttoinen-massapuristin-c18-pcg-600t"},"modified":"2019-11-05T10:07:11","modified_gmt":"2019-11-05T08:07:11","slug":"milwaukee-akkukayttoinen-massapuristin-c18-pcg-600t","status":"publish","type":"product","link":"https:\/\/silikotek.sapartners.site\/index.php\/tuote\/milwaukee-akkukayttoinen-massapuristin-c18-pcg-600t\/","title":{"rendered":"Milwaukee C18 PCG\/600T-201B Akkuk\u00e4ytt\u00f6inen massapuristin 600 ml"},"content":{"rendered":"<div class=\"product__description-content js-product-content\">\n<p>M18 massapuristin, sopii uretaani- ja korkeaviskoottimateriaalien leitykseen. Jopa 4500 N ty\u00f6nt\u00f6voima. L\u00e4pin\u00e4kyv\u00e4 putki, k\u00e4ytt\u00e4\u00e4 450 ml pusseja. 6-asteinen nopeudens\u00e4\u00e4t\u00f6. S\u00e4hk\u00f6inen kytkin ja nopeudens\u00e4\u00e4t\u00f6. Ergonominen T-ote. Metallinen vaihdelaatikko. Auto Reverse Mode -toiminto est\u00e4\u00e4 materiaalin ulostulon kun kone kytket\u00e4\u00e4n pois p\u00e4\u00e4lt\u00e4. 2,0 Ah REDLITHIUM-ION&#x2122;-akku tarjoaa parhaan ergonomian. Akussa virtamittari. Mukana toimitetaan 1 x 2,0 Ah REDLITHIUM-ION&#x2122;-akku, 40 min laturi, 400 ml l\u00e4pin\u00e4kyv\u00e4 putki.<\/p>\n<\/div>\n","protected":false},"excerpt":{"rendered":"<p>Milwaukee Akkuk\u00e4ytt\u00f6inen Massapuristin 600 ml. Mukana 1 x 2,0 Ah REDLITHIUM ION&#x2122; akku, 40 min laturi, 400 ml l\u00e4pin\u00e4kyv\u00e4 putki<\/p>\n","protected":false},"featured_media":17753,"template":"","meta":{"_et_pb_use_builder":"","_et_pb_old_content":"","_et_gb_content_width":""},"pwb-brand":[1452],"product_brand":[],"product_cat":[739,945],"product_tag":[],"class_list":{"0":"post-6631","1":"product","2":"type-product","3":"status-publish","4":"has-post-thumbnail","6":"pwb-brand-milwaukee","7":"product_cat-akkumassapuristimet","8":"product_cat-silikoni-ja-massapuristimet","10":"first","11":"instock","12":"taxable","13":"shipping-taxable","14":"purchasable","15":"product-type-simple"},"brands":[{"id":1452,"name":"Milwaukee","slug":"milwaukee"}],"_links":{"self":[{"href":"https:\/\/silikotek.sapartners.site\/index.php\/wp-json\/wp\/v2\/product\/6631","targetHints":{"allow":["GET"]}}],"collection":[{"href":"https:\/\/silikotek.sapartners.site\/index.php\/wp-json\/wp\/v2\/product"}],"about":[{"href":"https:\/\/silikotek.sapartners.site\/index.php\/wp-json\/wp\/v2\/types\/product"}],"wp:featuredmedia":[{"embeddable":true,"href":"https:\/\/silikotek.sapartners.site\/index.php\/wp-json\/wp\/v2\/media\/17753"}],"wp:attachment":[{"href":"https:\/\/silikotek.sapartners.site\/index.php\/wp-json\/wp\/v2\/media?parent=6631"}],"wp:term":[{"taxonomy":"pwb-brand","embeddable":true,"href":"https:\/\/silikotek.sapartners.site\/index.php\/wp-json\/wp\/v2\/pwb-brand?post=6631"},{"taxonomy":"product_brand","embeddable":true,"href":"https:\/\/silikotek.sapartners.site\/index.php\/wp-json\/wp\/v2\/product_brand?post=6631"},{"taxonomy":"product_cat","embeddable":true,"href":"https:\/\/silikotek.sapartners.site\/index.php\/wp-json\/wp\/v2\/product_cat?post=6631"},{"taxonomy":"product_tag","embeddable":true,"href":"https:\/\/silikotek.sapartners.site\/index.php\/wp-json\/wp\/v2\/product_tag?post=6631"}],"curies":[{"name":"wp","href":"https:\/\/api.w.org\/{rel}","templated":true}]}}