{"id":6629,"date":"2014-03-31T10:48:09","date_gmt":"2014-03-31T10:48:09","guid":{"rendered":"http:\/\/192.168.100.222\/target_carts\/wordpress\/wordpress495\/wordpress\/?product=akkukayttoinen-massapuristin-600-ml-c18-pcg-600a-201b"},"modified":"2019-11-05T13:24:22","modified_gmt":"2019-11-05T11:24:22","slug":"akkukayttoinen-massapuristin-600-ml-c18-pcg-600a-201b","status":"publish","type":"product","link":"https:\/\/silikotek.sapartners.site\/index.php\/tuote\/akkukayttoinen-massapuristin-600-ml-c18-pcg-600a-201b\/","title":{"rendered":"Milwaukee C18 PCG \/600A-201B Akkuk\u00e4ytt\u00f6inen massapuristin 600 ml"},"content":{"rendered":"<div id=\"stcpDiv\" style=\"left: -1988px; top: -1999px; position: absolute;\">\n<p>Jopa 4500 N tehot. Jopa 40% enemm\u00e4n kun edellisell\u00e4 versiolla<\/p>\n<p><span class=\"tick\">\u00a0<\/span> REDLINK &#x2122; ylikuormitussuoja elektroniikka tarjoaa sek\u00e4 ty\u00f6kalulle ett\u00e4 akulle luokkansa parasta kest\u00e4vyytt\u00e4<\/p>\n<p><span class=\"tick\">\u00a0<\/span> Optimoitu suorituskyky kaikille saumausaineille jopa alhaisilla l\u00e4mp\u00f6tiloilla.<\/p>\n<p><span class=\"tick\">\u00a0<\/span> Valumisen esto -toiminto &#8211; est\u00e4\u00e4 materiaalin ulostulon kun kone kytket\u00e4\u00e4n pois p\u00e4\u00e4lt\u00e4<\/p>\n<p><span class=\"tick\">\u00a0<\/span> 6-asteinen nopeudens\u00e4\u00e4t\u00f6<\/p>\n<p><span class=\"tick\">\u00a0<\/span> Suuri ty\u00f6nnin takaa jatkuvan puristuspaineen saumasusaineille. Ty\u00f6nt\u00e4\u00e4 putkiloista viimeisimm\u00e4tkin rippeet<\/p>\n<p><span class=\"tick\">\u00a0<\/span> Yksitt\u00e4inen akunkennon monitorointi optimoi ty\u00f6kalun k\u00e4ytt\u00f6aikaa ja takaa paremman kest\u00e4vyyden<\/p>\n<p><span class=\"tick\">\u00a0<\/span> Virtamittari ja LED valo<\/p>\n<p><span class=\"tick\">\u00a0<\/span> REDLITHIUM ION&#x2122; akku tarjoaa jopa 2x enemm\u00e4n k\u00e4ytt\u00f6aikaa, 20% enemm\u00e4n voimaa, 2x pidemm\u00e4n akun k\u00e4ytt\u00f6i\u00e4n ja toimii paremmin -20C\u00b0pakkasessa kuin muut lithium-ion teknologiat<\/p>\n<p><span class=\"tick\">\u00a0<\/span> Joustava akkuj\u00e4rjestelm\u00e4: Ty\u00f6kalu k\u00e4y kaikkien Milwaukee M18 akkujen kanssa<\/p>\n<p>&#8211; See more at: http:\/\/fi.milwaukeetool.eu\/tyokalut\/akkutyokalut\/c18-pcg-28\/#sthash.9I1SP8Wa.dpuf<\/p>\n<\/div>\n<div class=\"product__description-content js-product-content\">\n<p>M18 massapuristin, sopii uretaani- ja korkeaviskoottimateriaalien leitykseen. Jopa 4500 N tehot. K\u00e4ytt\u00e4\u00e4 600 ml pusseja. 6-asteinen nopeudens\u00e4\u00e4t\u00f6. S\u00e4hk\u00f6inen kytkin ja s\u00e4\u00e4dett\u00e4v\u00e4 nopeudens\u00e4\u00e4t\u00f6. Ergonominen T-ote. Metallinen vaihdelaatikko. Auto Reverse Mode -toiminto est\u00e4\u00e4 materiaalin ulostulon kun kone kytket\u00e4\u00e4n pois p\u00e4\u00e4lt\u00e4. 2,0 Ah REDLITHIUM-ION&#x2122;-akku tarjoaa parhaan ergonomian. Akussa virtamittari. Mukana toimitetaan 1 x 2,0 Ah REDLITHIUM-ION&#x2122;-akku, 40 min laturi, 600 ml alumiiniputki<\/p>\n<\/div>\n<div id=\"stcpDiv\" style=\"left: -1988px; top: -1999px; position: absolute;\">Jopa 4500 N tehot. Jopa 40% enemm\u00e4n kun edellisell\u00e4 versiolla &#8211; See more at: http:\/\/fi.milwaukeetool.eu\/tyokalut\/akkutyokalut\/c18-pcg-28\/#sthash.9I1SP8Wa.dpufSis\u00e4lt\u00e4\u00e4: 600 ml alumiiniputken 1 x 1,5 Ah Red-Li-Ion akun ja laturin (30min) Laukun, C18 PCG\/600A-201B<\/div>\n<div id=\"stcpDiv\" style=\"left: -1988px; top: -1999px; position: absolute;\">\n<p>Jopa 4500 N tehot. Jopa 40% enemm\u00e4n kun edellisell\u00e4 versiolla<\/p>\n<p><span class=\"tick\">\u00a0<\/span> REDLINK &#x2122; ylikuormitussuoja elektroniikka tarjoaa sek\u00e4 ty\u00f6kalulle ett\u00e4 akulle luokkansa parasta kest\u00e4vyytt\u00e4<\/p>\n<p><span class=\"tick\">\u00a0<\/span> Optimoitu suorituskyky kaikille saumausaineille jopa alhaisilla l\u00e4mp\u00f6tiloilla.<\/p>\n<p><span class=\"tick\">\u00a0<\/span> Valumisen esto -toiminto &#8211; est\u00e4\u00e4 materiaalin ulostulon kun kone kytket\u00e4\u00e4n pois p\u00e4\u00e4lt\u00e4<\/p>\n<p><span class=\"tick\">\u00a0<\/span> 6-asteinen nopeudens\u00e4\u00e4t\u00f6<\/p>\n<p><span class=\"tick\">\u00a0<\/span> Suuri ty\u00f6nnin takaa jatkuvan puristuspaineen saumasusaineille. Ty\u00f6nt\u00e4\u00e4 putkiloista viimeisimm\u00e4tkin rippeet<\/p>\n<p><span class=\"tick\">\u00a0<\/span> Yksitt\u00e4inen akunkennon monitorointi optimoi ty\u00f6kalun k\u00e4ytt\u00f6aikaa ja takaa paremman kest\u00e4vyyden<\/p>\n<p><span class=\"tick\">\u00a0<\/span> Virtamittari ja LED valo<\/p>\n<p><span class=\"tick\">\u00a0<\/span> REDLITHIUM ION&#x2122; akku tarjoaa jopa 2x enemm\u00e4n k\u00e4ytt\u00f6aikaa, 20% enemm\u00e4n voimaa, 2x pidemm\u00e4n akun k\u00e4ytt\u00f6i\u00e4n ja toimii paremmin -20C\u00b0pakkasessa kuin muut lithium-ion teknologiat<\/p>\n<p><span class=\"tick\">\u00a0<\/span> Joustava akkuj\u00e4rjestelm\u00e4: Ty\u00f6kalu k\u00e4y kaikkien Milwaukee M18 akkujen kanssa<\/p>\n<p>&#8211; See more at: http:\/\/fi.milwaukeetool.eu\/tyokalut\/akkutyokalut\/c18-pcg-28\/#sthash.9I1SP8Wa.dpuf<\/p>\n<\/div>\n","protected":false},"excerpt":{"rendered":"<p>Akkuk\u00e4ytt\u00f6inen massapuristin M18<\/p>\n","protected":false},"featured_media":17753,"template":"","meta":{"_et_pb_use_builder":"","_et_pb_old_content":"","_et_gb_content_width":""},"pwb-brand":[1452],"product_brand":[],"product_cat":[739,945],"product_tag":[],"class_list":{"0":"post-6629","1":"product","2":"type-product","3":"status-publish","4":"has-post-thumbnail","6":"pwb-brand-milwaukee","7":"product_cat-akkumassapuristimet","8":"product_cat-silikoni-ja-massapuristimet","10":"first","11":"instock","12":"taxable","13":"shipping-taxable","14":"purchasable","15":"product-type-simple"},"brands":[{"id":1452,"name":"Milwaukee","slug":"milwaukee"}],"_links":{"self":[{"href":"https:\/\/silikotek.sapartners.site\/index.php\/wp-json\/wp\/v2\/product\/6629","targetHints":{"allow":["GET"]}}],"collection":[{"href":"https:\/\/silikotek.sapartners.site\/index.php\/wp-json\/wp\/v2\/product"}],"about":[{"href":"https:\/\/silikotek.sapartners.site\/index.php\/wp-json\/wp\/v2\/types\/product"}],"wp:featuredmedia":[{"embeddable":true,"href":"https:\/\/silikotek.sapartners.site\/index.php\/wp-json\/wp\/v2\/media\/17753"}],"wp:attachment":[{"href":"https:\/\/silikotek.sapartners.site\/index.php\/wp-json\/wp\/v2\/media?parent=6629"}],"wp:term":[{"taxonomy":"pwb-brand","embeddable":true,"href":"https:\/\/silikotek.sapartners.site\/index.php\/wp-json\/wp\/v2\/pwb-brand?post=6629"},{"taxonomy":"product_brand","embeddable":true,"href":"https:\/\/silikotek.sapartners.site\/index.php\/wp-json\/wp\/v2\/product_brand?post=6629"},{"taxonomy":"product_cat","embeddable":true,"href":"https:\/\/silikotek.sapartners.site\/index.php\/wp-json\/wp\/v2\/product_cat?post=6629"},{"taxonomy":"product_tag","embeddable":true,"href":"https:\/\/silikotek.sapartners.site\/index.php\/wp-json\/wp\/v2\/product_tag?post=6629"}],"curies":[{"name":"wp","href":"https:\/\/api.w.org\/{rel}","templated":true}]}}