{"id":6136,"date":"2014-03-31T10:48:09","date_gmt":"2014-03-31T10:48:09","guid":{"rendered":"http:\/\/192.168.100.222\/target_carts\/wordpress\/wordpress495\/wordpress\/?product=saadettavat-pihdit-2-kpl-moduulissa-facom-mod-pr5"},"modified":"2022-03-04T16:27:23","modified_gmt":"2022-03-04T14:27:23","slug":"saadettavat-pihdit-2-kpl-moduulissa-facom-mod-pr5","status":"publish","type":"product","link":"https:\/\/silikotek.sapartners.site\/index.php\/tuote\/saadettavat-pihdit-2-kpl-moduulissa-facom-mod-pr5\/","title":{"rendered":"S\u00e4\u00e4dett\u00e4v\u00e4t pihdit 2 kpl moduulissa Facom MOD.PR5"},"content":{"rendered":"<p>Sis\u00e4lt\u00f6 : &#8211; 180.TE, liukunivelpihdit. &#8211; 500, lyhytleukaiset lukkopihdit. &#8211; Lokerikko PL.330 Paino : 1,094 kg.<\/p>\n","protected":false},"excerpt":{"rendered":"<p>Facom ty\u00f6kalu moduuli MOD.PR5<\/p>\n","protected":false},"featured_media":6135,"template":"","meta":{"_et_pb_use_builder":"","_et_pb_old_content":"","_et_gb_content_width":""},"pwb-brand":[],"product_brand":[],"product_cat":[479,745],"product_tag":[],"class_list":{"0":"post-6136","1":"product","2":"type-product","3":"status-publish","4":"has-post-thumbnail","6":"product_cat-lukkopihdit","7":"product_cat-tyokalu-moduulit","9":"first","10":"instock","11":"taxable","12":"shipping-taxable","13":"purchasable","14":"product-type-simple"},"brands":[],"_links":{"self":[{"href":"https:\/\/silikotek.sapartners.site\/index.php\/wp-json\/wp\/v2\/product\/6136","targetHints":{"allow":["GET"]}}],"collection":[{"href":"https:\/\/silikotek.sapartners.site\/index.php\/wp-json\/wp\/v2\/product"}],"about":[{"href":"https:\/\/silikotek.sapartners.site\/index.php\/wp-json\/wp\/v2\/types\/product"}],"wp:featuredmedia":[{"embeddable":true,"href":"https:\/\/silikotek.sapartners.site\/index.php\/wp-json\/wp\/v2\/media\/6135"}],"wp:attachment":[{"href":"https:\/\/silikotek.sapartners.site\/index.php\/wp-json\/wp\/v2\/media?parent=6136"}],"wp:term":[{"taxonomy":"pwb-brand","embeddable":true,"href":"https:\/\/silikotek.sapartners.site\/index.php\/wp-json\/wp\/v2\/pwb-brand?post=6136"},{"taxonomy":"product_brand","embeddable":true,"href":"https:\/\/silikotek.sapartners.site\/index.php\/wp-json\/wp\/v2\/product_brand?post=6136"},{"taxonomy":"product_cat","embeddable":true,"href":"https:\/\/silikotek.sapartners.site\/index.php\/wp-json\/wp\/v2\/product_cat?post=6136"},{"taxonomy":"product_tag","embeddable":true,"href":"https:\/\/silikotek.sapartners.site\/index.php\/wp-json\/wp\/v2\/product_tag?post=6136"}],"curies":[{"name":"wp","href":"https:\/\/api.w.org\/{rel}","templated":true}]}}