{"id":6130,"date":"2014-03-31T10:48:09","date_gmt":"2014-03-31T10:48:09","guid":{"rendered":"http:\/\/192.168.100.222\/target_carts\/wordpress\/wordpress495\/wordpress\/?product=saadettavat-pihdit-moduulissa-2-kp-facom-mod-pr6"},"modified":"2022-03-07T09:42:07","modified_gmt":"2022-03-07T07:42:07","slug":"saadettavat-pihdit-moduulissa-2-kp-facom-mod-pr6","status":"publish","type":"product","link":"https:\/\/silikotek.sapartners.site\/index.php\/tuote\/saadettavat-pihdit-moduulissa-2-kp-facom-mod-pr6\/","title":{"rendered":"Facom MOD.PR8 S\u00e4\u00e4dett\u00e4v\u00e4t pihdit moduulissa"},"content":{"rendered":"<h4 id=\"tw-target-text\" class=\"tw-data-text tw-text-large tw-ta\" dir=\"ltr\" data-placeholder=\"K\u00e4\u00e4nn\u00f6s\"><span class=\"Y2IQFc\" lang=\"fi\">Sis\u00e4lt\u00e4\u00e4: &#8211; Multigrip-pihdit 180.CPE. &#8211; Lyhytk\u00e4rkiset lukkopihdit 500A. Yhteensopiva Facomin modulaarisen s\u00e4ilytysj\u00e4rjestelm\u00e4n kanssa: &#8211; Yhteensopiva CHRONO XL, CHRONO+, JETXL ja JET+ ty\u00f6kaluvunujen kanssa.<\/span><\/h4>\n","protected":false},"excerpt":{"rendered":"<p>Facom ty\u00f6kalu moduuli MOD.PR6<\/p>\n","protected":false},"featured_media":27655,"template":"","meta":{"_et_pb_use_builder":"","_et_pb_old_content":"","_et_gb_content_width":""},"pwb-brand":[1455],"product_brand":[],"product_cat":[479,745],"product_tag":[],"class_list":{"0":"post-6130","1":"product","2":"type-product","3":"status-publish","4":"has-post-thumbnail","6":"pwb-brand-facom","7":"product_cat-lukkopihdit","8":"product_cat-tyokalu-moduulit","10":"first","11":"instock","12":"taxable","13":"shipping-taxable","14":"purchasable","15":"product-type-simple"},"brands":[{"id":1455,"name":"Facom","slug":"facom"}],"_links":{"self":[{"href":"https:\/\/silikotek.sapartners.site\/index.php\/wp-json\/wp\/v2\/product\/6130","targetHints":{"allow":["GET"]}}],"collection":[{"href":"https:\/\/silikotek.sapartners.site\/index.php\/wp-json\/wp\/v2\/product"}],"about":[{"href":"https:\/\/silikotek.sapartners.site\/index.php\/wp-json\/wp\/v2\/types\/product"}],"wp:featuredmedia":[{"embeddable":true,"href":"https:\/\/silikotek.sapartners.site\/index.php\/wp-json\/wp\/v2\/media\/27655"}],"wp:attachment":[{"href":"https:\/\/silikotek.sapartners.site\/index.php\/wp-json\/wp\/v2\/media?parent=6130"}],"wp:term":[{"taxonomy":"pwb-brand","embeddable":true,"href":"https:\/\/silikotek.sapartners.site\/index.php\/wp-json\/wp\/v2\/pwb-brand?post=6130"},{"taxonomy":"product_brand","embeddable":true,"href":"https:\/\/silikotek.sapartners.site\/index.php\/wp-json\/wp\/v2\/product_brand?post=6130"},{"taxonomy":"product_cat","embeddable":true,"href":"https:\/\/silikotek.sapartners.site\/index.php\/wp-json\/wp\/v2\/product_cat?post=6130"},{"taxonomy":"product_tag","embeddable":true,"href":"https:\/\/silikotek.sapartners.site\/index.php\/wp-json\/wp\/v2\/product_tag?post=6130"}],"curies":[{"name":"wp","href":"https:\/\/api.w.org\/{rel}","templated":true}]}}