{"id":6116,"date":"2014-03-31T10:48:09","date_gmt":"2014-03-31T10:48:09","guid":{"rendered":"http:\/\/192.168.100.222\/target_carts\/wordpress\/wordpress495\/wordpress\/?product=sarja-jossa-4-cpe-pihdit-facom-cpe-4"},"modified":"2014-04-29T12:13:30","modified_gmt":"2014-04-29T12:13:30","slug":"sarja-jossa-4-cpe-pihdit-facom-cpe-4","status":"publish","type":"product","link":"https:\/\/silikotek.sapartners.site\/index.php\/tuote\/sarja-jossa-4-cpe-pihdit-facom-cpe-4\/","title":{"rendered":"Sarja jossa 4 CPE-pihdit Facom CPE.4"},"content":{"rendered":"<p>Sis\u00e4lt\u00f6:<br \/>&#8211; 1 lukittavat liukunivelpihdit 181.25CPE.<br \/>&#8211; 1 sivuleikkurit 192.16CPE.<br \/>&#8211; 1 puolipy\u00f6r\u00f6pihdit 185.20CPE.<br \/>&#8211; 1 yhdistelm\u00e4pihdit 187.18 CPE.<br \/>Paino : 1,02 kg.<\/p>\n<p><\/p>\n","protected":false},"excerpt":{"rendered":"<p>Sis\u00e4lt\u00f6:&#8211; 1 lukittavat liukunivelpihdit 181.25CPE.&#8211; 1 sivuleikkurit 192.16CPE.&#8211; 1 puolipy\u00f6r\u00f6pihdit 185.20CPE.&#8211; 1 yhdistelm\u00e4pihdit 187.18 CPE.Paino : 1,02 kg.<\/p>\n","protected":false},"featured_media":6115,"template":"","meta":{"_et_pb_use_builder":"","_et_pb_old_content":"","_et_gb_content_width":""},"pwb-brand":[],"product_brand":[],"product_cat":[775],"product_tag":[],"class_list":{"0":"post-6116","1":"product","2":"type-product","3":"status-publish","4":"has-post-thumbnail","6":"product_cat-pihdit","8":"first","9":"instock","10":"sale","11":"taxable","12":"shipping-taxable","13":"purchasable","14":"product-type-simple"},"brands":[],"_links":{"self":[{"href":"https:\/\/silikotek.sapartners.site\/index.php\/wp-json\/wp\/v2\/product\/6116","targetHints":{"allow":["GET"]}}],"collection":[{"href":"https:\/\/silikotek.sapartners.site\/index.php\/wp-json\/wp\/v2\/product"}],"about":[{"href":"https:\/\/silikotek.sapartners.site\/index.php\/wp-json\/wp\/v2\/types\/product"}],"wp:featuredmedia":[{"embeddable":true,"href":"https:\/\/silikotek.sapartners.site\/index.php\/wp-json\/wp\/v2\/media\/6115"}],"wp:attachment":[{"href":"https:\/\/silikotek.sapartners.site\/index.php\/wp-json\/wp\/v2\/media?parent=6116"}],"wp:term":[{"taxonomy":"pwb-brand","embeddable":true,"href":"https:\/\/silikotek.sapartners.site\/index.php\/wp-json\/wp\/v2\/pwb-brand?post=6116"},{"taxonomy":"product_brand","embeddable":true,"href":"https:\/\/silikotek.sapartners.site\/index.php\/wp-json\/wp\/v2\/product_brand?post=6116"},{"taxonomy":"product_cat","embeddable":true,"href":"https:\/\/silikotek.sapartners.site\/index.php\/wp-json\/wp\/v2\/product_cat?post=6116"},{"taxonomy":"product_tag","embeddable":true,"href":"https:\/\/silikotek.sapartners.site\/index.php\/wp-json\/wp\/v2\/product_tag?post=6116"}],"curies":[{"name":"wp","href":"https:\/\/api.w.org\/{rel}","templated":true}]}}