{"id":6112,"date":"2014-03-31T10:48:09","date_gmt":"2014-03-31T10:48:09","guid":{"rendered":"http:\/\/192.168.100.222\/target_carts\/wordpress\/wordpress495\/wordpress\/?product=sahkoasentajan-sarja-kaareessa-facom-184-j5ve"},"modified":"2014-04-29T11:36:40","modified_gmt":"2014-04-29T11:36:40","slug":"sahkoasentajan-sarja-kaareessa-facom-184-j5ve","status":"publish","type":"product","link":"https:\/\/silikotek.sapartners.site\/index.php\/tuote\/sahkoasentajan-sarja-kaareessa-facom-184-j5ve\/","title":{"rendered":"S\u00e4hk\u00f6asentajan sarja, k\u00e4\u00e4reess\u00e4 Facom 184.J5VE"},"content":{"rendered":"<p>&#8211; 1000 voltin eristetyt ty\u00f6kalut, standardin EN 60 900 mukaiset.<br \/>&#8211; Sis\u00e4lt\u00f6 :<br \/>&#8211; 1 leikkurit 192.16VE.<br \/>&#8211; yhdistelm\u00e4pihdit 187.18VE.<br \/>&#8211; 1 puolipy\u00f6r\u00f6pihdit 185.20VE<br \/>&#8211; 2 ruuvitalttaa uraruuveille A.VE (4&#215;100-5,5&#215;125)<br \/>&#8211; 1 ruuvitaltta ruuveille Pozidriv AD1X100VE.<\/p>\n<p>Alennus 15% kuvaston hinnastosta.<\/p>\n","protected":false},"excerpt":{"rendered":"<p>&#8211; 1000 voltin eristetyt ty\u00f6kalut, standardin EN 60 900 mukaiset.&#8211; Sis\u00e4lt\u00f6 :&#8211; 1 leikkurit 192.16VE.&#8211; yhdistelm\u00e4pihdit 187.18VE.&#8211; 1 puolipy\u00f6r\u00f6pihdit 185.20VE&#8211; 2 ruuvitalttaa uraruuveille A.VE (4&#215;100-5,5&#215;125)&#8211; 1 ruuvitaltta ruuveille Pozidriv AD1X100VE. Alennus 15% kuvaston hinnastosta.<\/p>\n","protected":false},"featured_media":6111,"template":"","meta":{"_et_pb_use_builder":"","_et_pb_old_content":"","_et_gb_content_width":""},"pwb-brand":[],"product_brand":[],"product_cat":[464,775],"product_tag":[],"class_list":{"0":"post-6112","1":"product","2":"type-product","3":"status-publish","4":"has-post-thumbnail","6":"product_cat-1000v-korkeajannitetyokalut","7":"product_cat-pihdit","9":"first","10":"instock","11":"sale","12":"taxable","13":"shipping-taxable","14":"purchasable","15":"product-type-simple"},"brands":[],"_links":{"self":[{"href":"https:\/\/silikotek.sapartners.site\/index.php\/wp-json\/wp\/v2\/product\/6112","targetHints":{"allow":["GET"]}}],"collection":[{"href":"https:\/\/silikotek.sapartners.site\/index.php\/wp-json\/wp\/v2\/product"}],"about":[{"href":"https:\/\/silikotek.sapartners.site\/index.php\/wp-json\/wp\/v2\/types\/product"}],"wp:featuredmedia":[{"embeddable":true,"href":"https:\/\/silikotek.sapartners.site\/index.php\/wp-json\/wp\/v2\/media\/6111"}],"wp:attachment":[{"href":"https:\/\/silikotek.sapartners.site\/index.php\/wp-json\/wp\/v2\/media?parent=6112"}],"wp:term":[{"taxonomy":"pwb-brand","embeddable":true,"href":"https:\/\/silikotek.sapartners.site\/index.php\/wp-json\/wp\/v2\/pwb-brand?post=6112"},{"taxonomy":"product_brand","embeddable":true,"href":"https:\/\/silikotek.sapartners.site\/index.php\/wp-json\/wp\/v2\/product_brand?post=6112"},{"taxonomy":"product_cat","embeddable":true,"href":"https:\/\/silikotek.sapartners.site\/index.php\/wp-json\/wp\/v2\/product_cat?post=6112"},{"taxonomy":"product_tag","embeddable":true,"href":"https:\/\/silikotek.sapartners.site\/index.php\/wp-json\/wp\/v2\/product_tag?post=6112"}],"curies":[{"name":"wp","href":"https:\/\/api.w.org\/{rel}","templated":true}]}}