{"id":6076,"date":"2014-03-31T10:48:09","date_gmt":"2014-03-31T10:48:09","guid":{"rendered":"http:\/\/192.168.100.222\/target_carts\/wordpress\/wordpress495\/wordpress\/?product=lyhytleukainen-lukkopihti-facom-507a"},"modified":"2022-01-07T15:40:35","modified_gmt":"2022-01-07T13:40:35","slug":"lyhytleukainen-lukkopihti-facom-507a","status":"publish","type":"product","link":"https:\/\/silikotek.sapartners.site\/index.php\/tuote\/lyhytleukainen-lukkopihti-facom-507a\/","title":{"rendered":"Lyhytleukainen lukkopihti Facom, 507A"},"content":{"rendered":"<p>&#8211; Taotut leuat.<br \/>\n&#8211; Kromattu.<br \/>\n&#8211; Pituus : 200 mm.<\/p>\n<p>Paino : 330 g.<\/p>\n","protected":false},"excerpt":{"rendered":"<p>Facom 507A lukkopihti on pienikokoinen 200 mm, mutta pihtien kita on suuri jolloin sill\u00e4 voidaan puristaa kulman yli.<br \/>\nTarkka s\u00e4\u00e4t\u00f6 Facomin ainutlaatuisen s\u00e4\u00e4t\u00f6ruuvin ja s\u00e4t\u00f6mekanismin jossa 4 asentoa ansiosta. Heti toimitukseen.<\/p>\n","protected":false},"featured_media":24677,"template":"","meta":{"_et_pb_use_builder":"","_et_pb_old_content":"","_et_gb_content_width":""},"pwb-brand":[1455],"product_brand":[],"product_cat":[479],"product_tag":[],"class_list":{"0":"post-6076","1":"product","2":"type-product","3":"status-publish","4":"has-post-thumbnail","6":"pwb-brand-facom","7":"product_cat-lukkopihdit","9":"first","10":"instock","11":"taxable","12":"shipping-taxable","13":"purchasable","14":"product-type-simple"},"brands":[{"id":1455,"name":"Facom","slug":"facom"}],"_links":{"self":[{"href":"https:\/\/silikotek.sapartners.site\/index.php\/wp-json\/wp\/v2\/product\/6076","targetHints":{"allow":["GET"]}}],"collection":[{"href":"https:\/\/silikotek.sapartners.site\/index.php\/wp-json\/wp\/v2\/product"}],"about":[{"href":"https:\/\/silikotek.sapartners.site\/index.php\/wp-json\/wp\/v2\/types\/product"}],"wp:featuredmedia":[{"embeddable":true,"href":"https:\/\/silikotek.sapartners.site\/index.php\/wp-json\/wp\/v2\/media\/24677"}],"wp:attachment":[{"href":"https:\/\/silikotek.sapartners.site\/index.php\/wp-json\/wp\/v2\/media?parent=6076"}],"wp:term":[{"taxonomy":"pwb-brand","embeddable":true,"href":"https:\/\/silikotek.sapartners.site\/index.php\/wp-json\/wp\/v2\/pwb-brand?post=6076"},{"taxonomy":"product_brand","embeddable":true,"href":"https:\/\/silikotek.sapartners.site\/index.php\/wp-json\/wp\/v2\/product_brand?post=6076"},{"taxonomy":"product_cat","embeddable":true,"href":"https:\/\/silikotek.sapartners.site\/index.php\/wp-json\/wp\/v2\/product_cat?post=6076"},{"taxonomy":"product_tag","embeddable":true,"href":"https:\/\/silikotek.sapartners.site\/index.php\/wp-json\/wp\/v2\/product_tag?post=6076"}],"curies":[{"name":"wp","href":"https:\/\/api.w.org\/{rel}","templated":true}]}}