{"id":6074,"date":"2014-03-31T10:48:09","date_gmt":"2014-03-31T10:48:09","guid":{"rendered":"http:\/\/192.168.100.222\/target_carts\/wordpress\/wordpress495\/wordpress\/?product=pitkaleukainen-lukkopihti-facom-582-7"},"modified":"2016-11-21T08:35:12","modified_gmt":"2016-11-21T08:35:12","slug":"pitkaleukainen-lukkopihti-facom-582-7","status":"publish","type":"product","link":"https:\/\/silikotek.sapartners.site\/index.php\/tuote\/pitkaleukainen-lukkopihti-facom-582-7\/","title":{"rendered":"Pitk\u00e4leukainen lukkopihti Facom 582.7"},"content":{"rendered":"<p>&#8211; Ty\u00f6kappaleiden pitelemiseen, asettamiseen ja ulosvet\u00e4miseen ahtaissa kohteissa.<br \/>&#8211; Leuat suunniteltu pitelem\u00e4\u00e4n poikkileikkaukseltaan litteit\u00e4 ja py\u00f6reit\u00e4 kappaleita.<br \/>&#8211; Taotut ja karkaistut ter\u00e4t (kromimolybdeeniseoster\u00e4st\u00e4); kest\u00e4\u00e4 hyvin kulutusta.<br \/>&#8211; Ruudutetut k\u00e4densijat, pit\u00e4v\u00e4mpi ote.<br \/>&#8211; Lukituksen avaus yhdell\u00e4 k\u00e4dell\u00e4 sis\u00e4puolisesta avaussivusta.<br \/>&#8211; Kromatut pihdit. Tummennettu, patentoitu mekanismi.<\/p>\n","protected":false},"excerpt":{"rendered":"<p>Facom lukkopihdit 175 mm, 582.7 Facom. Sopii hyvin vaikka autopeltisep\u00e4lle. Voidaan k\u00e4ytt\u00e4\u00e4 my\u00f6s vaikka vesiletkujen sulkemiseen autokorjaamo\u00a0 k\u00e4yt\u00f6ss\u00e4.<\/p>\n","protected":false},"featured_media":6073,"template":"","meta":{"_et_pb_use_builder":"","_et_pb_old_content":"","_et_gb_content_width":""},"pwb-brand":[],"product_brand":[],"product_cat":[479],"product_tag":[],"class_list":{"0":"post-6074","1":"product","2":"type-product","3":"status-publish","4":"has-post-thumbnail","6":"product_cat-lukkopihdit","8":"first","9":"instock","10":"taxable","11":"shipping-taxable","12":"purchasable","13":"product-type-simple"},"brands":[],"_links":{"self":[{"href":"https:\/\/silikotek.sapartners.site\/index.php\/wp-json\/wp\/v2\/product\/6074","targetHints":{"allow":["GET"]}}],"collection":[{"href":"https:\/\/silikotek.sapartners.site\/index.php\/wp-json\/wp\/v2\/product"}],"about":[{"href":"https:\/\/silikotek.sapartners.site\/index.php\/wp-json\/wp\/v2\/types\/product"}],"wp:featuredmedia":[{"embeddable":true,"href":"https:\/\/silikotek.sapartners.site\/index.php\/wp-json\/wp\/v2\/media\/6073"}],"wp:attachment":[{"href":"https:\/\/silikotek.sapartners.site\/index.php\/wp-json\/wp\/v2\/media?parent=6074"}],"wp:term":[{"taxonomy":"pwb-brand","embeddable":true,"href":"https:\/\/silikotek.sapartners.site\/index.php\/wp-json\/wp\/v2\/pwb-brand?post=6074"},{"taxonomy":"product_brand","embeddable":true,"href":"https:\/\/silikotek.sapartners.site\/index.php\/wp-json\/wp\/v2\/product_brand?post=6074"},{"taxonomy":"product_cat","embeddable":true,"href":"https:\/\/silikotek.sapartners.site\/index.php\/wp-json\/wp\/v2\/product_cat?post=6074"},{"taxonomy":"product_tag","embeddable":true,"href":"https:\/\/silikotek.sapartners.site\/index.php\/wp-json\/wp\/v2\/product_tag?post=6074"}],"curies":[{"name":"wp","href":"https:\/\/api.w.org\/{rel}","templated":true}]}}