{"id":6072,"date":"2014-03-31T10:48:09","date_gmt":"2014-03-31T10:48:09","guid":{"rendered":"http:\/\/192.168.100.222\/target_carts\/wordpress\/wordpress495\/wordpress\/?product=pitkaleukainen-pihti-saatomekanismissa-5-asentoa-facom-511"},"modified":"2014-04-29T10:39:20","modified_gmt":"2014-04-29T10:39:20","slug":"pitkaleukainen-pihti-saatomekanismissa-5-asentoa-facom-511","status":"publish","type":"product","link":"https:\/\/silikotek.sapartners.site\/index.php\/tuote\/pitkaleukainen-pihti-saatomekanismissa-5-asentoa-facom-511\/","title":{"rendered":"Pitk\u00e4leukainen pihti, s\u00e4\u00e4t\u00f6mekanismissa 5 asentoa Facom 511"},"content":{"rendered":"<p>&#8211; 5 asennon s\u00e4\u00e4t\u00f6mekanismin ansiosta kitaa voidaan suurentaa.<br \/>&#8211; Kromattu.<br \/>Paino : 680 g<br \/>&#8211; 516 &#8211; kuten malli 511, mutta leuan k\u00e4rki nivel\u00f6ity :<br \/>&#8211; Leuan k\u00e4\u00e4ntyv\u00e4 k\u00e4rki mukautuu erilaisiin ty\u00f6skentelyotteisiin.<br \/>&#8211; S\u00e4\u00e4t\u00f6mekanismi, 5 asentoa.<br \/>Paino : 695 g.<\/p>\n","protected":false},"excerpt":{"rendered":"<p>Lukkopihti 511<\/p>\n","protected":false},"featured_media":6071,"template":"","meta":{"_et_pb_use_builder":"","_et_pb_old_content":"","_et_gb_content_width":""},"pwb-brand":[],"product_brand":[],"product_cat":[479],"product_tag":[],"class_list":{"0":"post-6072","1":"product","2":"type-product","3":"status-publish","4":"has-post-thumbnail","6":"product_cat-lukkopihdit","8":"first","9":"instock","10":"sale","11":"taxable","12":"shipping-taxable","13":"purchasable","14":"product-type-simple"},"brands":[],"_links":{"self":[{"href":"https:\/\/silikotek.sapartners.site\/index.php\/wp-json\/wp\/v2\/product\/6072","targetHints":{"allow":["GET"]}}],"collection":[{"href":"https:\/\/silikotek.sapartners.site\/index.php\/wp-json\/wp\/v2\/product"}],"about":[{"href":"https:\/\/silikotek.sapartners.site\/index.php\/wp-json\/wp\/v2\/types\/product"}],"wp:featuredmedia":[{"embeddable":true,"href":"https:\/\/silikotek.sapartners.site\/index.php\/wp-json\/wp\/v2\/media\/6071"}],"wp:attachment":[{"href":"https:\/\/silikotek.sapartners.site\/index.php\/wp-json\/wp\/v2\/media?parent=6072"}],"wp:term":[{"taxonomy":"pwb-brand","embeddable":true,"href":"https:\/\/silikotek.sapartners.site\/index.php\/wp-json\/wp\/v2\/pwb-brand?post=6072"},{"taxonomy":"product_brand","embeddable":true,"href":"https:\/\/silikotek.sapartners.site\/index.php\/wp-json\/wp\/v2\/product_brand?post=6072"},{"taxonomy":"product_cat","embeddable":true,"href":"https:\/\/silikotek.sapartners.site\/index.php\/wp-json\/wp\/v2\/product_cat?post=6072"},{"taxonomy":"product_tag","embeddable":true,"href":"https:\/\/silikotek.sapartners.site\/index.php\/wp-json\/wp\/v2\/product_tag?post=6072"}],"curies":[{"name":"wp","href":"https:\/\/api.w.org\/{rel}","templated":true}]}}