{"id":6070,"date":"2014-03-31T10:48:09","date_gmt":"2014-03-31T10:48:09","guid":{"rendered":"http:\/\/192.168.100.222\/target_carts\/wordpress\/wordpress495\/wordpress\/?product=lyhytleukainen-lukkopihti-facom-500"},"modified":"2016-11-21T08:49:29","modified_gmt":"2016-11-21T08:49:29","slug":"lyhytleukainen-lukkopihti-facom-500","status":"publish","type":"product","link":"https:\/\/silikotek.sapartners.site\/index.php\/tuote\/lyhytleukainen-lukkopihti-facom-500\/","title":{"rendered":"Lyhytleukainen lukkopihti Facom 500"},"content":{"rendered":"<p>&#8211; S\u00e4\u00e4t\u00f6mekanismi, 4 asentoa.<br \/>&#8211; Kromattu.<br \/>Paino : 540 g.<\/p>\n","protected":false},"excerpt":{"rendered":"<p>Facom 500 lukkopihti on pikkuj\u00e4ttil\u00e4inen. Kokonaispituus 225 mm ja avautuma per\u00e4ti 52 mm.<br \/>Nelj\u00e4 eri asentoa s\u00e4\u00e4t\u00f6mekasnismissa. Lis\u00e4ksi viel\u00e4 hienos\u00e4\u00e4t\u00f6 ruuvilla.<\/p>\n","protected":false},"featured_media":6069,"template":"","meta":{"_et_pb_use_builder":"","_et_pb_old_content":"","_et_gb_content_width":""},"pwb-brand":[],"product_brand":[],"product_cat":[479],"product_tag":[],"class_list":{"0":"post-6070","1":"product","2":"type-product","3":"status-publish","4":"has-post-thumbnail","6":"product_cat-lukkopihdit","8":"first","9":"instock","10":"taxable","11":"shipping-taxable","12":"purchasable","13":"product-type-simple"},"brands":[],"_links":{"self":[{"href":"https:\/\/silikotek.sapartners.site\/index.php\/wp-json\/wp\/v2\/product\/6070","targetHints":{"allow":["GET"]}}],"collection":[{"href":"https:\/\/silikotek.sapartners.site\/index.php\/wp-json\/wp\/v2\/product"}],"about":[{"href":"https:\/\/silikotek.sapartners.site\/index.php\/wp-json\/wp\/v2\/types\/product"}],"wp:featuredmedia":[{"embeddable":true,"href":"https:\/\/silikotek.sapartners.site\/index.php\/wp-json\/wp\/v2\/media\/6069"}],"wp:attachment":[{"href":"https:\/\/silikotek.sapartners.site\/index.php\/wp-json\/wp\/v2\/media?parent=6070"}],"wp:term":[{"taxonomy":"pwb-brand","embeddable":true,"href":"https:\/\/silikotek.sapartners.site\/index.php\/wp-json\/wp\/v2\/pwb-brand?post=6070"},{"taxonomy":"product_brand","embeddable":true,"href":"https:\/\/silikotek.sapartners.site\/index.php\/wp-json\/wp\/v2\/product_brand?post=6070"},{"taxonomy":"product_cat","embeddable":true,"href":"https:\/\/silikotek.sapartners.site\/index.php\/wp-json\/wp\/v2\/product_cat?post=6070"},{"taxonomy":"product_tag","embeddable":true,"href":"https:\/\/silikotek.sapartners.site\/index.php\/wp-json\/wp\/v2\/product_tag?post=6070"}],"curies":[{"name":"wp","href":"https:\/\/api.w.org\/{rel}","templated":true}]}}