{"id":6056,"date":"2014-03-31T10:48:09","date_gmt":"2014-03-31T10:48:09","guid":{"rendered":"http:\/\/192.168.100.222\/target_carts\/wordpress\/wordpress495\/wordpress\/?product=laakerin-ulosvetaja-sisapuoliseen-otteeseen-facom-u-51b"},"modified":"2014-04-15T14:25:13","modified_gmt":"2014-04-15T14:25:13","slug":"laakerin-ulosvetaja-sisapuoliseen-otteeseen-facom-u-51b","status":"publish","type":"product","link":"https:\/\/silikotek.sapartners.site\/index.php\/tuote\/laakerin-ulosvetaja-sisapuoliseen-otteeseen-facom-u-51b\/","title":{"rendered":"Laakerin ulosvet\u00e4j\u00e4 sis\u00e4puoliseen otteeseen Facom U.51B"},"content":{"rendered":"<p>&#8211; K\u00e4ytt\u00f6alue : 32 mm &#8211; 70 mm. &#8211; Laippojen k\u00e4ytt\u00f6alueet : &#8211; laippa U.28-8 : k\u00e4ytt\u00f6alue 70 &#8211; 100 mm &#8211; laippa U.28-9 : k\u00e4ytt\u00f6alue 100 &#8211; 136 mm &#8211; laippa U.28 &#8211; 10 : k\u00e4ytt\u00f6alue 130 &#8211; 160 mm &#8211; Liitett\u00e4viss\u00e4 olevat lis\u00e4varusteet : liukuvasara U.2, vastatuki U.40 ja vastatuki U.30 Paino : 3,3 kg.<\/p>\n","protected":false},"excerpt":{"rendered":"<p>Laakerin ulosvet\u00e4j\u00e4 laukussa<\/p>\n","protected":false},"featured_media":6055,"template":"","meta":{"_et_pb_use_builder":"","_et_pb_old_content":"","_et_gb_content_width":""},"pwb-brand":[],"product_brand":[],"product_cat":[478],"product_tag":[],"class_list":{"0":"post-6056","1":"product","2":"type-product","3":"status-publish","4":"has-post-thumbnail","6":"product_cat-ulosvetajat","8":"first","9":"instock","10":"sale","11":"taxable","12":"shipping-taxable","13":"purchasable","14":"product-type-simple"},"brands":[],"_links":{"self":[{"href":"https:\/\/silikotek.sapartners.site\/index.php\/wp-json\/wp\/v2\/product\/6056","targetHints":{"allow":["GET"]}}],"collection":[{"href":"https:\/\/silikotek.sapartners.site\/index.php\/wp-json\/wp\/v2\/product"}],"about":[{"href":"https:\/\/silikotek.sapartners.site\/index.php\/wp-json\/wp\/v2\/types\/product"}],"wp:featuredmedia":[{"embeddable":true,"href":"https:\/\/silikotek.sapartners.site\/index.php\/wp-json\/wp\/v2\/media\/6055"}],"wp:attachment":[{"href":"https:\/\/silikotek.sapartners.site\/index.php\/wp-json\/wp\/v2\/media?parent=6056"}],"wp:term":[{"taxonomy":"pwb-brand","embeddable":true,"href":"https:\/\/silikotek.sapartners.site\/index.php\/wp-json\/wp\/v2\/pwb-brand?post=6056"},{"taxonomy":"product_brand","embeddable":true,"href":"https:\/\/silikotek.sapartners.site\/index.php\/wp-json\/wp\/v2\/product_brand?post=6056"},{"taxonomy":"product_cat","embeddable":true,"href":"https:\/\/silikotek.sapartners.site\/index.php\/wp-json\/wp\/v2\/product_cat?post=6056"},{"taxonomy":"product_tag","embeddable":true,"href":"https:\/\/silikotek.sapartners.site\/index.php\/wp-json\/wp\/v2\/product_tag?post=6056"}],"curies":[{"name":"wp","href":"https:\/\/api.w.org\/{rel}","templated":true}]}}