{"id":5961,"date":"2014-03-31T10:48:09","date_gmt":"2014-03-31T10:48:09","guid":{"rendered":"http:\/\/192.168.100.222\/target_carts\/wordpress\/wordpress495\/wordpress\/?product=mekaniikkasarja"},"modified":"2014-03-31T15:38:23","modified_gmt":"2014-03-31T15:38:23","slug":"mekaniikkasarja","status":"publish","type":"product","link":"https:\/\/silikotek.sapartners.site\/index.php\/tuote\/mekaniikkasarja\/","title":{"rendered":"Mekaniikkasarja"},"content":{"rendered":"<p>Sarjan sis\u00e4lt\u00f6:<br \/>&#8211; 1 liukuvajalkainen ulosvedin = U.32T6-20 ulkopuoliseen otteeseen (k\u00e4ytt\u00f6alue 20 &#8211; 200 mm) \/ sis\u00e4puoliseen otteeseen (k\u00e4ytt\u00f6alue 130 &#8211; 290 mm).<br \/>&#8211; 1 ulosvetolevy U.53T2 (k\u00e4ytt\u00f6alue 15 &#8211; 110 mm) ja vastatuki U.53K2.<br \/>&#8211; 4 laajentuvaa ulosvedint\u00e4 U.49P5 &#8211; U.49P8 (k\u00e4ytt\u00f6alue 18 &#8211; 50 mm).<br \/>-1 liukuvasasra U.306M ja v\u00e4likappale U.49BR1.<br \/>-1 hydraulinen nostin U.33A (teho 30 tonnia).<\/p>\n<p>Ale 15% kuvaston hinnasta.<\/p>\n","protected":false},"excerpt":{"rendered":"<p>Sarjan sis\u00e4lt\u00f6:&#8211; 1 liukuvajalkainen ulosvedin = U.32T6-20 ulkopuoliseen otteeseen (k\u00e4ytt\u00f6alue 20 &#8211; 200 mm) \/ sis\u00e4puoliseen otteeseen (k\u00e4ytt\u00f6alue 130 &#8211; 290 mm).&#8211; 1 ulosvetolevy U.53T2 (k\u00e4ytt\u00f6alue 15 &#8211; 110 mm) ja vastatuki U.53K2.&#8211; 4 laajentuvaa ulosvedint\u00e4 U.49P5 &#8211; U.49P8 (k\u00e4ytt\u00f6alue 18 &#8211; 50 mm).-1 liukuvasasra U.306M ja v\u00e4likappale U.49BR1.-1 hydraulinen nostin U.33A (teho 30 tonnia). [&hellip;]<\/p>\n","protected":false},"featured_media":5960,"template":"","meta":{"_et_pb_use_builder":"","_et_pb_old_content":"","_et_gb_content_width":""},"pwb-brand":[],"product_brand":[],"product_cat":[478],"product_tag":[],"class_list":{"0":"post-5961","1":"product","2":"type-product","3":"status-publish","4":"has-post-thumbnail","6":"product_cat-ulosvetajat","8":"first","9":"instock","10":"taxable","11":"shipping-taxable","12":"purchasable","13":"product-type-simple"},"brands":[],"_links":{"self":[{"href":"https:\/\/silikotek.sapartners.site\/index.php\/wp-json\/wp\/v2\/product\/5961","targetHints":{"allow":["GET"]}}],"collection":[{"href":"https:\/\/silikotek.sapartners.site\/index.php\/wp-json\/wp\/v2\/product"}],"about":[{"href":"https:\/\/silikotek.sapartners.site\/index.php\/wp-json\/wp\/v2\/types\/product"}],"wp:featuredmedia":[{"embeddable":true,"href":"https:\/\/silikotek.sapartners.site\/index.php\/wp-json\/wp\/v2\/media\/5960"}],"wp:attachment":[{"href":"https:\/\/silikotek.sapartners.site\/index.php\/wp-json\/wp\/v2\/media?parent=5961"}],"wp:term":[{"taxonomy":"pwb-brand","embeddable":true,"href":"https:\/\/silikotek.sapartners.site\/index.php\/wp-json\/wp\/v2\/pwb-brand?post=5961"},{"taxonomy":"product_brand","embeddable":true,"href":"https:\/\/silikotek.sapartners.site\/index.php\/wp-json\/wp\/v2\/product_brand?post=5961"},{"taxonomy":"product_cat","embeddable":true,"href":"https:\/\/silikotek.sapartners.site\/index.php\/wp-json\/wp\/v2\/product_cat?post=5961"},{"taxonomy":"product_tag","embeddable":true,"href":"https:\/\/silikotek.sapartners.site\/index.php\/wp-json\/wp\/v2\/product_tag?post=5961"}],"curies":[{"name":"wp","href":"https:\/\/api.w.org\/{rel}","templated":true}]}}