{"id":5885,"date":"2014-03-31T10:48:09","date_gmt":"2014-03-31T10:48:09","guid":{"rendered":"http:\/\/192.168.100.222\/target_carts\/wordpress\/wordpress495\/wordpress\/?product=wilcoflex-lyhyt-teraskasine"},"modified":"2014-03-31T15:39:26","modified_gmt":"2014-03-31T15:39:26","slug":"wilcoflex-lyhyt-teraskasine","status":"publish","type":"product","link":"https:\/\/silikotek.sapartners.site\/index.php\/tuote\/wilcoflex-lyhyt-teraskasine\/","title":{"rendered":"WilcoFlex-lyhyt, ter\u00e4sk\u00e4sine"},"content":{"rendered":"<p>Ruostumattomasta ter\u00e4ksest\u00e4 valmistettu verkkok\u00e4sine.<br \/>&#8211; K\u00e4sine suojaa k\u00e4ytt\u00e4j\u00e4\u00e4 erinomaisesti veitsen ter\u00e4lt\u00e4<br \/>&#8211; Metallisilmukoiden v\u00e4liss\u00e4 olevat jouset tekev\u00e4t k\u00e4sineest\u00e4 hyvin istuvan<br \/>&#8211; V\u00e4rikoodaus ilmaisee k\u00e4sineiden koot<br \/>&#8211; Lyhyt malli<br \/>&#8211; Pesunkest\u00e4v\u00e4<br \/>K\u00e4ytt\u00f6alue: Elintarviketeollisuuteen, esim. lihan leikkaukseen.<br \/>Vastaa EN 1082-1 \/ EN14328, kategoria 3 vaatimuksia.<\/p>\n<p>Til.nro\tKoko\tYks\tPakk<br \/>1726-90000\t7\tKPL\t1<br \/>1726-90018\t8\tKPL\t1<br \/>1726-90026\t9\tKPL\t1<br \/>1726-90034\t10\tKPL\t1<\/p>\n","protected":false},"excerpt":{"rendered":"<p>Ruostumattomasta ter\u00e4ksest\u00e4 valmistettu verkkok\u00e4sine.&#8211; K\u00e4sine suojaa k\u00e4ytt\u00e4j\u00e4\u00e4 erinomaisesti veitsen ter\u00e4lt\u00e4&#8211; Metallisilmukoiden v\u00e4liss\u00e4 olevat jouset tekev\u00e4t k\u00e4sineest\u00e4 hyvin istuvan&#8211; V\u00e4rikoodaus ilmaisee k\u00e4sineiden koot&#8211; Lyhyt malli&#8211; Pesunkest\u00e4v\u00e4K\u00e4ytt\u00f6alue: Elintarviketeollisuuteen, esim. lihan leikkaukseen.Vastaa EN 1082-1 \/ EN14328, kategoria 3 vaatimuksia. Til.nro Koko Yks Pakk1726-90000 7 KPL 11726-90018 8 KPL 11726-90026 9 KPL 11726-90034 10 KPL 1<\/p>\n","protected":false},"featured_media":5884,"template":"","meta":{"_et_pb_use_builder":"","_et_pb_old_content":"","_et_gb_content_width":""},"pwb-brand":[],"product_brand":[],"product_cat":[298],"product_tag":[],"class_list":{"0":"post-5885","1":"product","2":"type-product","3":"status-publish","4":"has-post-thumbnail","6":"product_cat-nahkakasineet","8":"first","9":"instock","10":"taxable","11":"shipping-taxable","12":"purchasable","13":"product-type-simple"},"brands":[],"_links":{"self":[{"href":"https:\/\/silikotek.sapartners.site\/index.php\/wp-json\/wp\/v2\/product\/5885","targetHints":{"allow":["GET"]}}],"collection":[{"href":"https:\/\/silikotek.sapartners.site\/index.php\/wp-json\/wp\/v2\/product"}],"about":[{"href":"https:\/\/silikotek.sapartners.site\/index.php\/wp-json\/wp\/v2\/types\/product"}],"wp:featuredmedia":[{"embeddable":true,"href":"https:\/\/silikotek.sapartners.site\/index.php\/wp-json\/wp\/v2\/media\/5884"}],"wp:attachment":[{"href":"https:\/\/silikotek.sapartners.site\/index.php\/wp-json\/wp\/v2\/media?parent=5885"}],"wp:term":[{"taxonomy":"pwb-brand","embeddable":true,"href":"https:\/\/silikotek.sapartners.site\/index.php\/wp-json\/wp\/v2\/pwb-brand?post=5885"},{"taxonomy":"product_brand","embeddable":true,"href":"https:\/\/silikotek.sapartners.site\/index.php\/wp-json\/wp\/v2\/product_brand?post=5885"},{"taxonomy":"product_cat","embeddable":true,"href":"https:\/\/silikotek.sapartners.site\/index.php\/wp-json\/wp\/v2\/product_cat?post=5885"},{"taxonomy":"product_tag","embeddable":true,"href":"https:\/\/silikotek.sapartners.site\/index.php\/wp-json\/wp\/v2\/product_tag?post=5885"}],"curies":[{"name":"wp","href":"https:\/\/api.w.org\/{rel}","templated":true}]}}