{"id":5841,"date":"2014-03-31T10:48:09","date_gmt":"2014-03-31T07:48:09","guid":{"rendered":"http:\/\/192.168.100.222\/target_carts\/wordpress\/wordpress495\/wordpress\/?product=viiltosuojakasine-guide-301"},"modified":"2018-08-15T09:50:01","modified_gmt":"2018-08-15T06:50:01","slug":"viiltosuojakasine-guide-301","status":"publish","type":"product","link":"https:\/\/silikotek.sapartners.site\/index.php\/tuote\/viiltosuojakasine-guide-301\/","title":{"rendered":"Viiltosuojak\u00e4sine Guide 301, 12 paria"},"content":{"rendered":"<p>Viiltosuojaluokka 4<br \/>\nViiltosuojak\u00e4sineen k\u00e4mmeness\u00e4 Bi-polymeeri pinnoite.<br \/>\n&#8211; Neulottu, saumaton muotoilu synteettist\u00e4 lankaa<br \/>\n&#8211; K\u00e4mmeness\u00e4 musta Bi-polymeeri, PU\/Nitriili, joka pit\u00e4\u00e4 hyvin my\u00f6s kosteita ja \u00f6ljyisi\u00e4 esineit\u00e4<br \/>\n&#8211; K\u00e4sine tuntuu miellytt\u00e4v\u00e4lt\u00e4 ja siin\u00e4 on erinomainen sormituntuma<br \/>\n&#8211; K\u00e4sine on silikonivapaa<br \/>\nK\u00e4ytt\u00f6alue: Ty\u00f6h\u00f6n, jossa on viiltohaavojen vaara.<br \/>\n<strong><em>Guide 301 &#8211; Saumaton k\u00e4sine bi-polymeeripinnoitteella<\/em><\/strong><\/p>\n","protected":false},"excerpt":{"rendered":"<p><img decoding=\"async\" src=\"data:image\/png;base64,iVBORw0KGgoAAAANSUhEUgAAAOoAAABjCAIAAAAaSQsJAAAVwElEQVR4nO2deVAT59\/Ag9MxtTJjawFrRXpgHTWgMooQxoPxGgerVSQFiohWqrVTpsbaQ0TCWIvtTLF01N9Y8OiI1dKEcETFKgSsLQEkVYFQAQ8ObQUPkCBBstl9\/3jGZ57uZo9sgrxpn89fYbO7332yH5797nPsSigMxm2RDPUBYDDiwfpi3BisL8aNwfpi3BisL8aNwfpi3BisL8aNwfpi3BiX6Zubm6tQKPz9\/SUSSW1tLe\/6FoslNzdXLpd7e3tLJFyHIZFIPDw8JCywfcVcji7Ztm2buGKSJPnUtoLboptbrdb29vbS0tJz585p\/snZs2dLS0vb29sJgnDtMfBGV6vVOp1Or9cPanQmLtC3ubkZWAvJzc21uyYsg9FoBNZCq7gOUSIpKioyPaG+vh58aGhooC1h\/gk+19fXoytHREQkJyez\/aAcPzT6Fe0zbavBOFsWi8VgMABd8vLy1Gq1Wq0G6mgYGAwGi8XCXQSXREcNht+6PDobzuqblZUllUo9PDxg3ebh4aFSqdjWt1gs69evp9WFHh4eXIcokZhMJtpCXmM4\/oyJiUlNTeXdod1t4Wfwwe4mzPWdrH0pijKZTFCUvLy8ysrK9vb27u5us9l89uxZ9CtUKebvJu4AuKMDcWmhXRWdG6f0TU1NRWtQHx8flUqlUqnKy8vZzmtQUBBqbVBQENiE6xDt6csNMzq6JDY2NiUlRWAty71wMKAFslgsxcXFQAidTtfe3k5bBwjEtAdw5swZWBEKLAK6GogOds4WHXxr9yIgIrpDiNe3ubkZFRFVkO1As7OzYT0tlUqzs7MFHaJEYjKZ2C7cHLCtFh8fj+a+g3Tdd3I\/YHOz2azVaoEKNTU1VquVuSZa+zKr4by8PK1W29vbK+IYenp6QHS1Ws0dne2fx5noQhCv7+uvvw7r3bKyMorvhHV0dDz77LNAdx8fn46ODqGHKJHU19dzr7NgwQJPT09PT8+XXnrp2rVrtG9pBxYbG7tjxw7wuaenp+MJf\/\/9d0dHB\/itu7q6Hjx4ALft7++\/f\/++wAN2FX19fVqtFhjQ2trK9vPCuyhm\/Qet0mq1dpNRDiwWi1arVavV+fn5HNGBvnbzYGeiC0SkvhkZGTB5BfUuRx0GPisUClhbFxYWsq1s5xCR5IGtDg4LC1u9evXmzZs9PT2bm5u59xwdHQ30JUkyNTV13Lhxr7zyip+f3\/jx4\/38\/LKysiiKUiqVoaGhwGCKon7++edly5bR9mOz2bZv3z5nzpz4+Pi6ujqwkCCIbdu2zZkzZ8OGDbdu3QILu7u7165dK5fLk5OTBwYGOAqLHjbMGcxms90VALT6j3Y\/B5cXFxfzxkWB0X\/\/\/Xfu6HbTBiejC0SkvjKZDIjo7e0tcBMfHx+wCdMDbqC+zNsg+HnWrFlHjhwpKysbOXJkY2MjujnT4NWrV8Pk4cMPP9y0aRMzaEJCgkQi+fzzz8Gfhw4dCg0Npe0zJSVl4cKFBoMhMzMzICCgv7+foqhdu3atXLnSaDQqlcpFixaB9RUKRUpKitFojIyMTE9PF1JqeLfU2trKvSbMPnkRcgvBvFPUaDRVVVUc0YWEFhjdUUTqK5VK0aqXF4vFwtusxoaQW7fQ0NAjR47o9XpPT0+avkzi4uJSUlLA56SkJDZ9Q0NDX3zxRZAXHTx4UC6X09b56aefmpqaKIrq7u6eMmXKnTt3SJJUKpV79+4lSbKqqgpusnjxYlCHHTx48L333uMtssViATUos+ZjwiEQWi8CxYVcxEF0uBXYSVVVld1LGbP52cnoDiFSX+givGhyJwB1dXUSFoTEsqvvqVOnVCrVF198kZ6e7ufnl52dDfRtbm6m1dO0Y4uOjoYNZ0lJSXK5PC0tbefOnbt27dqzZw+4UicmJm7ZsmXr1q0zZszo7+8\/dOhQSEiI3cM7duxYSEhIeno6iNLa2vrGG28sW7bM39\/\/1KlTYJ1z58699tprb7311qRJk+DhcVBRUaFWq7Varc1mYx4\/De76j3Zlr6ys5A5NUVRlZSW6CWxYqK6ufgrRHUK8vrzdDSgZGRlMcQXugU3f6OhoX1\/fyMjIFStWKBSK0tJSvV4vlUozMzM1Gk1ubm5BQQG4+dBoNPn5+eBDV1dXXFzc9u3bwU6SkpJmzZq16wkZGRkg3127du0nn3zS3d09efLktLQ0kDzYbfTNz89PS0sLCwtraWkhSTI5OXndunU6nW7btm1Llizp6el59OhRTExMcnLyyZMno6OjYWg2CIIAJ5vW3sKG8Ms3ENFurxgzul0X0SwCHJtrozuKs7Uvep\/EAax9mX25QmLZ1TcqKmr58uXoEr1eP2zYsIkTJ06dOnXatGkymSwgIGDatGkBAQEBAQFgYV1d3erVq0FSS5IkR\/Lw2WefkSRZWFg4evRocCdHW+fu3bsg36UoavPmzfv27bt79+6ECRMePXoEFs6dO\/fixYtGo3HGjBlgSU9Pz6RJkzo7OznK297eDs63wEstm0BsCTFou2Xj1q1btA1pNSgtD3ZtdEdxVt89e\/YIqSE6OjrgJnFxcSoEIbHs6hsbGwvvAsExgOThzz\/\/tFqtVqt1YGBgYGAAfiYIwmq1kiRJSx6Y+pIkuX79+o8\/\/hh8jo+Pf+6555j6vv3223v37qUoiiCI2NjYEydO9Pb2Tp06FbTc9fb2BgQE1NbWmkymwMDAnp4eiqLq6+snT5587949jvKWlpZqNJri4mKBPXbC6z8gol6v59ibXq9nyoc2a+Tl5aEGuza6ozjb8jB9+nSBm8C7PaVSCRcKUV+IvgCQPKSmpv7vCfv37\/\/fP3nw4EFMTMyOHTtA6KSkpMDAwHfffTcxMXHjxo2JiYmHDx+mKArqS1HUzZs3x44di966gW1\/\/fVXX1\/f+Pj45cuXz58\/v6uri6KoI0eOTJkyZd26dcHBwWvWrBkYGLDZbB999FFoaOj69ev9\/f2\/\/fZb7vLqdDqNRnP58mXeXwYgXCCATqfjjm63F42tDrYbnaMpjTu6o4hv94W1Keg84xVRLpfD\/IG3afYfh8iir0KhoCUPZWVlw4YNmzlz5jx7hIeHh4eHNzc3x8XFwYaz6urqo0eP5uTkHH3ChQsXKIo6f\/48KpDRaIT3YSh37949ceJESUnJ48eP4cLa2tqjR49WVlaiufKFCxdycnIaGhp4iwxOM2jTcEnuy2wB4I6OdjrAz8xkoLi42Gaz\/fLLLy6M7igi9bVYLHDImMAM+I8\/\/oC5b1BQEPqV8G4LlJiYGFrtW1paKqTh7J133uG+fxLRQS1iZTbAme7u7ha4W0drX1592TIHJsXFxcXFxWxDdkREdxTxncZGoxG9FePNYkFCCY339\/cXeNs3fPjw8+fPM09hTEzMggULrl692tDQ0NjY2NjYePToUVqvG2Xv3AcHB+\/atUtIaIG4djAKTV\/uIRkEQRQVFfGqQ1uBN7rmSZqr4cwEBCI8uqM4NeIM1dHDw8PLy+ubb76pq6ujNW3CzxaLxcfHBxovlUqVSmV9fT23x3PnzgXXetqYxg0bNnh7e48fP378+PG+vr6+vr4vv\/yyn5\/f9evXOfZ2584dX1\/fM2fOsK0gxMVBHX0GzvHDhw+FRKyqqoI9C0zV2OpF3ug0ccUZLCK6o4jUF\/6aqMHQ4ylTprBt2NzcDMb6oMhkMo5YycnJEydOZJ6\/+\/fv37x5s7W1taWl5ebNmzdu3Ghra2trawMDo9jO94kTJ3x8fNA2qYaGhrlz59IadL7++mt4i1lWVhYVFbVgwYLvv\/8e7Lmnp2f37t1vvvnmypUrL168yHHwIgDnmKPRFy6vqqqyawyqIJQbNZI3upPiio7uKK6ZbUEzUqFQoCswTwOUHtTEUVFRHPtvbGwcPXr06dOnwa50Op1cLg8ODg4JCQkLCwsJCQkODpbL5WFhYehCmB7QrgNyufyDDz6AS3p7eyMiIsaNG4deAUpLS2fOnLlgwQLwZ0VFBfgnCQwMLC8vpyiqs7Pz8OHDfX19BQUFEydOfPz4sQvrYzBWhtZBxdw\/dFdg0glF5B49c+bMGVQ+ce6Kju4ozta+kNzc3KioKDAuR0gevH\/\/fqVS6eXlxbv+wMBAZGRkTEwM6LA5fPiw3e4P+P8Avlq7di1zVxcvXhw+fLjBYIBL0tLSvvrqq+nTp0N9Hz16FBER8cMPP0B9qSd5y4oVK2gj8QcGBgIDA69evcpdXocAc3KKioo41gHuojN2mNUk2xh2tPh2o7vEWnHRHcXFM43v3LlTV1fHNpaXKb3FYuFYH1JTUzNixIjS0lKKolpbW3\/88cdjx44dP3782LFjP7LA7F63Wq3z5s2LjIwEAwkoijKZTAkJCX19fQEBAaCvgSCIrVu35uTkVFRUQH37+voOHDgQHx8fGxuLNpCRJHn9+vVp06YxBzQ6w7179zQaTV5eHttuq6qqHLrZpw2h5O40uX\/\/PtsexOFQdEcRry\/35ZJtuo64iyzo1po3b97AwADvHuyOTKAoSq1WS6VSOO7k4cOHS5cuNRqNXV1dMpnsypUrBEEYDIYNGzZ0d3eXlJSEh4eDFLm\/v\/\/06dN79uwJDw+vrq6GuyUIYs2aNd99953ocrEB5jiAiopWHDTfFWIVemOn0Wi0Wq3A6C5BRHSHEK9vZ2dnbm6uSqUCAyDtnj+71SpYE2xrNBqFxCJJ0mg0jho16sCBAw4dJFStt7c3MDAQzShKS0vDwsKWLVsWERHh6em5ZMmSlpaW999\/f\/HixUuXLp09e\/bYsWPhpAxAYWHhqlWrqCfupqenx8XF9fX1OXRIQo4ZDrcFXc3ovRpHjcvRXgsdEjLoljbYV7S44qI7hEh9Ozs7n3\/++YyMjPr6en9\/f7vJK21IA+q3SqWaN29eRUWFt7e3QIMpivryyy+9vLxaWlq4V2P+IxEEsWXLFj8\/P7R5wWq19vX19fX1mc1mmUxWV1dns9n6+\/stFktfX59er58\/fz5IFTo6OsCQid27d2\/cuJEkSZvNtnPnzri4OCFTJ0RgtVpBFYje6PDeqzGbHWjfarVaIQO+bDYbrQIWkqW4KrpDiNRXqVSCdiWSJDs6OsDkn+bmZrlcLpPJFAoF6Jbz8vJizjyjKKqgoABUzAqFIiMjQ2BQs9kcFBS0cOFCUCcBOK7a8KvCwkKpVHr8+HF0OfyWIIjAwEB46wbu0mDuC0agz5kzZ\/78+QqFAsz\/yc7OfuaZZ4KCgmbPnj179uzz588LLIJwbt++DU48GF2A5gx25UCX0yYOQW7fvi0w+l9\/\/YXuinv8g8ujC0f8kB3mFLd9+\/YBj\/39\/evq6jZt2rRp0yaOedLNzc1SqZR3WCC64bVr18aMGZOYmMjcyq7HJEleunRp7Nixn376KUfyDefQookmvMOz2WwEQRAEQT4BLLHZbFarFSznLoI4oLLl5eUaRh6JwmYMit3B5rzRhTRoDEZ0gYjUNyoqSqVSgdMGWg8oirp27ZpcLpfL5VKptL6+njkeEj3NBQUFo0aNEthvjG5+9uzZkSNHogZzNO9fuXLl1VdfTUhIgGNwXYIzt6HCIQgCtAHDm3e7MtGsstuUVlxc7OiF22azwdmaGr6WYJdHF4hIfY1Go5eXV39\/P0mSWVlZYAiOTCYDc7P8\/f1ra2tTU1PT0tLsnuPCwsIJEyaInvlUU1Pj7e29atUqdC47xfApJydn3LhxiYmJzG4FtqqaLeJgm8oWDnUI+sGdiTItB\/YILAK6ms1mO336NE1QeBGwW9c6Gd1RxLc8qFQqqVQ6YcKEoKAgkMju3r3b29s7NDQ0KCgoNzcXtBWUl5fX1dXJZDK0AP7+\/t7e3jKZTCaT7d+\/X0T06urqSZMmBQYGwmGN6P57e3t37Njh6empVCrRlloUDoPZKlch\/wODQU1NDVt+SavqmErV1NSIO2Y4wqSmpoYj4iBFF4hrui1og2mEN82KCAQ\/t7S0LFq06IUXXsjMzEQTid9++23hwoWenp45OTnc1ywn6+CnoC8M0dXVBYax24V2ZQca6XQ6+JwKtguUwAN48ODBkETnxb2f79vf35+VlTVmzJiAgIDMzEy9Xp+QkDBixIiVK1dyjzujXPRT0v5vB5u2tjY0H6XVf+i4AtdOKQPcunWLlsk8zeh2cW99AdevX1cqlWPGjJFIJHK5PCcnZ5AeSfT\/BIvF0t7ebjKZzv4Tk8nU3t4+2GUH0Q0Gw5BEp\/Fv0BfznwXri3FjsL4YNwbri3FjsL4YNwbri3FjsL4YNwbri3FjsL4YNwbri3FjsL4YNwbri3FjsL4YNwbrK4jW1lbw3GaBD+zgmI8AV8jLy9PpdLzvvcJwgPXlp7W1VcM5U1KIyjTQKTfYYNFgffkR\/dSZS5culZSUcDgNBn27\/Nkz\/x2wvvzQalCBT1+EL3G4cOFCWVkZ9\/\/A0BbQfcH68sOsOIU8dQY8EMlqtYKXYhAE0dTUdPLkSbsTG4e6iO4K1pcfZtYrRF+bzUaSZFNTE\/pgL\/DwU+ZOhrB0bg3Wlx\/hykLgU2x1Oh2c7UwQBEghmO0SQ1c49wbry49wayFgjvi9e\/fQpzHD12VqGM0RQ1c49wbry4+j7sLHQpaUlKCPmAZPrLGbOg9RydwerC8\/QpRF8wHwlIP+\/v6SkhK4E7PZzPEou6ErnHuD9eVHiLiwNQ024hoMBvRpHRUVFXBNZuPDEJXM7cH68sMmrt0nzVy5coWiKIIg0JfIWiwW7ua2oSuce4P15Ye36kVVBo+ZaWpqamhogM+PMplMbI90dvmrzv5TYH354dCXVqHq9XqwSVFREbO9jIOhK5x7g\/Xlh9s86LFarQbtZV1dXWh7Ge1NJ3Z7QIaucO4N1pcfIfpqkEEOKGxVLy0VfvqF+neA9eVHoL5NTU3MbSsqKoRs+\/QL9e8A68sPh3borRvzUdhoWy\/WdzDA+vLD5hzaDQGTXfRp1SUlJeBdD7wSD1HJ3B6sLz9Cqk\/muzVv3LgBxBUyTWNIyvUvAOvLD7d5eXl5586do\/75ooCenh4h0mN9nQTryw+vfG1tbej6BEHk5+ejb5LC+g4SWF9+uM07efIkXBO8qhu+v0TgvAysr2iwvvxwmwcnU5AkaTab0fdgCmdoC+i+YH350bC8kBUA28tu3Ljh0JxkPNvCebC+\/NC0Q\/MBg8HQ3d19+fJljrf2sYF73ZwH68sP26hcZ14WCQdC4DEPzoD15UfzZESOoy+R5aChoUGDh6s7DdaXHw1nGwJtCpBDE5Jx8uAkWF9+aN1mHL1ojroL\/yuGuojuCtaXH\/BsSQ5BQc+wQ+Ki2B1piREC1pcfs9ks+il9vGi1WnQyPcYhsL6CMJvNBoMBdqe5hOLiYoPBgN11Bqwvxo3B+mLcGKwvxo3B+mLcGKwvxo3B+mLcGKwvxo3B+mLcGKwvxo3B+mLcGKwvxo35P3\/IOtMYOz\/mAAAAAElFTkSuQmCC\" alt=\"\" \/><\/p>\n","protected":false},"featured_media":5840,"template":"","meta":{"_et_pb_use_builder":"","_et_pb_old_content":"","_et_gb_content_width":""},"pwb-brand":[],"product_brand":[],"product_cat":[304],"product_tag":[],"class_list":{"0":"post-5841","1":"product","2":"type-product","3":"status-publish","4":"has-post-thumbnail","6":"product_cat-viiltosuojakasineet","7":"pa_hanskakoko-955","8":"pa_hanskakoko-956","9":"pa_hanskakoko-950","10":"pa_hanskakoko-952","11":"pa_hanskakoko-953","12":"pa_hanskakoko-954","14":"first","15":"instock","16":"taxable","17":"shipping-taxable","18":"purchasable","19":"product-type-variable"},"brands":[],"_links":{"self":[{"href":"https:\/\/silikotek.sapartners.site\/index.php\/wp-json\/wp\/v2\/product\/5841","targetHints":{"allow":["GET"]}}],"collection":[{"href":"https:\/\/silikotek.sapartners.site\/index.php\/wp-json\/wp\/v2\/product"}],"about":[{"href":"https:\/\/silikotek.sapartners.site\/index.php\/wp-json\/wp\/v2\/types\/product"}],"wp:featuredmedia":[{"embeddable":true,"href":"https:\/\/silikotek.sapartners.site\/index.php\/wp-json\/wp\/v2\/media\/5840"}],"wp:attachment":[{"href":"https:\/\/silikotek.sapartners.site\/index.php\/wp-json\/wp\/v2\/media?parent=5841"}],"wp:term":[{"taxonomy":"pwb-brand","embeddable":true,"href":"https:\/\/silikotek.sapartners.site\/index.php\/wp-json\/wp\/v2\/pwb-brand?post=5841"},{"taxonomy":"product_brand","embeddable":true,"href":"https:\/\/silikotek.sapartners.site\/index.php\/wp-json\/wp\/v2\/product_brand?post=5841"},{"taxonomy":"product_cat","embeddable":true,"href":"https:\/\/silikotek.sapartners.site\/index.php\/wp-json\/wp\/v2\/product_cat?post=5841"},{"taxonomy":"product_tag","embeddable":true,"href":"https:\/\/silikotek.sapartners.site\/index.php\/wp-json\/wp\/v2\/product_tag?post=5841"}],"curies":[{"name":"wp","href":"https:\/\/api.w.org\/{rel}","templated":true}]}}