{"id":5033,"date":"2014-03-31T10:48:09","date_gmt":"2014-03-31T10:48:09","guid":{"rendered":"http:\/\/192.168.100.222\/target_carts\/wordpress\/wordpress495\/wordpress\/?product=ulosvetajat-sarja-8-osaa"},"modified":"2023-01-04T23:26:00","modified_gmt":"2023-01-04T21:26:00","slug":"ulosvetajat-sarja-8-osaa","status":"publish","type":"product","link":"https:\/\/silikotek.sapartners.site\/index.php\/tuote\/ulosvetajat-sarja-8-osaa\/","title":{"rendered":"Kstools Ulosvet\u00e4j\u00e4t 8-osainen sarja 700.1320"},"content":{"rendered":"<table class=\"product--properties-table\">\n<tbody>\n<tr class=\"product--properties-item\">\n<td class=\"product--properties-label\">K\u00e4ytt\u00f6alue, yleinen:<\/td>\n<td><span class=\"product--properties-value\">universal<\/span><\/td>\n<\/tr>\n<tr class=\"product--properties-item\">\n<td class=\"product--properties-label\">Pikas\u00e4\u00e4t\u00f6:<\/td>\n<td><span class=\"product--properties-value\">Ei<\/span><\/td>\n<\/tr>\n<tr class=\"product--properties-item\">\n<td class=\"product--properties-label\">Enimm\u00e4ispuristusvoima Nm:<\/td>\n<td><span class=\"product--properties-value\">80<\/span><\/td>\n<\/tr>\n<tr class=\"product--properties-item\">\n<td class=\"product--properties-label\">Enimm\u00e4ispuristusvoima t:<\/td>\n<td><span class=\"product--properties-value\">4,5<\/span><\/td>\n<\/tr>\n<tr class=\"product--properties-item\">\n<td class=\"product--properties-label\">Ulosvetokoukkujen m\u00e4\u00e4r\u00e4:<\/td>\n<td><span class=\"product--properties-value\">Sis. 2 tai 3 vetokoukkua<\/span><\/td>\n<\/tr>\n<tr class=\"product--properties-item\">\n<td class=\"product--properties-label\">Karan koko, mm:<\/td>\n<td><span class=\"product--properties-value\">M14x1,5&#215;150<\/span><\/td>\n<\/tr>\n<tr class=\"product--properties-item\">\n<td class=\"product--properties-label\">Pakkauksen sis\u00e4lt\u00f6:<\/td>\n<td><span class=\"product--properties-value\">1<\/span><\/td>\n<\/tr>\n<tr class=\"product--properties-item\">\n<td class=\"product--properties-label\">Osia sarjassa:<\/td>\n<td><span class=\"product--properties-value\">8<\/span><\/td>\n<\/tr>\n<tr class=\"product--properties-item\">\n<td class=\"product--properties-label\">Kuusikantav\u00e4\u00e4nti\u00f6, mm:<\/td>\n<td><span class=\"product--properties-value\">17<\/span><\/td>\n<\/tr>\n<tr class=\"product--properties-item\">\n<td class=\"product--properties-label\">J\u00e4nnev\u00e4li A (mm):<\/td>\n<td><span class=\"product--properties-value\">120<\/span><\/td>\n<\/tr>\n<tr class=\"product--properties-item\">\n<td class=\"product--properties-label\">Kiristyssyvyys B:<\/td>\n<td><span class=\"product--properties-value\">260<\/span><\/td>\n<\/tr>\n<tr class=\"product--properties-item\">\n<td class=\"product--properties-label\">Toimintoattribuutti 1:<\/td>\n<td><span class=\"product--properties-value\">Vaihdettava, sis\u00e4- ja ulkovedin<\/span><\/td>\n<\/tr>\n<tr class=\"product--properties-item\">\n<td class=\"product--properties-label\">Paino g:<\/td>\n<td><span class=\"product--properties-value\">3540<\/span><\/td>\n<\/tr>\n<tr class=\"product--properties-item\">\n<td class=\"product--properties-label\">Materiaali1:<\/td>\n<td><span class=\"product--properties-value\">Erikoisty\u00f6kaluter\u00e4st\u00e4<\/span><\/td>\n<\/tr>\n<\/tbody>\n<\/table>\n<p>&nbsp;<\/p>\n","protected":false},"excerpt":{"rendered":"<ul>\n<li class=\"liste\">koukku vedet\u00e4\u00e4n pois sis\u00e4- ja ulkovetimen\u00e4<\/li>\n<li class=\"liste\">kaksihaarainen tanko 1, 2 tai 3 koukulle<\/li>\n<li class=\"liste\">eri koukkuvaihtoehtoja ja hydrauliikkatappi j\u00e4lkiasennettuna<\/li>\n<li class=\"liste\">eritt\u00e4in vankka tappi, jossa on induktiivisesti kovetetut kierteet<\/li>\n<li class=\"liste\">erikoisty\u00f6kaluter\u00e4st\u00e4<\/li>\n<\/ul>\n<p><b>K\u00e4ytt\u00f6kohteet:<\/b> hammaspy\u00f6r\u00e4t, laakerit, pienet hammaspy\u00f6r\u00e4t, synkronointinavat<\/p>\n","protected":false},"featured_media":23986,"template":"","meta":{"_et_pb_use_builder":"","_et_pb_old_content":"","_et_gb_content_width":""},"pwb-brand":[1454],"product_brand":[],"product_cat":[478],"product_tag":[],"class_list":{"0":"post-5033","1":"product","2":"type-product","3":"status-publish","4":"has-post-thumbnail","6":"pwb-brand-kstools","7":"product_cat-ulosvetajat","9":"first","10":"instock","11":"taxable","12":"shipping-taxable","13":"purchasable","14":"product-type-simple"},"brands":[{"id":1454,"name":"Kstools","slug":"kstools"}],"_links":{"self":[{"href":"https:\/\/silikotek.sapartners.site\/index.php\/wp-json\/wp\/v2\/product\/5033","targetHints":{"allow":["GET"]}}],"collection":[{"href":"https:\/\/silikotek.sapartners.site\/index.php\/wp-json\/wp\/v2\/product"}],"about":[{"href":"https:\/\/silikotek.sapartners.site\/index.php\/wp-json\/wp\/v2\/types\/product"}],"wp:featuredmedia":[{"embeddable":true,"href":"https:\/\/silikotek.sapartners.site\/index.php\/wp-json\/wp\/v2\/media\/23986"}],"wp:attachment":[{"href":"https:\/\/silikotek.sapartners.site\/index.php\/wp-json\/wp\/v2\/media?parent=5033"}],"wp:term":[{"taxonomy":"pwb-brand","embeddable":true,"href":"https:\/\/silikotek.sapartners.site\/index.php\/wp-json\/wp\/v2\/pwb-brand?post=5033"},{"taxonomy":"product_brand","embeddable":true,"href":"https:\/\/silikotek.sapartners.site\/index.php\/wp-json\/wp\/v2\/product_brand?post=5033"},{"taxonomy":"product_cat","embeddable":true,"href":"https:\/\/silikotek.sapartners.site\/index.php\/wp-json\/wp\/v2\/product_cat?post=5033"},{"taxonomy":"product_tag","embeddable":true,"href":"https:\/\/silikotek.sapartners.site\/index.php\/wp-json\/wp\/v2\/product_tag?post=5033"}],"curies":[{"name":"wp","href":"https:\/\/api.w.org\/{rel}","templated":true}]}}