{"id":5027,"date":"2014-03-31T10:48:09","date_gmt":"2014-03-31T10:48:09","guid":{"rendered":"http:\/\/192.168.100.222\/target_carts\/wordpress\/wordpress495\/wordpress\/?product=pyorosaha-cs-60"},"modified":"2014-05-12T20:43:52","modified_gmt":"2014-05-12T20:43:52","slug":"pyorosaha-cs-60","status":"publish","type":"product","link":"https:\/\/silikotek.sapartners.site\/index.php\/tuote\/pyorosaha-cs-60\/","title":{"rendered":"Py\u00f6r\u00f6saha CS 60"},"content":{"rendered":"<p>Tehokas 1600 W:n py\u00f6r\u00f6saha joka tarjoaa 5800 r\/min vaativien materiaalejen nopeaa leikkuuta varten.<br \/>Ammattimainen, painevalettu alumiininen pohjalevy. <br \/>Erinomainen purunpoisto &#8211; poisp\u00e4in k\u00e4ytt\u00e4j\u00e4st\u00e4. 4 m kaapeli. <br \/>Ergonominen Softgrip. <br \/>Helppo p\u00e4\u00e4sy hiiliin nopeuttaa huoltoa ja lis\u00e4\u00e4 tuottavuutta. <br \/>Tarkkaa sahauta suuntaisohjaimella.<br \/>Suuri ergonominen kahva antaa parhaan tuen ja kontrollin.<br \/>Pitk\u00e4 suuntaisohjain.<br \/>Karanlukitus nopeaa ter\u00e4nvaihtoa varten. <br \/>Sahanter\u00e4 184\/30\/24T mm. Jiirikapasiteetti 0-56\u00b0. <br \/>Maks. leikkuusyvyys 61 mm. <br \/>Paino 4,8 kg.<br \/>4 m kaapeli, 24-hampainen kovametalliter\u00e4<br \/>(184X30X24T), suuntaisohjain, avain ja laukku<\/p>\n","protected":false},"excerpt":{"rendered":"<p>Py\u00f6r\u00f6saha CS 60<\/p>\n","protected":false},"featured_media":5026,"template":"","meta":{"_et_pb_use_builder":"","_et_pb_old_content":"","_et_gb_content_width":""},"pwb-brand":[],"product_brand":[],"product_cat":[380],"product_tag":[],"class_list":{"0":"post-5027","1":"product","2":"type-product","3":"status-publish","4":"has-post-thumbnail","6":"product_cat-pyorosahat","8":"first","9":"instock","10":"sale","11":"taxable","12":"shipping-taxable","13":"purchasable","14":"product-type-simple"},"brands":[],"_links":{"self":[{"href":"https:\/\/silikotek.sapartners.site\/index.php\/wp-json\/wp\/v2\/product\/5027","targetHints":{"allow":["GET"]}}],"collection":[{"href":"https:\/\/silikotek.sapartners.site\/index.php\/wp-json\/wp\/v2\/product"}],"about":[{"href":"https:\/\/silikotek.sapartners.site\/index.php\/wp-json\/wp\/v2\/types\/product"}],"wp:featuredmedia":[{"embeddable":true,"href":"https:\/\/silikotek.sapartners.site\/index.php\/wp-json\/wp\/v2\/media\/5026"}],"wp:attachment":[{"href":"https:\/\/silikotek.sapartners.site\/index.php\/wp-json\/wp\/v2\/media?parent=5027"}],"wp:term":[{"taxonomy":"pwb-brand","embeddable":true,"href":"https:\/\/silikotek.sapartners.site\/index.php\/wp-json\/wp\/v2\/pwb-brand?post=5027"},{"taxonomy":"product_brand","embeddable":true,"href":"https:\/\/silikotek.sapartners.site\/index.php\/wp-json\/wp\/v2\/product_brand?post=5027"},{"taxonomy":"product_cat","embeddable":true,"href":"https:\/\/silikotek.sapartners.site\/index.php\/wp-json\/wp\/v2\/product_cat?post=5027"},{"taxonomy":"product_tag","embeddable":true,"href":"https:\/\/silikotek.sapartners.site\/index.php\/wp-json\/wp\/v2\/product_tag?post=5027"}],"curies":[{"name":"wp","href":"https:\/\/api.w.org\/{rel}","templated":true}]}}