{"id":5025,"date":"2014-03-31T10:48:09","date_gmt":"2014-03-31T10:48:09","guid":{"rendered":"http:\/\/192.168.100.222\/target_carts\/wordpress\/wordpress495\/wordpress\/?product=suorahiomakone-dgl-30-e"},"modified":"2014-05-12T12:42:06","modified_gmt":"2014-05-12T12:42:06","slug":"suorahiomakone-dgl-30-e","status":"publish","type":"product","link":"https:\/\/silikotek.sapartners.site\/index.php\/tuote\/suorahiomakone-dgl-30-e\/","title":{"rendered":"Suorahiomakone DGL 30 E"},"content":{"rendered":"<p>600 W:n karalaikkahiomakone kierrosluvuns\u00e4\u00e4d\u00f6ll\u00e4. Pitk\u00e4 etuosa sallii p\u00e4\u00e4syn ahtaisiin paikkoihin. Tarkkuusvaihteisto metallipes\u00e4n ja karan kaksinkertainen laakerointi. QUIK-LOK nopeaan kaapelinvaihtoon.Kiristysholkin \u00d8 6 mm. Tyhj\u00e4k\u00e4yntikierrosluku 10 000-30 000 r\/min. Maks. karalaikan \u00d8 20 mm. Paino 1,9 kg. 4 m kaapeli, avain SW 17 \/ SW 15 ,6 mm kiristysholkki<\/p>\n","protected":false},"excerpt":{"rendered":"<p>Suorahiomakone DGL 30 E<\/p>\n","protected":false},"featured_media":5024,"template":"","meta":{"_et_pb_use_builder":"","_et_pb_old_content":"","_et_gb_content_width":""},"pwb-brand":[],"product_brand":[],"product_cat":[809],"product_tag":[],"class_list":{"0":"post-5025","1":"product","2":"type-product","3":"status-publish","4":"has-post-thumbnail","6":"product_cat-suorahiomakoneet","8":"first","9":"instock","10":"sale","11":"taxable","12":"shipping-taxable","13":"purchasable","14":"product-type-simple"},"brands":[],"_links":{"self":[{"href":"https:\/\/silikotek.sapartners.site\/index.php\/wp-json\/wp\/v2\/product\/5025","targetHints":{"allow":["GET"]}}],"collection":[{"href":"https:\/\/silikotek.sapartners.site\/index.php\/wp-json\/wp\/v2\/product"}],"about":[{"href":"https:\/\/silikotek.sapartners.site\/index.php\/wp-json\/wp\/v2\/types\/product"}],"wp:featuredmedia":[{"embeddable":true,"href":"https:\/\/silikotek.sapartners.site\/index.php\/wp-json\/wp\/v2\/media\/5024"}],"wp:attachment":[{"href":"https:\/\/silikotek.sapartners.site\/index.php\/wp-json\/wp\/v2\/media?parent=5025"}],"wp:term":[{"taxonomy":"pwb-brand","embeddable":true,"href":"https:\/\/silikotek.sapartners.site\/index.php\/wp-json\/wp\/v2\/pwb-brand?post=5025"},{"taxonomy":"product_brand","embeddable":true,"href":"https:\/\/silikotek.sapartners.site\/index.php\/wp-json\/wp\/v2\/product_brand?post=5025"},{"taxonomy":"product_cat","embeddable":true,"href":"https:\/\/silikotek.sapartners.site\/index.php\/wp-json\/wp\/v2\/product_cat?post=5025"},{"taxonomy":"product_tag","embeddable":true,"href":"https:\/\/silikotek.sapartners.site\/index.php\/wp-json\/wp\/v2\/product_tag?post=5025"}],"curies":[{"name":"wp","href":"https:\/\/api.w.org\/{rel}","templated":true}]}}