{"id":5013,"date":"2014-03-31T10:48:09","date_gmt":"2014-03-31T10:48:09","guid":{"rendered":"http:\/\/192.168.100.222\/target_carts\/wordpress\/wordpress495\/wordpress\/?product=metallipyorosaha-hd28-ms"},"modified":"2018-05-07T14:57:41","modified_gmt":"2018-05-07T11:57:41","slug":"metallipyorosaha-hd28-ms","status":"publish","type":"product","link":"https:\/\/silikotek.sapartners.site\/index.php\/tuote\/metallipyorosaha-hd28-ms\/","title":{"rendered":"Metallipy\u00f6r\u00f6saha HD28 MS"},"content":{"rendered":"<p>M28 metallisaha kuivaleikkuuta varten.<\/p>\n<p>Milwaukeen patentoima DPM elektroniikka tarjoaa vallankumouksellista kest\u00e4vyytt\u00e4 &#8211; suojaa sek\u00e4 akkua ett\u00e4 ty\u00f6kalua ylikuormitukselta ja ylikuumenemiselta.<\/p>\n<p>Nopeata, puhdasta ja tarkkaa metallin leikkuuta ilman voiteluaineita.<\/p>\n<p>Leikkaa ter\u00e4st\u00e4, alumiinia ja eriste vaahtopanelia.<\/p>\n<p>LED-valot antavat paremman leikkauslinjan n\u00e4kyvyyden ja ter\u00e4n aloituskohdan.<\/p>\n<p>Elektroninen moottorijarru, vaihteensuojakytkin, karanlukitus ja Softgrip.<\/p>\n<p>Ylikuumenemissuoja.<\/p>\n<p>Tyhj\u00e4k\u00e4yntikierrosluku 3200 r\/min.<\/p>\n<p>Sahanter\u00e4 \u00d8 174 mm.<\/p>\n<p>Maks. katkaisusyvyys 61 mm.<\/p>\n<p>Softgrip. 2 X 3,0 Ah Li-Ion akku.<\/p>\n<p>Akun virtamittari.<\/p>\n<p>Paino akulla 4,2 kg.<\/p>\n<p>2 x 3,0 Ah M28 Li-Ion akku, laturi, 36-hampainen ter\u00e4 ja<br \/>\nlaukku<\/p>\n","protected":false},"excerpt":{"rendered":"<p>M28 metallisaha kuivaleikkuuta varten. Milwaukeen patentoima DPM elektroniikka tarjoaa vallankumouksellista kest\u00e4vyytt\u00e4 &#8211; suojaa sek\u00e4 akkua ett\u00e4 ty\u00f6kalua ylikuormitukselta ja ylikuumenemiselta. Nopeata, puhdasta ja tarkkaa metallin leikkuuta ilman voiteluaineita. Leikkaa ter\u00e4st\u00e4, alumiinia ja eriste vaahtopanelia. LED-valot antavat paremman leikkauslinjan n\u00e4kyvyyden ja ter\u00e4n aloituskohdan. Elektroninen moottorijarru, vaihteensuojakytkin, karanlukitus ja Softgrip. Ylikuumenemissuoja. Tyhj\u00e4k\u00e4yntikierrosluku 3200 r\/min. Sahanter\u00e4 \u00d8 174 [&hellip;]<\/p>\n","protected":false},"featured_media":5012,"template":"","meta":{"_et_pb_use_builder":"","_et_pb_old_content":"","_et_gb_content_width":""},"pwb-brand":[],"product_brand":[],"product_cat":[737],"product_tag":[],"class_list":{"0":"post-5013","1":"product","2":"type-product","3":"status-publish","4":"has-post-thumbnail","6":"product_cat-akkupyorosahat","8":"first","9":"instock","10":"taxable","11":"shipping-taxable","12":"purchasable","13":"product-type-simple"},"brands":[],"_links":{"self":[{"href":"https:\/\/silikotek.sapartners.site\/index.php\/wp-json\/wp\/v2\/product\/5013","targetHints":{"allow":["GET"]}}],"collection":[{"href":"https:\/\/silikotek.sapartners.site\/index.php\/wp-json\/wp\/v2\/product"}],"about":[{"href":"https:\/\/silikotek.sapartners.site\/index.php\/wp-json\/wp\/v2\/types\/product"}],"wp:featuredmedia":[{"embeddable":true,"href":"https:\/\/silikotek.sapartners.site\/index.php\/wp-json\/wp\/v2\/media\/5012"}],"wp:attachment":[{"href":"https:\/\/silikotek.sapartners.site\/index.php\/wp-json\/wp\/v2\/media?parent=5013"}],"wp:term":[{"taxonomy":"pwb-brand","embeddable":true,"href":"https:\/\/silikotek.sapartners.site\/index.php\/wp-json\/wp\/v2\/pwb-brand?post=5013"},{"taxonomy":"product_brand","embeddable":true,"href":"https:\/\/silikotek.sapartners.site\/index.php\/wp-json\/wp\/v2\/product_brand?post=5013"},{"taxonomy":"product_cat","embeddable":true,"href":"https:\/\/silikotek.sapartners.site\/index.php\/wp-json\/wp\/v2\/product_cat?post=5013"},{"taxonomy":"product_tag","embeddable":true,"href":"https:\/\/silikotek.sapartners.site\/index.php\/wp-json\/wp\/v2\/product_tag?post=5013"}],"curies":[{"name":"wp","href":"https:\/\/api.w.org\/{rel}","templated":true}]}}