{"id":4983,"date":"2014-03-31T10:48:09","date_gmt":"2014-03-31T10:48:09","guid":{"rendered":"http:\/\/192.168.100.222\/target_carts\/wordpress\/wordpress495\/wordpress\/?product=marka-ja-kuivaimuri-as-300-elcp-l-luokka"},"modified":"2021-10-26T14:47:34","modified_gmt":"2021-10-26T11:47:34","slug":"marka-ja-kuivaimuri-as-300-elcp-l-luokka","status":"publish","type":"product","link":"https:\/\/silikotek.sapartners.site\/index.php\/tuote\/marka-ja-kuivaimuri-as-300-elcp-l-luokka\/","title":{"rendered":"Milwaukee M\u00e4rk\u00e4- ja kuivaimuri AS 300 ELCP L-Luokka"},"content":{"rendered":"<table class=\"table product__detail-table js-responsive-table\">\n<tbody>\n<tr>\n<th class=\"product__detail-table--no-border table-area-heading\">Tekniset tiedot<\/th>\n<th class=\"product__detail-table--no-border product__detail-table--centered\">\u00a0AS 300 ELCP<\/th>\n<\/tr>\n<tr>\n<th>Ilmantilavuus (l\/min)<\/th>\n<td data-th=\"Ilmantilavuus (l\/min)\">3700<\/td>\n<\/tr>\n<tr>\n<th>Kapasiteetti (l)<\/th>\n<td data-th=\"Kapasiteetti (l)\">30<\/td>\n<\/tr>\n<tr>\n<th>Letkun halkaisija (mm)<\/th>\n<td data-th=\"Letkun halkaisija (mm)\">36<\/td>\n<\/tr>\n<tr>\n<th>Maks. imu (mbar)<\/th>\n<td data-th=\"Maks. imu (mbar)\">250<\/td>\n<\/tr>\n<tr>\n<th>Paino (kg)<\/th>\n<td data-th=\"Paino (kg)\">10.0<\/td>\n<\/tr>\n<tr>\n<th>Sis\u00e4\u00e4nottoteho (W)<\/th>\n<td data-th=\"Sis\u00e4\u00e4nottoteho (W)\">1500<\/td>\n<\/tr>\n<tr>\n<th>Toimitetaan<\/th>\n<td data-th=\"Toimitetaan\">Toimitetaan ilman laatikkoa<\/td>\n<\/tr>\n<tr>\n<th>Tuotenumero<\/th>\n<td data-th=\"Tuotenumero\">4933416060<\/td>\n<\/tr>\n<tr>\n<th>Vakiovarustus<\/th>\n<td data-th=\"Vakiovarustus\">2 x adapteria s\u00e4hk\u00f6ty\u00f6kaluille, letkunpidin, 2 x imuputki, lattia suukappale \/ kapea suukappale, fleece suodatinpussi, p\u00f6lypussi, letku 4 m x 36 mm<\/td>\n<\/tr>\n<tr class=\"table__accordion-btn\">\n<th colspan=\"2\"><\/th>\n<\/tr>\n<\/tbody>\n<\/table>\n<table class=\"table product__detail-table js-responsive-table\">\n<tbody>\n<tr class=\"table__hidden-area js-hidden-table-area is-active\">\n<th>Akustinen paine &#8211; ep\u00e4varmuus (dB(A))<\/th>\n<td data-th=\"Akustinen paine - ep\u00e4varmuus (dB(A))\">2<\/td>\n<\/tr>\n<tr class=\"table__hidden-area js-hidden-table-area is-active\">\n<th>Akustinen paine (Lpa)(dB(A))<\/th>\n<td data-th=\"Akustinen paine (Lpa)(dB(A))\">62<\/td>\n<\/tr>\n<\/tbody>\n<\/table>\n<p>&nbsp;<\/p>\n","protected":false},"excerpt":{"rendered":"<div class=\"product__description-content js-product-content\">\n<p>30 L imuri CLEAR-PRESS suodattimella. 1500 W. 250 mbar. Liitin s\u00e4hk\u00f6koneille &#8211; 2400 W. 30 litran s\u00e4ili\u00f6kapasiteetti. M\u00e4rk\u00e4- ja kuivaimu. Nesteiden ylivuotamissuoja. P\u00f6lyluokka L. Fleece-suodatinpussi kaksoisseinill\u00e4. 2 kpl imuputkea metallivahvikkeilla, 1 kpl joustava putken pikaliitin, yleisuukappale lattian kuiva-\/m\u00e4rk\u00e4pesuun, 2 kpl adapteria s\u00e4hk\u00f6ty\u00f6kaluille, fleece-suodatinpussi, p\u00f6lypussi, 4 m x 36 mm antistaattinen letku.<\/p>\n<\/div>\n","protected":false},"featured_media":24558,"template":"","meta":{"_et_pb_use_builder":"","_et_pb_old_content":"","_et_gb_content_width":""},"pwb-brand":[1452],"product_brand":[],"product_cat":[834],"product_tag":[],"class_list":{"0":"post-4983","1":"product","2":"type-product","3":"status-publish","4":"has-post-thumbnail","6":"pwb-brand-milwaukee","7":"product_cat-imurit","9":"first","10":"instock","11":"taxable","12":"shipping-taxable","13":"purchasable","14":"product-type-simple"},"brands":[{"id":1452,"name":"Milwaukee","slug":"milwaukee"}],"_links":{"self":[{"href":"https:\/\/silikotek.sapartners.site\/index.php\/wp-json\/wp\/v2\/product\/4983","targetHints":{"allow":["GET"]}}],"collection":[{"href":"https:\/\/silikotek.sapartners.site\/index.php\/wp-json\/wp\/v2\/product"}],"about":[{"href":"https:\/\/silikotek.sapartners.site\/index.php\/wp-json\/wp\/v2\/types\/product"}],"wp:featuredmedia":[{"embeddable":true,"href":"https:\/\/silikotek.sapartners.site\/index.php\/wp-json\/wp\/v2\/media\/24558"}],"wp:attachment":[{"href":"https:\/\/silikotek.sapartners.site\/index.php\/wp-json\/wp\/v2\/media?parent=4983"}],"wp:term":[{"taxonomy":"pwb-brand","embeddable":true,"href":"https:\/\/silikotek.sapartners.site\/index.php\/wp-json\/wp\/v2\/pwb-brand?post=4983"},{"taxonomy":"product_brand","embeddable":true,"href":"https:\/\/silikotek.sapartners.site\/index.php\/wp-json\/wp\/v2\/product_brand?post=4983"},{"taxonomy":"product_cat","embeddable":true,"href":"https:\/\/silikotek.sapartners.site\/index.php\/wp-json\/wp\/v2\/product_cat?post=4983"},{"taxonomy":"product_tag","embeddable":true,"href":"https:\/\/silikotek.sapartners.site\/index.php\/wp-json\/wp\/v2\/product_tag?post=4983"}],"curies":[{"name":"wp","href":"https:\/\/api.w.org\/{rel}","templated":true}]}}