{"id":4975,"date":"2014-03-31T10:48:09","date_gmt":"2014-03-31T10:48:09","guid":{"rendered":"http:\/\/192.168.100.222\/target_carts\/wordpress\/wordpress495\/wordpress\/?product=kiillotuskone-ap-12-e-milwaukee"},"modified":"2017-04-19T11:24:58","modified_gmt":"2017-04-19T11:24:58","slug":"kiillotuskone-ap-12-e-milwaukee","status":"publish","type":"product","link":"https:\/\/silikotek.sapartners.site\/index.php\/tuote\/kiillotuskone-ap-12-e-milwaukee\/","title":{"rendered":"Kiillotuskone AP 12 E Milwaukee"},"content":{"rendered":"<p>1250 W:n kiillotuskone kierrosluvun s\u00e4\u00e4t\u00f6elektroniikalla. Ergonominen muotoilu, mukava k\u00e4ytt\u00e4\u00e4. Erikoisvaihteisto antaa hyv\u00e4n v\u00e4\u00e4nt\u00f6voiman ja kiillotukseen sopivan kierrosluvun. Kierrosluvun s\u00e4\u00e4t\u00f6 900-2500 r\/min. L\u00e4mp\u00f6ohjattu ylikuormitussuoja. Tyhj\u00e4k\u00e4yntinopeuden rajoitin. Paino 2,2 kg. 6 m kaapeli, sivukahva, rikkomasuojus, kiillotustukinapa<\/p>\n","protected":false},"excerpt":{"rendered":"<p>Kiillotuskone AP 12 E. 125 ja 150 mm tarrakiinnitteisille kiillotustarvikkeille.<\/p>\n","protected":false},"featured_media":4974,"template":"","meta":{"_et_pb_use_builder":"","_et_pb_old_content":"","_et_gb_content_width":""},"pwb-brand":[],"product_brand":[],"product_cat":[357],"product_tag":[],"class_list":{"0":"post-4975","1":"product","2":"type-product","3":"status-publish","4":"has-post-thumbnail","6":"product_cat-kiillotuskoneet","8":"first","9":"instock","10":"taxable","11":"shipping-taxable","12":"purchasable","13":"product-type-simple"},"brands":[],"_links":{"self":[{"href":"https:\/\/silikotek.sapartners.site\/index.php\/wp-json\/wp\/v2\/product\/4975","targetHints":{"allow":["GET"]}}],"collection":[{"href":"https:\/\/silikotek.sapartners.site\/index.php\/wp-json\/wp\/v2\/product"}],"about":[{"href":"https:\/\/silikotek.sapartners.site\/index.php\/wp-json\/wp\/v2\/types\/product"}],"wp:featuredmedia":[{"embeddable":true,"href":"https:\/\/silikotek.sapartners.site\/index.php\/wp-json\/wp\/v2\/media\/4974"}],"wp:attachment":[{"href":"https:\/\/silikotek.sapartners.site\/index.php\/wp-json\/wp\/v2\/media?parent=4975"}],"wp:term":[{"taxonomy":"pwb-brand","embeddable":true,"href":"https:\/\/silikotek.sapartners.site\/index.php\/wp-json\/wp\/v2\/pwb-brand?post=4975"},{"taxonomy":"product_brand","embeddable":true,"href":"https:\/\/silikotek.sapartners.site\/index.php\/wp-json\/wp\/v2\/product_brand?post=4975"},{"taxonomy":"product_cat","embeddable":true,"href":"https:\/\/silikotek.sapartners.site\/index.php\/wp-json\/wp\/v2\/product_cat?post=4975"},{"taxonomy":"product_tag","embeddable":true,"href":"https:\/\/silikotek.sapartners.site\/index.php\/wp-json\/wp\/v2\/product_tag?post=4975"}],"curies":[{"name":"wp","href":"https:\/\/api.w.org\/{rel}","templated":true}]}}