{"id":4969,"date":"2014-03-31T10:48:09","date_gmt":"2014-03-31T10:48:09","guid":{"rendered":"http:\/\/192.168.100.222\/target_carts\/wordpress\/wordpress495\/wordpress\/?product=suorahiomakone-dg-30-e"},"modified":"2015-03-19T15:00:45","modified_gmt":"2015-03-19T15:00:45","slug":"suorahiomakone-dg-30-e","status":"publish","type":"product","link":"https:\/\/silikotek.sapartners.site\/index.php\/tuote\/suorahiomakone-dg-30-e\/","title":{"rendered":"Suorahiomakone DG 30 E"},"content":{"rendered":"<p>Suora, yhdenk\u00e4den, 500 W:n yleishiomakone kierrosluvun s\u00e4\u00e4d\u00f6ll\u00e4. Lyhyt ja kompakti rakenne helpottaa k\u00e4ytt\u00f6\u00e4. Metallinen vaihdepes\u00e4 antaa tarkan py\u00f6rimisen. Ergo-kytkin. Soveltuu my\u00f6s kiinte\u00e4\u00e4n k\u00e4ytt\u00f6\u00f6n kiinnitettyn\u00e4 poraustelineeseen tai k\u00e4\u00e4nt\u00f6j\u00e4rjestelm\u00e4\u00e4n, kiinnityskaulan \u00d8 43 mm. Kiristysholkin \u00d8 6 mm. Tyhj\u00e4k\u00e4yntikierrosluku 10 000-30 000 r\/min. Maks. karalaikan \u00d8 20 mm. Paino 1,3 kg. 4 m kaapeli, avain SW 17 \/ SW 15 ja 6 mm kiristysholkki<\/p>\n","protected":false},"excerpt":{"rendered":"<p>Suorahiomakone DG 30 E<\/p>\n","protected":false},"featured_media":4967,"template":"","meta":{"_et_pb_use_builder":"","_et_pb_old_content":"","_et_gb_content_width":""},"pwb-brand":[],"product_brand":[],"product_cat":[809],"product_tag":[],"class_list":{"0":"post-4969","1":"product","2":"type-product","3":"status-publish","4":"has-post-thumbnail","6":"product_cat-suorahiomakoneet","8":"first","9":"instock","10":"sale","11":"taxable","12":"shipping-taxable","13":"purchasable","14":"product-type-simple"},"brands":[],"_links":{"self":[{"href":"https:\/\/silikotek.sapartners.site\/index.php\/wp-json\/wp\/v2\/product\/4969","targetHints":{"allow":["GET"]}}],"collection":[{"href":"https:\/\/silikotek.sapartners.site\/index.php\/wp-json\/wp\/v2\/product"}],"about":[{"href":"https:\/\/silikotek.sapartners.site\/index.php\/wp-json\/wp\/v2\/types\/product"}],"wp:featuredmedia":[{"embeddable":true,"href":"https:\/\/silikotek.sapartners.site\/index.php\/wp-json\/wp\/v2\/media\/4967"}],"wp:attachment":[{"href":"https:\/\/silikotek.sapartners.site\/index.php\/wp-json\/wp\/v2\/media?parent=4969"}],"wp:term":[{"taxonomy":"pwb-brand","embeddable":true,"href":"https:\/\/silikotek.sapartners.site\/index.php\/wp-json\/wp\/v2\/pwb-brand?post=4969"},{"taxonomy":"product_brand","embeddable":true,"href":"https:\/\/silikotek.sapartners.site\/index.php\/wp-json\/wp\/v2\/product_brand?post=4969"},{"taxonomy":"product_cat","embeddable":true,"href":"https:\/\/silikotek.sapartners.site\/index.php\/wp-json\/wp\/v2\/product_cat?post=4969"},{"taxonomy":"product_tag","embeddable":true,"href":"https:\/\/silikotek.sapartners.site\/index.php\/wp-json\/wp\/v2\/product_tag?post=4969"}],"curies":[{"name":"wp","href":"https:\/\/api.w.org\/{rel}","templated":true}]}}