{"id":4956,"date":"2014-03-31T10:48:09","date_gmt":"2014-03-31T10:48:09","guid":{"rendered":"http:\/\/192.168.100.222\/target_carts\/wordpress\/wordpress495\/wordpress\/?product=poravasara-plh-20"},"modified":"2015-11-04T20:59:34","modified_gmt":"2015-11-04T20:59:34","slug":"poravasara-plh-20-1","status":"publish","type":"product","link":"https:\/\/silikotek.sapartners.site\/index.php\/tuote\/poravasara-plh-20-1\/","title":{"rendered":"Poravasara PLH 20"},"content":{"rendered":"<p>Kompakti 20 mm SDS-plus poravasara 620 W moottorilla. Helppo k\u00e4sittely kompaktin L-muotoilun<br \/>ansiosta. Turvakytkin suojaa k\u00e4ytt\u00e4j\u00e4\u00e4 ja konetta. T\u00e4rin\u00e4nvaimennus-j\u00e4rjestelm\u00e4 ja Softgrip-kahva<br \/>v\u00e4hent\u00e4v\u00e4t k\u00e4ytt\u00e4j\u00e4\u00e4n kohdistuvaa t\u00e4rin\u00e4\u00e4. 4m kaapeli. Optimaalinen poraushalkaisija betoniin 5-12 mm.<br \/>Iskuenergia 2,0J ja 4400 iskua\/min. Paino 1.9 kg. 4 m kaapeli, sivukahva syvyysrajoittimella, laukku<\/p>\n","protected":false},"excerpt":{"rendered":"<p>Milwaukee PLH 20 poravasara vaativaan ammattik\u00e4ytt\u00f6\u00f6n.<\/p>\n","protected":false},"featured_media":4955,"template":"","meta":{"_et_pb_use_builder":"","_et_pb_old_content":"","_et_gb_content_width":""},"pwb-brand":[],"product_brand":[],"product_cat":[385],"product_tag":[],"class_list":{"0":"post-4956","1":"product","2":"type-product","3":"status-publish","4":"has-post-thumbnail","6":"product_cat-sds-plus-poravasarat","8":"first","9":"instock","10":"taxable","11":"shipping-taxable","12":"purchasable","13":"product-type-simple"},"brands":[],"_links":{"self":[{"href":"https:\/\/silikotek.sapartners.site\/index.php\/wp-json\/wp\/v2\/product\/4956","targetHints":{"allow":["GET"]}}],"collection":[{"href":"https:\/\/silikotek.sapartners.site\/index.php\/wp-json\/wp\/v2\/product"}],"about":[{"href":"https:\/\/silikotek.sapartners.site\/index.php\/wp-json\/wp\/v2\/types\/product"}],"wp:featuredmedia":[{"embeddable":true,"href":"https:\/\/silikotek.sapartners.site\/index.php\/wp-json\/wp\/v2\/media\/4955"}],"wp:attachment":[{"href":"https:\/\/silikotek.sapartners.site\/index.php\/wp-json\/wp\/v2\/media?parent=4956"}],"wp:term":[{"taxonomy":"pwb-brand","embeddable":true,"href":"https:\/\/silikotek.sapartners.site\/index.php\/wp-json\/wp\/v2\/pwb-brand?post=4956"},{"taxonomy":"product_brand","embeddable":true,"href":"https:\/\/silikotek.sapartners.site\/index.php\/wp-json\/wp\/v2\/product_brand?post=4956"},{"taxonomy":"product_cat","embeddable":true,"href":"https:\/\/silikotek.sapartners.site\/index.php\/wp-json\/wp\/v2\/product_cat?post=4956"},{"taxonomy":"product_tag","embeddable":true,"href":"https:\/\/silikotek.sapartners.site\/index.php\/wp-json\/wp\/v2\/product_tag?post=4956"}],"curies":[{"name":"wp","href":"https:\/\/api.w.org\/{rel}","templated":true}]}}