{"id":4942,"date":"2014-03-31T10:48:09","date_gmt":"2014-03-31T10:48:09","guid":{"rendered":"http:\/\/192.168.100.222\/target_carts\/wordpress\/wordpress495\/wordpress\/?product=yhdistelmavasara-ph-30-power-x"},"modified":"2014-05-12T20:40:42","modified_gmt":"2014-05-12T20:40:42","slug":"yhdistelmavasara-ph-30-power-x","status":"publish","type":"product","link":"https:\/\/silikotek.sapartners.site\/index.php\/tuote\/yhdistelmavasara-ph-30-power-x\/","title":{"rendered":"YHDISTELM\u00c4VASARA PH 30 POWER X"},"content":{"rendered":"<p>Yhdistelm\u00e4vasara &#8211; 30 mm:n SDS-plus FIXTEC poravasara talttaustoiminnolla ja 1030 W:n moottorilla.<\/p>\n<p>FIXTEC-j\u00e4rjestelm\u00e4 nopeaan tarvikkeiden vaihtoon. <\/p>\n<p>Isompi ja raskaampi iskuri antaa 3,6 J iskuenergian. <\/p>\n<p>IMB-teknologia (Integrated-Metal-Block). <\/p>\n<p>T\u00e4rin\u00e4taso (3-suuntainen) 14,5 m\/s2. <\/p>\n<p>Matalampi iskuenergia arkojen materiaalien poraukseen. <\/p>\n<p>3800 iskua\/min. <\/p>\n<p>Porauskapasiteetti betoniin\/puuhun\/ter\u00e4kseen 30 \/ 40 \/ 13 mm.<\/p>\n<p>Alhainen t\u00e4rin\u00e4taso ergonomisten Softgrip kahvojen ansiosta. <\/p>\n<p>Termo-moottorin ansiosta moottori ei koskaa ylikuumene, mik\u00e4 tekee siit\u00e4 kest\u00e4v\u00e4mm\u00e4n. Paino 2,9 kg.<\/p>\n","protected":false},"excerpt":{"rendered":"<p>YHDISTELM\u00c4VASARA PH 30 POWER X<\/p>\n","protected":false},"featured_media":4941,"template":"","meta":{"_et_pb_use_builder":"","_et_pb_old_content":"","_et_gb_content_width":""},"pwb-brand":[],"product_brand":[],"product_cat":[391],"product_tag":[],"class_list":{"0":"post-4942","1":"product","2":"type-product","3":"status-publish","4":"has-post-thumbnail","6":"product_cat-sds-plus-piikkausvasarat","8":"first","9":"instock","10":"sale","11":"taxable","12":"shipping-taxable","13":"purchasable","14":"product-type-simple"},"brands":[],"_links":{"self":[{"href":"https:\/\/silikotek.sapartners.site\/index.php\/wp-json\/wp\/v2\/product\/4942","targetHints":{"allow":["GET"]}}],"collection":[{"href":"https:\/\/silikotek.sapartners.site\/index.php\/wp-json\/wp\/v2\/product"}],"about":[{"href":"https:\/\/silikotek.sapartners.site\/index.php\/wp-json\/wp\/v2\/types\/product"}],"wp:featuredmedia":[{"embeddable":true,"href":"https:\/\/silikotek.sapartners.site\/index.php\/wp-json\/wp\/v2\/media\/4941"}],"wp:attachment":[{"href":"https:\/\/silikotek.sapartners.site\/index.php\/wp-json\/wp\/v2\/media?parent=4942"}],"wp:term":[{"taxonomy":"pwb-brand","embeddable":true,"href":"https:\/\/silikotek.sapartners.site\/index.php\/wp-json\/wp\/v2\/pwb-brand?post=4942"},{"taxonomy":"product_brand","embeddable":true,"href":"https:\/\/silikotek.sapartners.site\/index.php\/wp-json\/wp\/v2\/product_brand?post=4942"},{"taxonomy":"product_cat","embeddable":true,"href":"https:\/\/silikotek.sapartners.site\/index.php\/wp-json\/wp\/v2\/product_cat?post=4942"},{"taxonomy":"product_tag","embeddable":true,"href":"https:\/\/silikotek.sapartners.site\/index.php\/wp-json\/wp\/v2\/product_tag?post=4942"}],"curies":[{"name":"wp","href":"https:\/\/api.w.org\/{rel}","templated":true}]}}