{"id":4940,"date":"2014-03-31T10:48:09","date_gmt":"2014-03-31T10:48:09","guid":{"rendered":"http:\/\/192.168.100.222\/target_carts\/wordpress\/wordpress495\/wordpress\/?product=yhdistelmaporavasara-plh-32-ex"},"modified":"2015-11-04T21:09:03","modified_gmt":"2015-11-04T21:09:03","slug":"yhdistelmaporavasara-plh-32-ex","status":"publish","type":"product","link":"https:\/\/silikotek.sapartners.site\/index.php\/tuote\/yhdistelmaporavasara-plh-32-ex\/","title":{"rendered":"YHDISTELM\u00c4PORAVASARA PLH 32 EX"},"content":{"rendered":"<p>Yhdistelm\u00e4vasara &#8211; 32 mm SDS-plus yhdistelm\u00e4vasara talttaustoiminnolla ja 900 W:n moottorilla.<br \/>Voimakas ja lujarakenteinen vasara, jonka voimakasv\u00e4\u00e4nt\u00f6inen moottori vaihteistoineen antaa erinomaisen<br \/>suorituskyvyn. Kompakti L-muoto AVS t\u00e4rin\u00e4nvaimennus j\u00e4rjestelm\u00e4ll\u00e4 ja Softgrip k\u00e4densijalla antaa hyv\u00e4n<br \/>tasapainon. FIXTEC nopeaan ter\u00e4n vaihtoon. Vahva magnesiumista valmistettu vaihdepes\u00e4. Turvakytkin.<br \/>Iskuenergia 3,8 J. Poraus \u00d8 betoni 32 mm. Paino 3,6 kg. 4 m kaapeli, etu-tukikahva metallisella<br \/>syvyysrajoittimella, voiteluainetta, adapteri 13 mm:n avaimellisella istukalla, kuljetuslaukku<\/p>\n","protected":false},"excerpt":{"rendered":"<p>Milwaukee yhdistelm\u00e4poravasara PLH 32 EX SDS Plus istukalla.<\/p>\n","protected":false},"featured_media":4939,"template":"","meta":{"_et_pb_use_builder":"","_et_pb_old_content":"","_et_gb_content_width":""},"pwb-brand":[],"product_brand":[],"product_cat":[391],"product_tag":[],"class_list":{"0":"post-4940","1":"product","2":"type-product","3":"status-publish","4":"has-post-thumbnail","6":"product_cat-sds-plus-piikkausvasarat","8":"first","9":"instock","10":"taxable","11":"shipping-taxable","12":"purchasable","13":"product-type-simple"},"brands":[],"_links":{"self":[{"href":"https:\/\/silikotek.sapartners.site\/index.php\/wp-json\/wp\/v2\/product\/4940","targetHints":{"allow":["GET"]}}],"collection":[{"href":"https:\/\/silikotek.sapartners.site\/index.php\/wp-json\/wp\/v2\/product"}],"about":[{"href":"https:\/\/silikotek.sapartners.site\/index.php\/wp-json\/wp\/v2\/types\/product"}],"wp:featuredmedia":[{"embeddable":true,"href":"https:\/\/silikotek.sapartners.site\/index.php\/wp-json\/wp\/v2\/media\/4939"}],"wp:attachment":[{"href":"https:\/\/silikotek.sapartners.site\/index.php\/wp-json\/wp\/v2\/media?parent=4940"}],"wp:term":[{"taxonomy":"pwb-brand","embeddable":true,"href":"https:\/\/silikotek.sapartners.site\/index.php\/wp-json\/wp\/v2\/pwb-brand?post=4940"},{"taxonomy":"product_brand","embeddable":true,"href":"https:\/\/silikotek.sapartners.site\/index.php\/wp-json\/wp\/v2\/product_brand?post=4940"},{"taxonomy":"product_cat","embeddable":true,"href":"https:\/\/silikotek.sapartners.site\/index.php\/wp-json\/wp\/v2\/product_cat?post=4940"},{"taxonomy":"product_tag","embeddable":true,"href":"https:\/\/silikotek.sapartners.site\/index.php\/wp-json\/wp\/v2\/product_tag?post=4940"}],"curies":[{"name":"wp","href":"https:\/\/api.w.org\/{rel}","templated":true}]}}