{"id":4912,"date":"2014-03-31T10:48:09","date_gmt":"2014-03-31T10:48:09","guid":{"rendered":"http:\/\/192.168.100.222\/target_carts\/wordpress\/wordpress495\/wordpress\/?product=kulmahiomakone-ag8-125"},"modified":"2014-12-08T08:47:55","modified_gmt":"2014-12-08T08:47:55","slug":"kulmahiomakone-ag8-125","status":"publish","type":"product","link":"https:\/\/silikotek.sapartners.site\/index.php\/tuote\/kulmahiomakone-ag8-125\/","title":{"rendered":"KULMAHIOMAKONE AG8-125"},"content":{"rendered":"<p>Voimakas ja kompakti 125 mm kulmahiomakone optimaalisella, k\u00e4ytt\u00f6\u00e4 helpottavalla ergonomialla. Helppok\u00e4ytt\u00f6inen kytkin. &#8217;PROTECTOR moottori&#8217; \u2013 epoxy-p\u00e4\u00e4llyste ja Heavy Duty k\u00e4\u00e4mit lis\u00e4\u00e4v\u00e4t ty\u00f6kalun k\u00e4ytt\u00f6ik\u00e4\u00e4. Digitaalinen elektroniikka:\u2013 vakionopeus kuormitettuna \u2013 L\u00e4mp\u00f6ohjattu ylikuormitussuoja \u2013 Pehme\u00e4 k\u00e4ynnistys \u2013 Tyhj\u00e4k\u00e4yntinopeuden rajoitin. QUIK-LOK kaapeli. Kuormittamaton kierrosluku 10000 r\/min. Teho 750 W. Katkaisusyvyys 33 mm. Paino 1,8 kg. 4 m kaapeli, rikkomasuojus, tukilaippa, laippamutteri, avain, lis\u00e4kahva<\/p>\n","protected":false},"excerpt":{"rendered":"<p>KULMAHIOMAKONE AG8-125<\/p>\n","protected":false},"featured_media":4911,"template":"","meta":{"_et_pb_use_builder":"","_et_pb_old_content":"","_et_gb_content_width":""},"pwb-brand":[],"product_brand":[],"product_cat":[358],"product_tag":[],"class_list":{"0":"post-4912","1":"product","2":"type-product","3":"status-publish","4":"has-post-thumbnail","6":"product_cat-pienet-kulmahiomakoneet","8":"first","9":"instock","10":"sale","11":"taxable","12":"shipping-taxable","13":"purchasable","14":"product-type-simple"},"brands":[],"_links":{"self":[{"href":"https:\/\/silikotek.sapartners.site\/index.php\/wp-json\/wp\/v2\/product\/4912","targetHints":{"allow":["GET"]}}],"collection":[{"href":"https:\/\/silikotek.sapartners.site\/index.php\/wp-json\/wp\/v2\/product"}],"about":[{"href":"https:\/\/silikotek.sapartners.site\/index.php\/wp-json\/wp\/v2\/types\/product"}],"wp:featuredmedia":[{"embeddable":true,"href":"https:\/\/silikotek.sapartners.site\/index.php\/wp-json\/wp\/v2\/media\/4911"}],"wp:attachment":[{"href":"https:\/\/silikotek.sapartners.site\/index.php\/wp-json\/wp\/v2\/media?parent=4912"}],"wp:term":[{"taxonomy":"pwb-brand","embeddable":true,"href":"https:\/\/silikotek.sapartners.site\/index.php\/wp-json\/wp\/v2\/pwb-brand?post=4912"},{"taxonomy":"product_brand","embeddable":true,"href":"https:\/\/silikotek.sapartners.site\/index.php\/wp-json\/wp\/v2\/product_brand?post=4912"},{"taxonomy":"product_cat","embeddable":true,"href":"https:\/\/silikotek.sapartners.site\/index.php\/wp-json\/wp\/v2\/product_cat?post=4912"},{"taxonomy":"product_tag","embeddable":true,"href":"https:\/\/silikotek.sapartners.site\/index.php\/wp-json\/wp\/v2\/product_tag?post=4912"}],"curies":[{"name":"wp","href":"https:\/\/api.w.org\/{rel}","templated":true}]}}