{"id":4910,"date":"2014-03-31T10:48:09","date_gmt":"2014-03-31T10:48:09","guid":{"rendered":"http:\/\/192.168.100.222\/target_carts\/wordpress\/wordpress495\/wordpress\/?product=puukkosaha-ssd-1100-x"},"modified":"2014-05-12T13:07:43","modified_gmt":"2014-05-12T13:07:43","slug":"puukkosaha-ssd-1100-x","status":"publish","type":"product","link":"https:\/\/silikotek.sapartners.site\/index.php\/tuote\/puukkosaha-ssd-1100-x\/","title":{"rendered":"PUUKKOSAHA SSD-1100 X"},"content":{"rendered":"<p>Puukkosaha \u2013 ihanteellinen purkut\u00f6ihin, remontointiin ja putkenkatkaisuun. Korkea suorituskyky &#8211; vahva 1100 W moottori ja 28 mm iskunpituus ja 2900 iskua\/min. Portaaton nopeudens\u00e4\u00e4t\u00f6 antaa maksimaalista kontrollia ja tehokkuutta. FIXTEC-ter\u00e4npidin nopeaan ja helppoon ter\u00e4nvaihtoon ilman ty\u00f6kaluja. Sahanter\u00e4 voidaan k\u00e4\u00e4nt\u00e4\u00e4 180\u00ba. Paino 3,4 kg. 4 m kaapeli, puukkosaha, laukku<\/p>\n","protected":false},"excerpt":{"rendered":"<p>PUUKKOSAHA SSD-1100 X<\/p>\n","protected":false},"featured_media":4909,"template":"","meta":{"_et_pb_use_builder":"","_et_pb_old_content":"","_et_gb_content_width":""},"pwb-brand":[],"product_brand":[],"product_cat":[803],"product_tag":[],"class_list":{"0":"post-4910","1":"product","2":"type-product","3":"status-publish","4":"has-post-thumbnail","6":"product_cat-puukkosahat","8":"first","9":"instock","10":"sale","11":"taxable","12":"shipping-taxable","13":"purchasable","14":"product-type-simple"},"brands":[],"_links":{"self":[{"href":"https:\/\/silikotek.sapartners.site\/index.php\/wp-json\/wp\/v2\/product\/4910","targetHints":{"allow":["GET"]}}],"collection":[{"href":"https:\/\/silikotek.sapartners.site\/index.php\/wp-json\/wp\/v2\/product"}],"about":[{"href":"https:\/\/silikotek.sapartners.site\/index.php\/wp-json\/wp\/v2\/types\/product"}],"wp:featuredmedia":[{"embeddable":true,"href":"https:\/\/silikotek.sapartners.site\/index.php\/wp-json\/wp\/v2\/media\/4909"}],"wp:attachment":[{"href":"https:\/\/silikotek.sapartners.site\/index.php\/wp-json\/wp\/v2\/media?parent=4910"}],"wp:term":[{"taxonomy":"pwb-brand","embeddable":true,"href":"https:\/\/silikotek.sapartners.site\/index.php\/wp-json\/wp\/v2\/pwb-brand?post=4910"},{"taxonomy":"product_brand","embeddable":true,"href":"https:\/\/silikotek.sapartners.site\/index.php\/wp-json\/wp\/v2\/product_brand?post=4910"},{"taxonomy":"product_cat","embeddable":true,"href":"https:\/\/silikotek.sapartners.site\/index.php\/wp-json\/wp\/v2\/product_cat?post=4910"},{"taxonomy":"product_tag","embeddable":true,"href":"https:\/\/silikotek.sapartners.site\/index.php\/wp-json\/wp\/v2\/product_tag?post=4910"}],"curies":[{"name":"wp","href":"https:\/\/api.w.org\/{rel}","templated":true}]}}