{"id":4902,"date":"2014-03-31T10:48:09","date_gmt":"2014-03-31T10:48:09","guid":{"rendered":"http:\/\/192.168.100.222\/target_carts\/wordpress\/wordpress495\/wordpress\/?product=puukkosaha-m18-csx-402c"},"modified":"2014-05-11T21:42:30","modified_gmt":"2014-05-11T21:42:30","slug":"puukkosaha-m18-csx-402c","status":"publish","type":"product","link":"https:\/\/silikotek.sapartners.site\/index.php\/tuote\/puukkosaha-m18-csx-402c\/","title":{"rendered":"PUUKKOSAHA M18 CSX-402C"},"content":{"rendered":"<p>Vallankumouksellinen M18 FUEL puukosaha hiiliharjattomalla moottorilla joka tekee ty\u00f6kalusta voimakkaamman, kest\u00e4v\u00e4mm\u00e4n ja antaa sille pidemm\u00e4n k\u00e4ytt\u00f6i\u00e4n. REDLINK PLUS\u2122 suojaelektroniikka koneessa ja akussa pident\u00e4\u00e4 niiden elinik\u00e4\u00e4 huomattavasti. REDLINK PLUS\u2122 suojaelektroniikka koneessa ja akussa pident\u00e4\u00e4 niiden elinik\u00e4\u00e4 huomattavasti. 28 mm iskunpituus ja 3000 iskua\/min, eritt\u00e4in nopeat sahaukset. Liukukytkin suojaa vaihteistoa, mik\u00e4li ter\u00e4 jumiutuu. FIXTEC-ter\u00e4nkiinnitys nopeaan ter\u00e4nvaihtoon ilman ty\u00f6kaluja. Red Lithium-Ion akku tarjoaa pidemp\u00e4\u00e4 k\u00e4ytt\u00f6aikaa ja optimaalista kest\u00e4vyytt\u00e4. Virtamittari. Paino akun kanssa 3,4 kg. Mukana 2 X 4,0 Ah Red Lithium-Ion akkua, 80 min laturi ja laukku.<\/p>\n","protected":false},"excerpt":{"rendered":"<p>PUUKKOSAHA M18 CSX-402C<\/p>\n","protected":false},"featured_media":4901,"template":"","meta":{"_et_pb_use_builder":"","_et_pb_old_content":"","_et_gb_content_width":""},"pwb-brand":[],"product_brand":[],"product_cat":[736],"product_tag":[],"class_list":{"0":"post-4902","1":"product","2":"type-product","3":"status-publish","4":"has-post-thumbnail","6":"product_cat-akkupuukkosahat","8":"first","9":"instock","10":"sale","11":"taxable","12":"shipping-taxable","13":"purchasable","14":"product-type-simple"},"brands":[],"_links":{"self":[{"href":"https:\/\/silikotek.sapartners.site\/index.php\/wp-json\/wp\/v2\/product\/4902","targetHints":{"allow":["GET"]}}],"collection":[{"href":"https:\/\/silikotek.sapartners.site\/index.php\/wp-json\/wp\/v2\/product"}],"about":[{"href":"https:\/\/silikotek.sapartners.site\/index.php\/wp-json\/wp\/v2\/types\/product"}],"wp:featuredmedia":[{"embeddable":true,"href":"https:\/\/silikotek.sapartners.site\/index.php\/wp-json\/wp\/v2\/media\/4901"}],"wp:attachment":[{"href":"https:\/\/silikotek.sapartners.site\/index.php\/wp-json\/wp\/v2\/media?parent=4902"}],"wp:term":[{"taxonomy":"pwb-brand","embeddable":true,"href":"https:\/\/silikotek.sapartners.site\/index.php\/wp-json\/wp\/v2\/pwb-brand?post=4902"},{"taxonomy":"product_brand","embeddable":true,"href":"https:\/\/silikotek.sapartners.site\/index.php\/wp-json\/wp\/v2\/product_brand?post=4902"},{"taxonomy":"product_cat","embeddable":true,"href":"https:\/\/silikotek.sapartners.site\/index.php\/wp-json\/wp\/v2\/product_cat?post=4902"},{"taxonomy":"product_tag","embeddable":true,"href":"https:\/\/silikotek.sapartners.site\/index.php\/wp-json\/wp\/v2\/product_tag?post=4902"}],"curies":[{"name":"wp","href":"https:\/\/api.w.org\/{rel}","templated":true}]}}