{"id":4898,"date":"2014-03-31T10:48:09","date_gmt":"2014-03-31T10:48:09","guid":{"rendered":"http:\/\/192.168.100.222\/target_carts\/wordpress\/wordpress495\/wordpress\/?product=kulmaporakone-c18-rad-31-c"},"modified":"2014-05-10T21:38:36","modified_gmt":"2014-05-10T21:38:36","slug":"kulmaporakone-c18-rad-31-c","status":"publish","type":"product","link":"https:\/\/silikotek.sapartners.site\/index.php\/tuote\/kulmaporakone-c18-rad-31-c\/","title":{"rendered":"KULMAPORAKONE C18 RAD-31 C"},"content":{"rendered":"<p>Eritt\u00e4in k\u00e4tev\u00e4 kulmaporakone ahtaisiin paikkoihin. Kompakti M18 Kulma porakone. 90 asteen kulma on vain 100 mm pitk\u00e4 ja mahtuu ahtaisiin paikkoihin. Ainutlaatuinen ergonominen muotoilu antaa usean eri otteen. 10mm istukka &#8211; ter\u00e4t on helppo vaihtaa. 11-portainen momentins\u00e4\u00e4t\u00f6 ja porausaste,35 Nm, 800 r\/min. Softgrip ote. Sis\u00e4\u00e4nrakennettu LED-lamppu valaisee ty\u00f6skentelyalueen. 60 min latausaika. 1 X 1,5 Ah Red Li-Ion akkua antaa pitk\u00e4n k\u00e4ytt\u00f6ajan ja optimaalista kest\u00e4vyytt\u00e4. Akun virtamittari n\u00e4ytt\u00e4\u00e4 kuinka paljon akussa on virtaa j\u00e4ljell\u00e4. 1 x M18 BX 3,0 Ah Red Li-Ion akku, C1418 C (60min) laturi ja kantolaukku<\/p>\n","protected":false},"excerpt":{"rendered":"<p>KULMAPORAKONE C18 RAD-31 C<\/p>\n","protected":false},"featured_media":4897,"template":"","meta":{"_et_pb_use_builder":"","_et_pb_old_content":"","_et_gb_content_width":""},"pwb-brand":[],"product_brand":[],"product_cat":[731],"product_tag":[],"class_list":{"0":"post-4898","1":"product","2":"type-product","3":"status-publish","4":"has-post-thumbnail","6":"product_cat-akkuporakoneet","8":"first","9":"instock","10":"sale","11":"taxable","12":"shipping-taxable","13":"purchasable","14":"product-type-simple"},"brands":[],"_links":{"self":[{"href":"https:\/\/silikotek.sapartners.site\/index.php\/wp-json\/wp\/v2\/product\/4898","targetHints":{"allow":["GET"]}}],"collection":[{"href":"https:\/\/silikotek.sapartners.site\/index.php\/wp-json\/wp\/v2\/product"}],"about":[{"href":"https:\/\/silikotek.sapartners.site\/index.php\/wp-json\/wp\/v2\/types\/product"}],"wp:featuredmedia":[{"embeddable":true,"href":"https:\/\/silikotek.sapartners.site\/index.php\/wp-json\/wp\/v2\/media\/4897"}],"wp:attachment":[{"href":"https:\/\/silikotek.sapartners.site\/index.php\/wp-json\/wp\/v2\/media?parent=4898"}],"wp:term":[{"taxonomy":"pwb-brand","embeddable":true,"href":"https:\/\/silikotek.sapartners.site\/index.php\/wp-json\/wp\/v2\/pwb-brand?post=4898"},{"taxonomy":"product_brand","embeddable":true,"href":"https:\/\/silikotek.sapartners.site\/index.php\/wp-json\/wp\/v2\/product_brand?post=4898"},{"taxonomy":"product_cat","embeddable":true,"href":"https:\/\/silikotek.sapartners.site\/index.php\/wp-json\/wp\/v2\/product_cat?post=4898"},{"taxonomy":"product_tag","embeddable":true,"href":"https:\/\/silikotek.sapartners.site\/index.php\/wp-json\/wp\/v2\/product_tag?post=4898"}],"curies":[{"name":"wp","href":"https:\/\/api.w.org\/{rel}","templated":true}]}}