{"id":4746,"date":"2014-03-31T10:48:09","date_gmt":"2014-03-31T10:48:09","guid":{"rendered":"http:\/\/192.168.100.222\/target_carts\/wordpress\/wordpress495\/wordpress\/?product=evolution-rage3-db-jiirisaha-kaappari"},"modified":"2014-11-11T14:30:19","modified_gmt":"2014-11-11T14:30:19","slug":"evolution-rage3-db-jiirisaha-kaappari","status":"publish","type":"product","link":"https:\/\/silikotek.sapartners.site\/index.php\/tuote\/evolution-rage3-db-jiirisaha-kaappari\/","title":{"rendered":"EVOLUTION RAGE3-DB jiirisaha-kaappari"},"content":{"rendered":"<p>\u2022 Kallistus 45\u00b0 molempiin suuntiin<\/p>\n<p>RAGE3-DB Jiirisaha-kaappari RAGE3-DB 255mm 1800W EVOLUTION<br \/>EAN koodi 0849713011367<\/p>\n<p>R255EVO Py\u00f6r\u00f6sahanter\u00e4-monik\u00e4ytt\u00f6, RAGE 255mm Z28 EVOLUTION<br \/>EAN koodi 0849713011374<br \/>RT255EVO Py\u00f6r\u00f6sahanter\u00e4-timantti 255mm EVOLUTION<br \/>EAN koodi 0849713011619<\/p>\n<p>\u2022 Moottori 230V 50\/60Hz 1800W<br \/>\u2022 Kierrosnopeus 2500 k\/min (kuormittamaton)<br \/>\u2022 Max leikkaussyvyys 80mm 90\u00b0<br \/>\u2022 Max leikkausleveys 320mm 90\u00b0<br \/>\u2022 Toimitussis\u00e4lt\u00f6: Saha, ter\u00e4, k\u00e4ytt\u00f6ohjeet.<\/p>\n","protected":false},"excerpt":{"rendered":"<p>\u2022 Kallistus 45\u00b0 molempiin suuntiin RAGE3-DB Jiirisaha-kaappari RAGE3-DB 255mm 1800W EVOLUTIONEAN koodi 0849713011367 R255EVO Py\u00f6r\u00f6sahanter\u00e4-monik\u00e4ytt\u00f6, RAGE 255mm Z28 EVOLUTIONEAN koodi 0849713011374RT255EVO Py\u00f6r\u00f6sahanter\u00e4-timantti 255mm EVOLUTIONEAN koodi 0849713011619 \u2022 Moottori 230V 50\/60Hz 1800W\u2022 Kierrosnopeus 2500 k\/min (kuormittamaton)\u2022 Max leikkaussyvyys 80mm 90\u00b0\u2022 Max leikkausleveys 320mm 90\u00b0\u2022 Toimitussis\u00e4lt\u00f6: Saha, ter\u00e4, k\u00e4ytt\u00f6ohjeet.<\/p>\n","protected":false},"featured_media":4745,"template":"","meta":{"_et_pb_use_builder":"","_et_pb_old_content":"","_et_gb_content_width":""},"pwb-brand":[],"product_brand":[],"product_cat":[437],"product_tag":[],"class_list":{"0":"post-4746","1":"product","2":"type-product","3":"status-publish","4":"has-post-thumbnail","6":"product_cat-evolution","8":"first","9":"instock","10":"sale","11":"taxable","12":"shipping-taxable","13":"purchasable","14":"product-type-simple"},"brands":[],"_links":{"self":[{"href":"https:\/\/silikotek.sapartners.site\/index.php\/wp-json\/wp\/v2\/product\/4746","targetHints":{"allow":["GET"]}}],"collection":[{"href":"https:\/\/silikotek.sapartners.site\/index.php\/wp-json\/wp\/v2\/product"}],"about":[{"href":"https:\/\/silikotek.sapartners.site\/index.php\/wp-json\/wp\/v2\/types\/product"}],"wp:featuredmedia":[{"embeddable":true,"href":"https:\/\/silikotek.sapartners.site\/index.php\/wp-json\/wp\/v2\/media\/4745"}],"wp:attachment":[{"href":"https:\/\/silikotek.sapartners.site\/index.php\/wp-json\/wp\/v2\/media?parent=4746"}],"wp:term":[{"taxonomy":"pwb-brand","embeddable":true,"href":"https:\/\/silikotek.sapartners.site\/index.php\/wp-json\/wp\/v2\/pwb-brand?post=4746"},{"taxonomy":"product_brand","embeddable":true,"href":"https:\/\/silikotek.sapartners.site\/index.php\/wp-json\/wp\/v2\/product_brand?post=4746"},{"taxonomy":"product_cat","embeddable":true,"href":"https:\/\/silikotek.sapartners.site\/index.php\/wp-json\/wp\/v2\/product_cat?post=4746"},{"taxonomy":"product_tag","embeddable":true,"href":"https:\/\/silikotek.sapartners.site\/index.php\/wp-json\/wp\/v2\/product_tag?post=4746"}],"curies":[{"name":"wp","href":"https:\/\/api.w.org\/{rel}","templated":true}]}}