{"id":4744,"date":"2014-03-31T10:48:09","date_gmt":"2014-03-31T10:48:09","guid":{"rendered":"http:\/\/192.168.100.222\/target_carts\/wordpress\/wordpress495\/wordpress\/?product=evolution-rage3-s-jiirisaha-kaappari-mini"},"modified":"2014-09-16T20:36:48","modified_gmt":"2014-09-16T20:36:48","slug":"evolution-rage3-s-jiirisaha-kaappari-mini","status":"publish","type":"product","link":"https:\/\/silikotek.sapartners.site\/index.php\/tuote\/evolution-rage3-s-jiirisaha-kaappari-mini\/","title":{"rendered":"EVOLUTION RAGE3-s jiirisaha-kaappari \u201cmini\u201d"},"content":{"rendered":"<p>RAGE3-S Jiirisaha-kaappari RAGE3-S 210mm 1500W EVOLUTION<br \/>EAN koodi: 0849713021069<\/p>\n<p>R210EVO Py\u00f6r\u00f6sahanter\u00e4-monik\u00e4ytt\u00f6, RAGE 210mm Z24 EVOLUTION<br \/>EAN koodi: 0849713021083<\/p>\n<p>RT210EVO Py\u00f6r\u00f6sahanter\u00e4-timantti 210mm EVOLUTION<br \/>EAN koodi: 0849713024831<\/p>\n<p>1500W moottori, kierrosnopeus 3000 k\/min<br \/>45\u00b0 sahauss\u00e4\u00e4t\u00f6<br \/>maksimi syvyys 60mm (90\u00b0)<br \/>maksimi leveys 220mm (90\u00b0)<\/p>\n","protected":false},"excerpt":{"rendered":"<p>RAGE3-S Jiirisaha-kaappari RAGE3-S 210mm 1500W EVOLUTIONEAN koodi: 0849713021069 R210EVO Py\u00f6r\u00f6sahanter\u00e4-monik\u00e4ytt\u00f6, RAGE 210mm Z24 EVOLUTIONEAN koodi: 0849713021083 RT210EVO Py\u00f6r\u00f6sahanter\u00e4-timantti 210mm EVOLUTIONEAN koodi: 0849713024831 1500W moottori, kierrosnopeus 3000 k\/min45\u00b0 sahauss\u00e4\u00e4t\u00f6maksimi syvyys 60mm (90\u00b0)maksimi leveys 220mm (90\u00b0)<\/p>\n","protected":false},"featured_media":4743,"template":"","meta":{"_et_pb_use_builder":"","_et_pb_old_content":"","_et_gb_content_width":""},"pwb-brand":[],"product_brand":[],"product_cat":[437],"product_tag":[],"class_list":{"0":"post-4744","1":"product","2":"type-product","3":"status-publish","4":"has-post-thumbnail","6":"product_cat-evolution","8":"first","9":"instock","10":"taxable","11":"shipping-taxable","12":"purchasable","13":"product-type-simple"},"brands":[],"_links":{"self":[{"href":"https:\/\/silikotek.sapartners.site\/index.php\/wp-json\/wp\/v2\/product\/4744","targetHints":{"allow":["GET"]}}],"collection":[{"href":"https:\/\/silikotek.sapartners.site\/index.php\/wp-json\/wp\/v2\/product"}],"about":[{"href":"https:\/\/silikotek.sapartners.site\/index.php\/wp-json\/wp\/v2\/types\/product"}],"wp:featuredmedia":[{"embeddable":true,"href":"https:\/\/silikotek.sapartners.site\/index.php\/wp-json\/wp\/v2\/media\/4743"}],"wp:attachment":[{"href":"https:\/\/silikotek.sapartners.site\/index.php\/wp-json\/wp\/v2\/media?parent=4744"}],"wp:term":[{"taxonomy":"pwb-brand","embeddable":true,"href":"https:\/\/silikotek.sapartners.site\/index.php\/wp-json\/wp\/v2\/pwb-brand?post=4744"},{"taxonomy":"product_brand","embeddable":true,"href":"https:\/\/silikotek.sapartners.site\/index.php\/wp-json\/wp\/v2\/product_brand?post=4744"},{"taxonomy":"product_cat","embeddable":true,"href":"https:\/\/silikotek.sapartners.site\/index.php\/wp-json\/wp\/v2\/product_cat?post=4744"},{"taxonomy":"product_tag","embeddable":true,"href":"https:\/\/silikotek.sapartners.site\/index.php\/wp-json\/wp\/v2\/product_tag?post=4744"}],"curies":[{"name":"wp","href":"https:\/\/api.w.org\/{rel}","templated":true}]}}