{"id":4742,"date":"2014-03-31T10:48:09","date_gmt":"2014-03-31T10:48:09","guid":{"rendered":"http:\/\/192.168.100.222\/target_carts\/wordpress\/wordpress495\/wordpress\/?product=evolution-ms800-jiirisahan-poyta"},"modified":"2014-11-11T14:23:25","modified_gmt":"2014-11-11T14:23:25","slug":"evolution-ms800-jiirisahan-poyta","status":"publish","type":"product","link":"https:\/\/silikotek.sapartners.site\/index.php\/tuote\/evolution-ms800-jiirisahan-poyta\/","title":{"rendered":"EVOLUTION MS800 jiirisahan p\u00f6yt\u00e4"},"content":{"rendered":"<p>\u2022 Kokoontaitettava ja tukeva 800mm:n p\u00f6yt\u00e4<br \/>\u2022 Sopii kaikille Evolution -jiirisahoille<br \/>\u2022 Sopii my\u00f6s useimmille muiden valmistajien jiirisahoille<br \/>\u2022 Asennetaan k\u00e4ytt\u00f6kuntoon muutamassa sekunnissa ilman ty\u00f6kaluja<br \/>\u2022 Saatavana my\u00f6s lis\u00e4tukivarret<\/p>\n<p>MS800B Jiirisahan p\u00f6yt\u00e4 jatkettava 800mm EVOLUTION<br \/>EAN-koodi: 084971321106<\/p>\n<p>MS800EX Jatko (2kpl) Jiirisahan p\u00f6yt\u00e4\u00e4n EVOLUTION<\/p>\n","protected":false},"excerpt":{"rendered":"<p>\u2022 Kokoontaitettava ja tukeva 800mm:n p\u00f6yt\u00e4\u2022 Sopii kaikille Evolution -jiirisahoille\u2022 Sopii my\u00f6s useimmille muiden valmistajien jiirisahoille\u2022 Asennetaan k\u00e4ytt\u00f6kuntoon muutamassa sekunnissa ilman ty\u00f6kaluja\u2022 Saatavana my\u00f6s lis\u00e4tukivarret MS800B Jiirisahan p\u00f6yt\u00e4 jatkettava 800mm EVOLUTIONEAN-koodi: 084971321106 MS800EX Jatko (2kpl) Jiirisahan p\u00f6yt\u00e4\u00e4n EVOLUTION<\/p>\n","protected":false},"featured_media":4741,"template":"","meta":{"_et_pb_use_builder":"","_et_pb_old_content":"","_et_gb_content_width":""},"pwb-brand":[],"product_brand":[],"product_cat":[437,830],"product_tag":[],"class_list":{"0":"post-4742","1":"product","2":"type-product","3":"status-publish","4":"has-post-thumbnail","6":"product_cat-evolution","7":"product_cat-katkaisu-ja-jiirisahat","9":"first","10":"instock","11":"sale","12":"taxable","13":"shipping-taxable","14":"purchasable","15":"product-type-simple"},"brands":[],"_links":{"self":[{"href":"https:\/\/silikotek.sapartners.site\/index.php\/wp-json\/wp\/v2\/product\/4742","targetHints":{"allow":["GET"]}}],"collection":[{"href":"https:\/\/silikotek.sapartners.site\/index.php\/wp-json\/wp\/v2\/product"}],"about":[{"href":"https:\/\/silikotek.sapartners.site\/index.php\/wp-json\/wp\/v2\/types\/product"}],"wp:featuredmedia":[{"embeddable":true,"href":"https:\/\/silikotek.sapartners.site\/index.php\/wp-json\/wp\/v2\/media\/4741"}],"wp:attachment":[{"href":"https:\/\/silikotek.sapartners.site\/index.php\/wp-json\/wp\/v2\/media?parent=4742"}],"wp:term":[{"taxonomy":"pwb-brand","embeddable":true,"href":"https:\/\/silikotek.sapartners.site\/index.php\/wp-json\/wp\/v2\/pwb-brand?post=4742"},{"taxonomy":"product_brand","embeddable":true,"href":"https:\/\/silikotek.sapartners.site\/index.php\/wp-json\/wp\/v2\/product_brand?post=4742"},{"taxonomy":"product_cat","embeddable":true,"href":"https:\/\/silikotek.sapartners.site\/index.php\/wp-json\/wp\/v2\/product_cat?post=4742"},{"taxonomy":"product_tag","embeddable":true,"href":"https:\/\/silikotek.sapartners.site\/index.php\/wp-json\/wp\/v2\/product_tag?post=4742"}],"curies":[{"name":"wp","href":"https:\/\/api.w.org\/{rel}","templated":true}]}}