{"id":4740,"date":"2014-03-31T10:48:09","date_gmt":"2014-03-31T10:48:09","guid":{"rendered":"http:\/\/192.168.100.222\/target_carts\/wordpress\/wordpress495\/wordpress\/?product=evolution-rage185-kasipyorosaha"},"modified":"2014-11-11T14:27:33","modified_gmt":"2014-11-11T14:27:33","slug":"evolution-rage185-kasipyorosaha","status":"publish","type":"product","link":"https:\/\/silikotek.sapartners.site\/index.php\/tuote\/evolution-rage185-kasipyorosaha\/","title":{"rendered":"EVOLUTION RAGE185 k\u00e4sipy\u00f6r\u00f6saha"},"content":{"rendered":"<p>RAGE185 K\u00e4sipy\u00f6r\u00f6saha 185mm 1050W EVOLUTION<br \/>EAN-koodi: 0849713009883<\/p>\n<p>R185EVO Py\u00f6r\u00f6sahater\u00e4-monik\u00e4ytt\u00f6, RAGE 185mm Z20 EVOLUTION<br \/>EAN-koodi: 0849713011589<br \/>Hinta: 32 \u20ac + alv<\/p>\n<p>RT185EVO Py\u00f6r\u00f6sahater\u00e4-timantti 185mm EVOLUTION<br \/>EAN-koodi: 0849713011589<br \/>Hinta: 32 \u20ac + alv<\/p>\n<p>\u2022 Moottori: 230V 50\/60Hz 1050 W<br \/>\u2022 Sahaussyvyys, 90\u00b0 maksimi 55mm, Sahaussyvyys 45\u00b0 maksimi 35mm<br \/>\u2022 Materiaalivahvuus: maksimi 6mm (Putket 3+3mm) &#8211; pehme\u00e4t ter\u00e4kset<br \/>\u2022 Maksimi vahvuus: puumateriaalit 25,4mm<br \/>\u2022 Kierrosnopeus: 3500 k\/min (kuormittamaton)<br \/>\u2022 Suositeltava k\u00e4ytt\u00f6aika: 30min. yht\u00e4jaksoisesti<br \/>\u2022 \u00c4\u00e4nenpainetaso: kuormitettuna 100,8<br \/>\u2022 T\u00e4rin\u00e4taso: kuormitettuna 4,8 m\/s2<br \/>\u2022 Mitat: maksimi K280xL395xS450mm<br \/>\u2022 Mitat: minimi K240xL260xS400mm<br \/>\u2022 Paino: 5,5kg <br \/>\u2022 Ter\u00e4koko: 185x2x20 mm<br \/>\u2022 Toimitussis\u00e4lt\u00f6: Saha, ter\u00e4, kuljetuslaukku, sivukahva, sahausohjain, suojalasit, korvatulpat, kuusiokoloavain 5mm, k\u00e4ytt\u00f6ohjeet.<\/p>\n","protected":false},"excerpt":{"rendered":"<p>RAGE185 K\u00e4sipy\u00f6r\u00f6saha 185mm 1050W EVOLUTIONEAN-koodi: 0849713009883 R185EVO Py\u00f6r\u00f6sahater\u00e4-monik\u00e4ytt\u00f6, RAGE 185mm Z20 EVOLUTIONEAN-koodi: 0849713011589Hinta: 32 \u20ac + alv RT185EVO Py\u00f6r\u00f6sahater\u00e4-timantti 185mm EVOLUTIONEAN-koodi: 0849713011589Hinta: 32 \u20ac + alv \u2022 Moottori: 230V 50\/60Hz 1050 W\u2022 Sahaussyvyys, 90\u00b0 maksimi 55mm, Sahaussyvyys 45\u00b0 maksimi 35mm\u2022 Materiaalivahvuus: maksimi 6mm (Putket 3+3mm) &#8211; pehme\u00e4t ter\u00e4kset\u2022 Maksimi vahvuus: puumateriaalit 25,4mm\u2022 Kierrosnopeus: 3500 k\/min [&hellip;]<\/p>\n","protected":false},"featured_media":4739,"template":"","meta":{"_et_pb_use_builder":"","_et_pb_old_content":"","_et_gb_content_width":""},"pwb-brand":[],"product_brand":[],"product_cat":[437],"product_tag":[],"class_list":{"0":"post-4740","1":"product","2":"type-product","3":"status-publish","4":"has-post-thumbnail","6":"product_cat-evolution","8":"first","9":"instock","10":"sale","11":"taxable","12":"shipping-taxable","13":"purchasable","14":"product-type-simple"},"brands":[],"_links":{"self":[{"href":"https:\/\/silikotek.sapartners.site\/index.php\/wp-json\/wp\/v2\/product\/4740","targetHints":{"allow":["GET"]}}],"collection":[{"href":"https:\/\/silikotek.sapartners.site\/index.php\/wp-json\/wp\/v2\/product"}],"about":[{"href":"https:\/\/silikotek.sapartners.site\/index.php\/wp-json\/wp\/v2\/types\/product"}],"wp:featuredmedia":[{"embeddable":true,"href":"https:\/\/silikotek.sapartners.site\/index.php\/wp-json\/wp\/v2\/media\/4739"}],"wp:attachment":[{"href":"https:\/\/silikotek.sapartners.site\/index.php\/wp-json\/wp\/v2\/media?parent=4740"}],"wp:term":[{"taxonomy":"pwb-brand","embeddable":true,"href":"https:\/\/silikotek.sapartners.site\/index.php\/wp-json\/wp\/v2\/pwb-brand?post=4740"},{"taxonomy":"product_brand","embeddable":true,"href":"https:\/\/silikotek.sapartners.site\/index.php\/wp-json\/wp\/v2\/product_brand?post=4740"},{"taxonomy":"product_cat","embeddable":true,"href":"https:\/\/silikotek.sapartners.site\/index.php\/wp-json\/wp\/v2\/product_cat?post=4740"},{"taxonomy":"product_tag","embeddable":true,"href":"https:\/\/silikotek.sapartners.site\/index.php\/wp-json\/wp\/v2\/product_tag?post=4740"}],"curies":[{"name":"wp","href":"https:\/\/api.w.org\/{rel}","templated":true}]}}