{"id":4732,"date":"2014-03-31T10:48:09","date_gmt":"2014-03-31T10:48:09","guid":{"rendered":"http:\/\/192.168.100.222\/target_carts\/wordpress\/wordpress495\/wordpress\/?product=evolution-twister-sekoituskone"},"modified":"2022-03-04T09:30:26","modified_gmt":"2022-03-04T07:30:26","slug":"evolution-twister-sekoituskone","status":"publish","type":"product","link":"https:\/\/silikotek.sapartners.site\/index.php\/tuote\/evolution-twister-sekoituskone\/","title":{"rendered":"EVOLUTION TWISTER sekoituskone"},"content":{"rendered":"<p>Ammattik\u00e4ytt\u00f6\u00f6n suunniteltu sekoituskone nopeudens\u00e4\u00e4d\u00f6ll\u00e4<\/p>\n<p>\u2022 Kevyt laasteille<br \/>\n\u2022 Tasoitteille<br \/>\n\u2022 Epokseille<br \/>\n\u2022 Pinnotteille<\/p>\n<p>Moottori: 1100W<br \/>\nNopeudens\u00e4\u00e4t\u00f6: 250-750 rpm<br \/>\nPaino: 4,8 kg<\/p>\n","protected":false},"excerpt":{"rendered":"<p>Ammattik\u00e4ytt\u00f6\u00f6n suunniteltu sekoituskone nopeudens\u00e4\u00e4d\u00f6ll\u00e4 \u2022 Kevyt laasteille \u2022 Tasoitteille \u2022 Epokseille \u2022 Pinnotteille Moottori: 1100W Nopeudens\u00e4\u00e4t\u00f6: 250-750 rpm Paino: 4,8 kg<\/p>\n","protected":false},"featured_media":4731,"template":"","meta":{"_et_pb_use_builder":"","_et_pb_old_content":"","_et_gb_content_width":""},"pwb-brand":[],"product_brand":[],"product_cat":[1891,437],"product_tag":[],"class_list":{"0":"post-4732","1":"product","2":"type-product","3":"status-publish","4":"has-post-thumbnail","6":"product_cat-sekoituskoneet","7":"product_cat-evolution","9":"first","10":"instock","11":"taxable","12":"shipping-taxable","13":"purchasable","14":"product-type-simple"},"brands":[],"_links":{"self":[{"href":"https:\/\/silikotek.sapartners.site\/index.php\/wp-json\/wp\/v2\/product\/4732","targetHints":{"allow":["GET"]}}],"collection":[{"href":"https:\/\/silikotek.sapartners.site\/index.php\/wp-json\/wp\/v2\/product"}],"about":[{"href":"https:\/\/silikotek.sapartners.site\/index.php\/wp-json\/wp\/v2\/types\/product"}],"wp:featuredmedia":[{"embeddable":true,"href":"https:\/\/silikotek.sapartners.site\/index.php\/wp-json\/wp\/v2\/media\/4731"}],"wp:attachment":[{"href":"https:\/\/silikotek.sapartners.site\/index.php\/wp-json\/wp\/v2\/media?parent=4732"}],"wp:term":[{"taxonomy":"pwb-brand","embeddable":true,"href":"https:\/\/silikotek.sapartners.site\/index.php\/wp-json\/wp\/v2\/pwb-brand?post=4732"},{"taxonomy":"product_brand","embeddable":true,"href":"https:\/\/silikotek.sapartners.site\/index.php\/wp-json\/wp\/v2\/product_brand?post=4732"},{"taxonomy":"product_cat","embeddable":true,"href":"https:\/\/silikotek.sapartners.site\/index.php\/wp-json\/wp\/v2\/product_cat?post=4732"},{"taxonomy":"product_tag","embeddable":true,"href":"https:\/\/silikotek.sapartners.site\/index.php\/wp-json\/wp\/v2\/product_tag?post=4732"}],"curies":[{"name":"wp","href":"https:\/\/api.w.org\/{rel}","templated":true}]}}