{"id":4724,"date":"2014-03-31T10:48:09","date_gmt":"2014-03-31T10:48:09","guid":{"rendered":"http:\/\/192.168.100.222\/target_carts\/wordpress\/wordpress495\/wordpress\/?product=evolution-230hdx-pyorosaha-laserohjaimella"},"modified":"2014-11-11T12:02:56","modified_gmt":"2014-11-11T12:02:56","slug":"evolution-230hdx-pyorosaha-laserohjaimella","status":"publish","type":"product","link":"https:\/\/silikotek.sapartners.site\/index.php\/tuote\/evolution-230hdx-pyorosaha-laserohjaimella\/","title":{"rendered":"EVOLUTION 230HDX py\u00f6r\u00f6saha laserohjaimella"},"content":{"rendered":"<p>J\u00e4nnite: 230 V<br \/>Ottoteho: 1750 W<br \/>Max sahaussyvyys (levypaksuus) 90\u00b0: 84 mm (6 mm)<br \/>Max sahaussyvyys (levypaksuus) 45\u00b0: 53 mm (6 mm)<br \/>Max levypaksuus pehme\u00e4lle ter\u00e4kselle: 12 mm<br \/>Kierrosnopeus: 2700 r.p.m.<br \/>Paino: 9,0 kg<br \/>Mitat max l x k x s: 370x400x500mm<br \/>Mitat min l x k x s: 250x325x500mm<br \/>Ter\u00e4koko: 230&#215;25, 4x2mm<\/p>\n","protected":false},"excerpt":{"rendered":"<p>Py\u00f6r\u00f6saha laserohjaimella.<\/p>\n","protected":false},"featured_media":4723,"template":"","meta":{"_et_pb_use_builder":"","_et_pb_old_content":"","_et_gb_content_width":""},"pwb-brand":[],"product_brand":[],"product_cat":[437],"product_tag":[],"class_list":{"0":"post-4724","1":"product","2":"type-product","3":"status-publish","4":"has-post-thumbnail","6":"product_cat-evolution","8":"first","9":"instock","10":"sale","11":"taxable","12":"shipping-taxable","13":"purchasable","14":"product-type-simple"},"brands":[],"_links":{"self":[{"href":"https:\/\/silikotek.sapartners.site\/index.php\/wp-json\/wp\/v2\/product\/4724","targetHints":{"allow":["GET"]}}],"collection":[{"href":"https:\/\/silikotek.sapartners.site\/index.php\/wp-json\/wp\/v2\/product"}],"about":[{"href":"https:\/\/silikotek.sapartners.site\/index.php\/wp-json\/wp\/v2\/types\/product"}],"wp:featuredmedia":[{"embeddable":true,"href":"https:\/\/silikotek.sapartners.site\/index.php\/wp-json\/wp\/v2\/media\/4723"}],"wp:attachment":[{"href":"https:\/\/silikotek.sapartners.site\/index.php\/wp-json\/wp\/v2\/media?parent=4724"}],"wp:term":[{"taxonomy":"pwb-brand","embeddable":true,"href":"https:\/\/silikotek.sapartners.site\/index.php\/wp-json\/wp\/v2\/pwb-brand?post=4724"},{"taxonomy":"product_brand","embeddable":true,"href":"https:\/\/silikotek.sapartners.site\/index.php\/wp-json\/wp\/v2\/product_brand?post=4724"},{"taxonomy":"product_cat","embeddable":true,"href":"https:\/\/silikotek.sapartners.site\/index.php\/wp-json\/wp\/v2\/product_cat?post=4724"},{"taxonomy":"product_tag","embeddable":true,"href":"https:\/\/silikotek.sapartners.site\/index.php\/wp-json\/wp\/v2\/product_tag?post=4724"}],"curies":[{"name":"wp","href":"https:\/\/api.w.org\/{rel}","templated":true}]}}