{"id":4667,"date":"2014-03-31T10:48:09","date_gmt":"2014-03-31T10:48:09","guid":{"rendered":"http:\/\/192.168.100.222\/target_carts\/wordpress\/wordpress495\/wordpress\/?product=kelautuva-tarrain-cresto-5hra"},"modified":"2019-04-01T01:00:55","modified_gmt":"2019-03-31T22:00:55","slug":"kelautuva-tarrain-cresto-5hra","status":"publish","type":"product","link":"https:\/\/silikotek.sapartners.site\/index.php\/tuote\/kelautuva-tarrain-cresto-5hra\/","title":{"rendered":"Cresto 5HRA Kelautuva tarrain"},"content":{"rendered":"<p>Kelautuva tarrain Cresto 5HRA 18 m.<\/p>\n<p>Kelautuva tarrain, jossa lukkiutumismekanismi ja automaattinen kiinnitysvaijerin takaisinkelaus. Nyk\u00e4yksenvaimennin on sis\u00e4\u00e4nrakennettu tarraimeen. Varustettu pelastusvinssill\u00e4 pelastus- ja evakuointitilanteisiin.<\/p>\n<p>* Iskunkest\u00e4v\u00e4 alumiinisuojus<br \/>\n* 4,5 mm galvanoitu ter\u00e4svaijeri<br \/>\n* Hihnassa py\u00f6riv\u00e4 kiinnityshaka<\/p>\n<p>Vastaa EN 360, EN 1496 vaatimuksia<\/p>\n","protected":false},"excerpt":{"rendered":"<p>Kelautuva tarrain Cresto 5HRA 18 m. Kelautuva tarrain, jossa lukkiutumismekanismi ja automaattinen kiinnitysvaijerin takaisinkelaus. Nyk\u00e4yksenvaimennin on sis\u00e4\u00e4nrakennettu tarraimeen. Varustettu pelastusvinssill\u00e4 pelastus- ja evakuointitilanteisiin. * Iskunkest\u00e4v\u00e4 alumiinisuojus * 4,5 mm galvanoitu ter\u00e4svaijeri * Hihnassa py\u00f6riv\u00e4 kiinnityshaka Vastaa EN 360, EN 1496 vaatimuksia<\/p>\n","protected":false},"featured_media":4666,"template":"","meta":{"_et_pb_use_builder":"","_et_pb_old_content":"","_et_gb_content_width":""},"pwb-brand":[1591],"product_brand":[],"product_cat":[332],"product_tag":[],"class_list":{"0":"post-4667","1":"product","2":"type-product","3":"status-publish","4":"has-post-thumbnail","6":"pwb-brand-cresto","7":"product_cat-turvatarraimet","9":"first","10":"instock","11":"taxable","12":"shipping-taxable","13":"purchasable","14":"product-type-simple"},"brands":[{"id":1591,"name":"Cresto","slug":"cresto"}],"_links":{"self":[{"href":"https:\/\/silikotek.sapartners.site\/index.php\/wp-json\/wp\/v2\/product\/4667","targetHints":{"allow":["GET"]}}],"collection":[{"href":"https:\/\/silikotek.sapartners.site\/index.php\/wp-json\/wp\/v2\/product"}],"about":[{"href":"https:\/\/silikotek.sapartners.site\/index.php\/wp-json\/wp\/v2\/types\/product"}],"wp:featuredmedia":[{"embeddable":true,"href":"https:\/\/silikotek.sapartners.site\/index.php\/wp-json\/wp\/v2\/media\/4666"}],"wp:attachment":[{"href":"https:\/\/silikotek.sapartners.site\/index.php\/wp-json\/wp\/v2\/media?parent=4667"}],"wp:term":[{"taxonomy":"pwb-brand","embeddable":true,"href":"https:\/\/silikotek.sapartners.site\/index.php\/wp-json\/wp\/v2\/pwb-brand?post=4667"},{"taxonomy":"product_brand","embeddable":true,"href":"https:\/\/silikotek.sapartners.site\/index.php\/wp-json\/wp\/v2\/product_brand?post=4667"},{"taxonomy":"product_cat","embeddable":true,"href":"https:\/\/silikotek.sapartners.site\/index.php\/wp-json\/wp\/v2\/product_cat?post=4667"},{"taxonomy":"product_tag","embeddable":true,"href":"https:\/\/silikotek.sapartners.site\/index.php\/wp-json\/wp\/v2\/product_tag?post=4667"}],"curies":[{"name":"wp","href":"https:\/\/api.w.org\/{rel}","templated":true}]}}