{"id":4558,"date":"2014-03-31T10:48:09","date_gmt":"2014-03-31T10:48:09","guid":{"rendered":"http:\/\/192.168.100.222\/target_carts\/wordpress\/wordpress495\/wordpress\/?product=asentajanhanska-guide-763-amara"},"modified":"2018-07-03T11:49:03","modified_gmt":"2018-07-03T08:49:03","slug":"asentajanhanska-guide-763-amara","status":"publish","type":"product","link":"https:\/\/silikotek.sapartners.site\/index.php\/tuote\/asentajanhanska-guide-763-amara\/","title":{"rendered":"Asentajanhanska GUIDE 763 Amara"},"content":{"rendered":"<p>GUIDE 763 Asentaja Synteetti.<\/p>\n<p>Vuoriton, joustava ja kulutusta kest\u00e4v\u00e4 ty\u00f6k\u00e4sine synteettist\u00e4 materiaalia.<\/p>\n<p>* Valmistettu synteettisest\u00e4 amara-materiaalista<br \/>\n* Hyv\u00e4 pito kuivalla ja kostealla<br \/>\n* Tarrakiinnitys ranteessa<br \/>\n* Vuoriton<br \/>\n* K\u00e4mmenselk\u00e4 synteettist\u00e4 materiaalia, miellytt\u00e4v\u00e4ntuntuinen sis\u00e4pinta<br \/>\n* Pesunkest\u00e4v\u00e4 40\u00b0C<br \/>\n* Kromivapaa<\/p>\n<p>K\u00e4ytt\u00f6alue: Asennus-, ker\u00e4ily- ja pakkausty\u00f6h\u00f6n, sopii kevyempiin t\u00f6ihin.<br \/>\nVastaa EN 388, kategoria 2 vaatimuksia.<\/p>\n<p>Koot:7, 8, 9, 10, 11<br \/>\n<img decoding=\"async\" src=\"data:image\/png;base64,iVBORw0KGgoAAAANSUhEUgAAANcAAAA4CAIAAADhDfq1AAARoklEQVR4nO1ce3BTxdtO+YOIdAbFpoiUogYZIC3YwdKeSinDRR1nQC6NbS3lIhUHpSNBRSml6WiFccZiZ7h82ArMtAiGpqFthGgwBURJWxKVJkFruDQEhVAKtS1NmiZnvz922FnPLSfpJeU355kOc86e3X12zz55993d9yACAoYcJEmy3Pof\/GFPB4IC1UWSZG9v79+OVovZbG5sqK3RlP\/fvpqqb9tdt4CfrVWDDtGQMQmgAB\/mIRpyEpAkSQJAkqTX09vTfb\/P6+n19JC+\/+p+CPUHIahwuGDIxp5ksa9DLz4EQYVhBhp7kiSHQAcUA8zGOMSKFFQYfgzGkDOKm8ID00mSpHiEQw9BhcMFg6rF0BKHDIIKBYQfggoFhB+CCgWEH4IKBYQfggoFhB+CCgWEH4IKBYQfggoFhB+CCgWEH4IKBYQfoahQpVLJ5XKpVCoSiZqbmwPmd7vdKpWKIAiJRCIScTGKRKKIiAgRC9ge0dPxlK1bt4bQRxDqoVZ\/jsIo4QV9fX1Op9NgMJw6dUr9X+j1eoPB4HQ6fT7fALY8XOzBqdBut0PxIahUKsacqClmsxmKD4mDqzUiUV1dne0BrFYrvLh06RIlhX4Lr61WK5751Vdfzc\/PDyFyhC34jx6HMhgnsG6322g0wiGvrq6uqqqqqqpSq9XwXwqMRqPb7ebuwjBnD0KFZWVlYrE4IiICWZqIiAilUsnRmXXr1lEsU0REBFdrRCKbzUZJDDjwHLeZmZmFhYUBK2Qsi4el0FnY8vfTFgIAbDYbGuPq6uqGhgan09nR0dHV1aXX6\/FHuBro7+0hYuerwsLCQtyeRUdHK5VKpVJ55swZtuFJSEjAxZeQkACLcLWGSYXcoLPjKVlZWQUFBTxtHnfiYIBC5Ha7dTodHFetVut0Oil59Hp9VVUVRQEI33\/\/PTJLfLoQXnYcvFRot9txPeFKYuMrLy9HVlMsFpeXl\/NqjUhks9lCCIVny5aTk4P7hYM0mfazHli8q6tLo9HAETWZTH19ffScuDWim6Xq6mqNRtPd3f0QsUPwUuGzzz6LrODp06dBoPfucrkeeeQRqNro6GiXy8W3NSKR1WrlzrNgwYLIyMjIyMgnn3zy8uXLlKeUhmVlZW3fvh1ed3Z2uh7g5s2bLpcLvrJ79+7dvXsXlfV4PO3t7TwbPFDo6enRaDRwIB0OB9vrRQsFuouG1KDRaBgdtWHLDviosKSkBDl20ApyWBR4LZfLke2sra1ly8zQGmxGZrOIKSkpK1eu3LRpU2RkpN1u5645IyMDqpAkycLCwgkTJkyaNCk2NnbixImxsbFlZWUAAIVCkZycDIUIADh27NjixYsp9fj9\/m3btqWmpubk5FgsFpjo8\/m2bt2ampq6fv36GzduwMSOjo41a9YQBJGfn+\/1ejk6izcbTYVdXV2MGSCgNUJDTlk0oHSdTheQdziwIwRWoUwmg3qSSCQ8K42OjoZF6MMZoDUPVEj39NH17NmzDx06dPr06dGjR7e0tODF6UJcuXIlmpE3bty4YcMGOunq1atFItHHH38Mbw8cOJCcnEyps6CgYOHChUajsbS0NC4uzuPxAACKi4uXLVtmNpsVCsWiRYtgfrlcXlBQYDably9fvmPHDj69RgsCh8PBnVOv17O5ZRTwd6\/Dyw4RWIVisRg3hAHhdrsD7uOwtobH6iQ5OfnQoUP19fWRkZEUFdKRnZ1dUFAAr\/Py8thUmJyc\/MQTT0Bn4+uvvyYIgpLn22+\/\/euvvwAAHR0d06dPv3XrFkmSCoVi9+7dJEk2NjaiIi+99NIvv\/wC63nrrbcCdtntdkOLAktxg9Ezwy0Tbpb4zIzhZUcIrEIkKTQTcc+qFotFxAI+XIwqPHHihFKp\/PTTT3fs2BEbG1teXg5VaLfbKVaT0raMjAy0U5OXl0cQRFFR0SeffFJcXLxr1y44AeXm5m7evPmDDz6YNWuWx+M5cOBAUlISY\/MOHz6clJS0Y8cOyOJwOJ577rnFixdLpdITJ07APKdOnXrmmWdee+21qVOnouZx4Pz581VVVRqNxu\/309tPAYcO1DR3raGhgZs67OwIvJQRcLcZR0lJCV1\/PGtgU2FGRkZMTMzy5cuXLl0ql8sNBkN9fb1YLC4tLVWr1SqVqqamRqPRwBdx\/PhxeHHv3r3s7Oxt27bBSvLy8mbPnl38ACUlJdAXXLNmzYcfftjR0TFt2rSioiI4IzNuFh4\/fryoqCglJaW1tZUkyfz8\/LVr12q12q1bt77yyiudnZ3379\/PzMzMz8\/\/7rvvMjIyEDUbfD4fHDPKzgAbuHWAAxokxrONYcKOIwhbiC8FOIBsIf1gjQ8XowrT09OXLFmCp9TX148YMWLKlCkzZsyYOXOmTCaLi4ubOXNmXFxcXFwcTLRYLCtXroQOH0mSHDPyRx99RJJkbW3t2LFj4WKFkqetrQ36ggCATZs27dmzp62tbfLkyffv34eJc+fOvXDhgtlsnjVrFkzp7OycOnXq7du3OfrrdDrhsPGcv9h0wOauwT2\/4cmOIwgV7tq1i88vxuVyoSLZ2dlKDHy4GFWYlZWFFjqwDXBG\/uOPP\/r6+vr6+rxer9frRdc+n6+vr48kScqMTFchSZLr1q17\/\/334XVOTs6jjz5KV+Hrr7++e\/duAIDP58vKyjp69Gh3d\/eMGTPgVlF3d3dcXFxzc7PNZouPj+\/s7AQAWK3WadOm3blzh6O\/BoNBrVbrdDqe5y78rRGcDerr64ctO44g1sjPP\/88z0rRgkahUKBEPgrmo0IIOCMXFhbue4C9e\/fu+y\/u3r2bmZm5fft2SJ2XlxcfH\/\/mm2\/m5ua+\/fbbubm5Bw8eBAAgFQIArl27Nn78eHx1Asv+9NNPMTExOTk5S5YsmT9\/\/r179wAAhw4dmj59+tq1axMTE1etWuX1ev1+\/3vvvZecnLxu3TqpVPrll19y91er1arV6t9\/\/z3gm4HgrwMIrVY7bNlx8NovRLYNHoEE1BNBEGhSDril95\/WsKhQLpdTZuTTp0+PGDHihRdeSGPCvHnz5s2bZ7fbs7Oz0U5NU1NTRUVFZWVlxQOcO3cOAHD27Fl8JMxmM1pq4Ghrazt69OiPP\/7Y29uLEpubmysqKhoaGnA\/8ty5c5WVlZcuXQrYZThacPU9IJ4Zfa06bNlxBFah2+1GQTE8vcNff\/0V+YUJCQn4I\/671jgyMzMpttBgMPDZqXnjjTe4lwghnBaGkJkNcMA6Ojp4VhusNeKjwnCx4+C18jWbzfhqI6CHB50tJFypVMpzZTNy5MizZ8\/S30VmZuaCBQv+\/PPPS5cutbS0tLS0VFRUUM5OANN+TWJiYnFxcUBePMpmCAK3EOBQ6XQ6PT\/wGXjKWiEgO1LhgPiF\/Nlx8N1\/wVUVERERFRX1xRdfWCwWypYYuna73dHR0Ui4YrFYoVBYrVZuOc6dOxdOoJTgq\/Xr10skkokTJ06cODEmJiYmJuapp56KjY29cuUKYz2wrMvlmjBhgl6v58gTLAZWlGi0GEP3ggKsgb5cDcj+77\/\/8uxgwF3roNhxBFYhahYuRCTH6dOnsxW02+0wDAKHTCbj4MrPz58yZQr9RbS3t1+7ds3hcLS2tl67du3q1avXr1+\/fv06DP1ge3FHjx6VSCQ9PT1+v99gMGRlZc2bN2\/fvn1oH+vOnTtKpfLdd99FRerr69PT0+fPn\/\/VV1+hxLa2ti1btmzcuLH\/EYQUwKGCg4eOZXmekuGARWBEKqXCgOw8NwtBoJ2aYNlxBB1rTRGWXC7HM9D7g7QL7WJ6ejpH\/S0tLWPHjj158iSsSqvVEgSRmJiYlJSUkpKSlJSUmJhIEERKSgqeiOZcCjtBEO+88w68Pnbs2NWrV2\/evDljxoxjx47BRKVSuWXLFoIgUEGj0ehwOBwOR3x8\/JkzZ2BiYWGhQqGYM2dOUO+KD2AYAd2p7ydQhdyBBZCdcsgRmi0MgR1HELYQQaVSpaenw5AFPj7i3r17FQpFVFRUwPxer3f58uWZmZnQXB08eJBx9xvJGj5as2YNvaqmpqaRI0fSX\/Hnn3+OVs0ej+fChQtoXwZ3DZcuXYpU2NvbazabB0OFRqORIrvQpmY2C2o0GrnZ1Wp1XV0dz9ayqTA0dhyhf4N369Yti8XCFjtI167b7ebIj2AymUaNGmUwGAAADofjm2++OXz48JEjRw4fPvwNC+hHlj6fLy0tbcWKFfRDpJycHI1Gg9Olpqai256env37969atSorKwsdlgAAGhoaBkOF7e3t+FiyeVdByVGNSZl7z\/zOnTuQjh7QxQieOzU82XHwUiG338AWcx+a\/wQPJ9LS0rxeb8AaGE97AQBVVVVisbixsZGSra6u7uWXX+7p6UE1NDU14fLq7e3V6XS7du1KS0trampC6RcuXIBiHfAlM4pw7j+QZwaB\/9i42aHR6ucaOQR2BF4qvH37tkqlUiqVMFKLsbmMRg7mhGXNZjMfLpIkzWbzmDFj9u\/fzyc\/hYskye7u7vj4+LVr11KaajKZZs2adfHiRVy7+IyMo66ubsWKFeh2kGZk8N+vjfqjP3SNpBAwRo4kScQOTx1D2y8MjR1HYBXevn37scceKykpsVqtUqmU0bGjHBPjnVEqlWlpaefPn5dIJDyFCAD47LPPoqKiWltbubPR35rP59u8efOkSZPwo3So7BdffPH8+fOU\/CaTCZeXy+WCx9A7d+5cv349SqeYzAGE3++nmEM+MzL3ggYGa\/EJafH5fJCdspJglOMPP\/yAGFED6I4sf3aEwCpUKBTwOJgkSZfLBSP47XY7QRAymUwul8PDlaioKPpXIACAmpoaaCblcnlJSQnPZnV1dSUkJCxcuBD+RiE4fqnoUW1trVgsPnLkCJ7ocrliY2NjY2NTU1PnzJmzefNmVBBNtaizqampCxYskMvlKIgfANDY2IiyDfik\/M8\/\/+B6oowr4y3+zRFjtr\/\/\/jtYduTAMHaTJElkC9FyBL8IjR2CVzQD\/XOTPXv2QDlKpVKLxbJhw4YNGzZwfAhot9vFYnHACCK84OXLl8eNG5ebm0svxagDkiR\/++238ePHb9myBcZs4vBhoGyz45lJkvT5fH6\/n7JtDtPZqPuPxsZGNrtCMXVsssOBe7TcgN1B7NevX2fLA5hmZEazzZ8dIbAK09PTlUolbApc5wIALl++TBAEQRBisdhqtdIDt\/DRqqmpGTNmDM9DPLy4Xq8fPXo0LkQ2EZAkefHixaeffnr16tUo5i8ohHygPCDw+\/3oEyQ1tg\/MKDK6BcIVqdPpgpoNAQA+n+\/kyZOwONpwoL8Ejp2a\/rADPio0m81RUVEej4ckybKyMhidIJPJ4JcKUqm0ubm5sLCwqKiIcfBqa2snT54cwteBECaTSSKRrFixAv9YE9DeUWVl5YQJE3Jzc3t7ezmUyp0y9OLDGf1+P5IC0hnywBgtH9rcoYgg2I7ACQH9DHQ6HWXvBs4M8EtQxim4P+yA5xpZqVSKxeLJkycnJCRAJ2\/nzp0SiSQ5OTkhIUGlUsFV7ZkzZywWi0wmw9shlUolEolMJpPJZHv37g22fQCApqamqVOnxsfHo\/grvP7u7u7t27dHRkYqFAo85io0sM31\/ayWDy9kMZlMdCuIDznHssBkMoXQbMo2AqrNaDRStIhWJ2omax0aO0TQu9Z0hylg\/mAp6AVbW1sXLVr0+OOPl5aW4rPzzz\/\/vHDhwsjIyMrKSspEwGY12SiG3hDSAdtw9+5dGH\/KCMrwQy1qtVr0PTWfjnMAZ6+urtZqtUaj0WaztbS06HQ6ioWG6D\/7Q\/P\/F3o8nrKysnHjxsXFxZWWltbX169evXrUqFHLli1ji6zhD45t9nCp88aNG2iKpG\/I4We1\/D\/voIOt406nU6fTBTzg7ic7wkOjQogrV64oFIpx48aJRCKCICorK0P2OB8KuN1up9Nps9kogYY2m83pdA5234eM\/SFToYD\/SQgqFBB+CCoUEH4IKhQQfggqFBB+CCoUEH4IKhQQfvw\/E1Bs462+ld4AAAAASUVORK5CYII=\" alt=\"\" \/><\/p>\n","protected":false},"excerpt":{"rendered":"<p>Ohut ty\u00f6k\u00e4sine synteettist\u00e4 nahkaa.<\/p>\n<ul>\n<li>Ilmava<\/li>\n<li>Tarranauha<\/li>\n<li>Koot 7-11<\/li>\n<\/ul>\n<p><em>Kest\u00e4v\u00e4 ja joustava<\/em><br \/>\n<em> <strong>Guide 763 Ohut ty\u00f6k\u00e4sine synteettist\u00e4 nahkaa<\/strong> <\/em><br \/>\nVuoriton ty\u00f6k\u00e4sine, jossa k\u00e4mmen synteettist\u00e4 Amara-materiaalia<\/p>\n","protected":false},"featured_media":4557,"template":"","meta":{"_et_pb_use_builder":"","_et_pb_old_content":"","_et_gb_content_width":""},"pwb-brand":[],"product_brand":[],"product_cat":[300],"product_tag":[],"class_list":{"0":"post-4558","1":"product","2":"type-product","3":"status-publish","4":"has-post-thumbnail","6":"product_cat-synteettiset-kasineet","7":"pa_hanskakoko-955","8":"pa_hanskakoko-956","9":"pa_hanskakoko-952","10":"pa_hanskakoko-953","11":"pa_hanskakoko-954","12":"pa_pakkauskoko-951","13":"pa_pakkauskoko-958","15":"first","16":"instock","17":"taxable","18":"shipping-taxable","19":"purchasable","20":"product-type-variable"},"brands":[],"_links":{"self":[{"href":"https:\/\/silikotek.sapartners.site\/index.php\/wp-json\/wp\/v2\/product\/4558","targetHints":{"allow":["GET"]}}],"collection":[{"href":"https:\/\/silikotek.sapartners.site\/index.php\/wp-json\/wp\/v2\/product"}],"about":[{"href":"https:\/\/silikotek.sapartners.site\/index.php\/wp-json\/wp\/v2\/types\/product"}],"wp:featuredmedia":[{"embeddable":true,"href":"https:\/\/silikotek.sapartners.site\/index.php\/wp-json\/wp\/v2\/media\/4557"}],"wp:attachment":[{"href":"https:\/\/silikotek.sapartners.site\/index.php\/wp-json\/wp\/v2\/media?parent=4558"}],"wp:term":[{"taxonomy":"pwb-brand","embeddable":true,"href":"https:\/\/silikotek.sapartners.site\/index.php\/wp-json\/wp\/v2\/pwb-brand?post=4558"},{"taxonomy":"product_brand","embeddable":true,"href":"https:\/\/silikotek.sapartners.site\/index.php\/wp-json\/wp\/v2\/product_brand?post=4558"},{"taxonomy":"product_cat","embeddable":true,"href":"https:\/\/silikotek.sapartners.site\/index.php\/wp-json\/wp\/v2\/product_cat?post=4558"},{"taxonomy":"product_tag","embeddable":true,"href":"https:\/\/silikotek.sapartners.site\/index.php\/wp-json\/wp\/v2\/product_tag?post=4558"}],"curies":[{"name":"wp","href":"https:\/\/api.w.org\/{rel}","templated":true}]}}