{"id":4440,"date":"2014-03-31T10:48:09","date_gmt":"2014-03-31T10:48:09","guid":{"rendered":"http:\/\/192.168.100.222\/target_carts\/wordpress\/wordpress495\/wordpress\/?product=nakertaja-kstools-515-3050"},"modified":"2015-03-16T11:17:38","modified_gmt":"2015-03-16T11:17:38","slug":"nakertaja-kstools-515-3050","status":"publish","type":"product","link":"https:\/\/silikotek.sapartners.site\/index.php\/tuote\/nakertaja-kstools-515-3050\/","title":{"rendered":"Nakertaja Kstools 515.3050"},"content":{"rendered":"<p>Paineilmanakertaja Kstools 515.3050, Kapasiteetti 2,6 m\/min, ter\u00e4slevy 1,2 mm, alumiinilevy 1,6 mm, teho 330 W, <\/p>\n<p><\/p>\n","protected":false},"excerpt":{"rendered":"<p>Kstoolsin nakertajalla leikkaa k\u00e4tev\u00e4sti pelti\u00e4 muotoon. Nakertaja leikka 1,2 mm ter\u00e4st\u00e4 ja 1,6 mm alumiinia.<\/p>\n","protected":false},"featured_media":4439,"template":"","meta":{"_et_pb_use_builder":"","_et_pb_old_content":"","_et_gb_content_width":""},"pwb-brand":[],"product_brand":[],"product_cat":[884,754],"product_tag":[],"class_list":{"0":"post-4440","1":"product","2":"type-product","3":"status-publish","4":"has-post-thumbnail","6":"product_cat-paineilmapeltileikkurit-ja-nakertajat","7":"product_cat-kori-tyokalut","9":"first","10":"instock","11":"sale","12":"taxable","13":"shipping-taxable","14":"purchasable","15":"product-type-simple"},"brands":[],"_links":{"self":[{"href":"https:\/\/silikotek.sapartners.site\/index.php\/wp-json\/wp\/v2\/product\/4440","targetHints":{"allow":["GET"]}}],"collection":[{"href":"https:\/\/silikotek.sapartners.site\/index.php\/wp-json\/wp\/v2\/product"}],"about":[{"href":"https:\/\/silikotek.sapartners.site\/index.php\/wp-json\/wp\/v2\/types\/product"}],"wp:featuredmedia":[{"embeddable":true,"href":"https:\/\/silikotek.sapartners.site\/index.php\/wp-json\/wp\/v2\/media\/4439"}],"wp:attachment":[{"href":"https:\/\/silikotek.sapartners.site\/index.php\/wp-json\/wp\/v2\/media?parent=4440"}],"wp:term":[{"taxonomy":"pwb-brand","embeddable":true,"href":"https:\/\/silikotek.sapartners.site\/index.php\/wp-json\/wp\/v2\/pwb-brand?post=4440"},{"taxonomy":"product_brand","embeddable":true,"href":"https:\/\/silikotek.sapartners.site\/index.php\/wp-json\/wp\/v2\/product_brand?post=4440"},{"taxonomy":"product_cat","embeddable":true,"href":"https:\/\/silikotek.sapartners.site\/index.php\/wp-json\/wp\/v2\/product_cat?post=4440"},{"taxonomy":"product_tag","embeddable":true,"href":"https:\/\/silikotek.sapartners.site\/index.php\/wp-json\/wp\/v2\/product_tag?post=4440"}],"curies":[{"name":"wp","href":"https:\/\/api.w.org\/{rel}","templated":true}]}}