{"id":4432,"date":"2014-03-31T10:48:09","date_gmt":"2014-03-31T10:48:09","guid":{"rendered":"http:\/\/192.168.100.222\/target_carts\/wordpress\/wordpress495\/wordpress\/?product=vetoakselin-suojakumin-asennustyokalu"},"modified":"2024-09-30T09:53:05","modified_gmt":"2024-09-30T06:53:05","slug":"vetoakselin-suojakumin-asennustyokalu","status":"publish","type":"product","link":"https:\/\/silikotek.sapartners.site\/index.php\/tuote\/vetoakselin-suojakumin-asennustyokalu\/","title":{"rendered":"Kstools Paineilma-asennuslaite vetoakselin suojakumille, 450 mm, 515.3100"},"content":{"rendered":"<p>Unboxing-video:<br \/>\n<iframe loading=\"lazy\" src=\"http:\/\/view.vzaar.com\/13517823\/video\" width=\"600\" height=\"450\"><\/iframe><\/p>\n<div class=\"product--description\">\n<div class=\"container\">\n<div class=\"detail-middle--properties\">\n<div class=\"product--properties panel\">\n<table class=\"product--properties-table\">\n<tbody>\n<tr class=\"product--properties-item\">\n<td class=\"product--properties-label\">Materiaali1:<\/td>\n<td><span class=\"product--properties-value\">Erikoismuovia<\/span><\/td>\n<\/tr>\n<tr class=\"product--properties-item\">\n<td class=\"product--properties-label\">Liitoskierre:<\/td>\n<td><span class=\"product--properties-value\">1\/4&#8243;PT<\/span><\/td>\n<\/tr>\n<tr class=\"product--properties-item\">\n<td class=\"product--properties-label\">Letkun v\u00e4himm\u00e4isl\u00e4pimitta:<\/td>\n<td><span class=\"product--properties-value\">3\/8&#8243; &#8211; 10 mm<\/span><\/td>\n<\/tr>\n<tr class=\"product--properties-item\">\n<td class=\"product--properties-label\">Kahva:<\/td>\n<td><span class=\"product--properties-value\">Kylm\u00e4eristetty kahva<\/span><\/td>\n<\/tr>\n<tr class=\"product--properties-item\">\n<td class=\"product--properties-label\">K\u00e4ytt\u00f6alue, yleinen:<\/td>\n<td><span class=\"product--properties-value\">Akseliholkeille<\/span><\/td>\n<\/tr>\n<tr class=\"product--properties-item\">\n<td class=\"product--properties-label\">K\u00e4ytt\u00f6paine, bar:<\/td>\n<td><span class=\"product--properties-value\">max. 8 bar<\/span><\/td>\n<\/tr>\n<tr class=\"product--properties-item\">\n<td class=\"product--properties-label\">Standardi:<\/td>\n<td><span class=\"product--properties-value\">DIN EN ISO 28662-1<\/span><\/td>\n<\/tr>\n<tr class=\"product--properties-item\">\n<td class=\"product--properties-label\">Pakkauksen sis\u00e4lt\u00f6:<\/td>\n<td><span class=\"product--properties-value\">1<\/span><\/td>\n<\/tr>\n<tr class=\"product--properties-item\">\n<td class=\"product--properties-label\">Enimm\u00e4ispaisuntal\u00e4pimitta:<\/td>\n<td><span class=\"product--properties-value\">25 &#8211; 115<\/span><\/td>\n<\/tr>\n<tr class=\"product--properties-item\">\n<td class=\"product--properties-label\">Mittausep\u00e4varmuus, t\u00e4rin\u00e4nnopeutus:<\/td>\n<td><span class=\"product--properties-value\">0.2<\/span><\/td>\n<\/tr>\n<tr class=\"product--properties-item\">\n<td class=\"product--properties-label\">T\u00e4rin\u00e4nnopeutus:<\/td>\n<td><span class=\"product--properties-value\">&lt; 0,37<\/span><\/td>\n<\/tr>\n<tr class=\"product--properties-item\">\n<td class=\"product--properties-label\">Pituus, mm:<\/td>\n<td><span class=\"product--properties-value\">450<\/span><\/td>\n<\/tr>\n<tr class=\"product--properties-item\">\n<td class=\"product--properties-label\">Leveys mm:<\/td>\n<td><span class=\"product--properties-value\">200.0<\/span><\/td>\n<\/tr>\n<tr class=\"product--properties-item\">\n<td class=\"product--properties-label\">Unboxing-linkki:<\/td>\n<td><span class=\"product--properties-value\"><a href=\"http:\/\/view.vzaar.com\/13517823\/video\" target=\"_blank\" rel=\"nofollow noopener noreferrer\">Video<\/a><\/span><\/td>\n<\/tr>\n<tr class=\"product--properties-item\">\n<td class=\"product--properties-label\">Paino g:<\/td>\n<td><span class=\"product--properties-value\">2265<\/span><\/td>\n<\/tr>\n<\/tbody>\n<\/table>\n<\/div>\n<\/div>\n<\/div>\n<div class=\"toggle-overlay\">\n<div class=\"toggle-hint\"><\/div>\n<\/div>\n<\/div>\n","protected":false},"excerpt":{"rendered":"<p>T\u00e4ll\u00e4 vetoakselin suojakumin asennusty\u00f6kalulla s\u00e4\u00e4st\u00e4t aikaa. Levit\u00e4t t\u00e4ll\u00e4 suojakumin ja ved\u00e4t sen vetonivelen yli, ilman, ett\u00e4 vetonivelt\u00e4 tarvitsee irroittaa.<\/p>\n<ul>\n<li>ilmanpoisto takana olevan kahvan avulla<\/li>\n<li>sopii kaikille yleisille ja alkuper\u00e4isille moottoriajoneuvojen akseliholkeille<\/li>\n<li>sopii my\u00f6s nelivetoajoneuvoille ja pienille pakettiautoille<\/li>\n<li>vetoakselin nivelille, joiden halkaisija on 25\u2013115 mm<\/li>\n<li>8 eritt\u00e4in kest\u00e4v\u00e4\u00e4 levitysvartta<\/li>\n<li>nivelvarsien levitys paineilmalla<\/li>\n<li>paineilmaa voidaan annostella hyvin painikkeella<\/li>\n<li>ylim\u00e4\u00e4r\u00e4ist\u00e4 voiteluainetta ei tarvita<\/li>\n<li>integroitu varoventtiili<\/li>\n<li>sis. 1\/4 tuuman pistokkeen<\/li>\n<li>kest\u00e4v\u00e4 alumiinirakenne<\/li>\n<\/ul>\n","protected":false},"featured_media":18892,"template":"","meta":{"_et_pb_use_builder":"off","_et_pb_old_content":"515.3100 Vetoakselin suojakumin asennusty\u00f6kalu pneumaattinen.","_et_gb_content_width":""},"pwb-brand":[1454],"product_brand":[],"product_cat":[466,769],"product_tag":[1610],"class_list":{"0":"post-4432","1":"product","2":"type-product","3":"status-publish","4":"has-post-thumbnail","6":"pwb-brand-kstools","7":"product_cat-paineilmatyokalut","8":"product_cat-vaihteisto-ja-voimansiirto","9":"product_tag-suojakumin-asennuslaite","11":"first","12":"instock","13":"taxable","14":"shipping-taxable","15":"purchasable","16":"product-type-simple"},"brands":[{"id":1454,"name":"Kstools","slug":"kstools"}],"_links":{"self":[{"href":"https:\/\/silikotek.sapartners.site\/index.php\/wp-json\/wp\/v2\/product\/4432","targetHints":{"allow":["GET"]}}],"collection":[{"href":"https:\/\/silikotek.sapartners.site\/index.php\/wp-json\/wp\/v2\/product"}],"about":[{"href":"https:\/\/silikotek.sapartners.site\/index.php\/wp-json\/wp\/v2\/types\/product"}],"wp:featuredmedia":[{"embeddable":true,"href":"https:\/\/silikotek.sapartners.site\/index.php\/wp-json\/wp\/v2\/media\/18892"}],"wp:attachment":[{"href":"https:\/\/silikotek.sapartners.site\/index.php\/wp-json\/wp\/v2\/media?parent=4432"}],"wp:term":[{"taxonomy":"pwb-brand","embeddable":true,"href":"https:\/\/silikotek.sapartners.site\/index.php\/wp-json\/wp\/v2\/pwb-brand?post=4432"},{"taxonomy":"product_brand","embeddable":true,"href":"https:\/\/silikotek.sapartners.site\/index.php\/wp-json\/wp\/v2\/product_brand?post=4432"},{"taxonomy":"product_cat","embeddable":true,"href":"https:\/\/silikotek.sapartners.site\/index.php\/wp-json\/wp\/v2\/product_cat?post=4432"},{"taxonomy":"product_tag","embeddable":true,"href":"https:\/\/silikotek.sapartners.site\/index.php\/wp-json\/wp\/v2\/product_tag?post=4432"}],"curies":[{"name":"wp","href":"https:\/\/api.w.org\/{rel}","templated":true}]}}