{"id":4417,"date":"2014-03-31T10:48:09","date_gmt":"2014-03-31T10:48:09","guid":{"rendered":"http:\/\/192.168.100.222\/target_carts\/wordpress\/wordpress495\/wordpress\/?product=vannesaha-hd18-bs-402c"},"modified":"2019-08-27T09:26:23","modified_gmt":"2019-08-27T06:26:23","slug":"vannesaha-hd18-bs-402c","status":"publish","type":"product","link":"https:\/\/silikotek.sapartners.site\/index.php\/tuote\/vannesaha-hd18-bs-402c\/","title":{"rendered":"Milwaukee HD18 BS-402C Vannesaha"},"content":{"rendered":"<ul>\n<li>REDLINK&#x2122;-ylikuormitussuojan elektroniikka ty\u00f6kaluissa ja akussa tuottaa luokkansa parhaan kest\u00e4vyyden<\/li>\n<li>85 mm sahauskapasiteetti mahdollistaa useimpien materiaalien sahaamisen<\/li>\n<li>Avaimetonta, s\u00e4\u00e4dett\u00e4v\u00e4\u00e4 kenk\u00e4\u00e4 on helppo s\u00e4\u00e4t\u00e4\u00e4 kun ty\u00f6skennell\u00e4\u00e4n kiinteiden katto- ja sein\u00e4materiaalien kanssa<\/li>\n<li>Ter\u00e4nirrotusj\u00e4rjestelm\u00e4n avulla ter\u00e4 voidaan vaihtaa nopeasti siirt\u00e4m\u00e4ll\u00e4 ohjain yl\u00e4asentoon ja painamalla ter\u00e4nirrotuspainiketta<\/li>\n<li>Yksitt\u00e4isten akun kennojen valvonta optimoi ty\u00f6kalun k\u00e4ytt\u00f6ajan ja varmistaa akun kest\u00e4vyyden<\/li>\n<li>Virtamittari ja LED-ty\u00f6valo<\/li>\n<li>REDLITHIUM-ION&#x2122;-akun ylivoimainen rakenne, elektroniikka ja jatkuva suorituskyky takaavat pidemm\u00e4n k\u00e4ytt\u00f6ajan ja -i\u00e4n<\/li>\n<li>Toimii kaikilla Milwaukee\u00ae M18&#x2122; -akuilla<\/li>\n<\/ul>\n","protected":false},"excerpt":{"rendered":"<p>4,8 kg kompakti ja kevyt vannesaha on helppo k\u00e4ytt\u00e4\u00e4 ahtaissakin paikoissa<\/p>\n","protected":false},"featured_media":19950,"template":"","meta":{"_et_pb_use_builder":"","_et_pb_old_content":"","_et_gb_content_width":""},"pwb-brand":[1452],"product_brand":[],"product_cat":[741],"product_tag":[],"class_list":{"0":"post-4417","1":"product","2":"type-product","3":"status-publish","4":"has-post-thumbnail","6":"pwb-brand-milwaukee","7":"product_cat-akkuleikkurit","9":"first","10":"instock","11":"taxable","12":"shipping-taxable","13":"purchasable","14":"product-type-simple"},"brands":[{"id":1452,"name":"Milwaukee","slug":"milwaukee"}],"_links":{"self":[{"href":"https:\/\/silikotek.sapartners.site\/index.php\/wp-json\/wp\/v2\/product\/4417","targetHints":{"allow":["GET"]}}],"collection":[{"href":"https:\/\/silikotek.sapartners.site\/index.php\/wp-json\/wp\/v2\/product"}],"about":[{"href":"https:\/\/silikotek.sapartners.site\/index.php\/wp-json\/wp\/v2\/types\/product"}],"wp:featuredmedia":[{"embeddable":true,"href":"https:\/\/silikotek.sapartners.site\/index.php\/wp-json\/wp\/v2\/media\/19950"}],"wp:attachment":[{"href":"https:\/\/silikotek.sapartners.site\/index.php\/wp-json\/wp\/v2\/media?parent=4417"}],"wp:term":[{"taxonomy":"pwb-brand","embeddable":true,"href":"https:\/\/silikotek.sapartners.site\/index.php\/wp-json\/wp\/v2\/pwb-brand?post=4417"},{"taxonomy":"product_brand","embeddable":true,"href":"https:\/\/silikotek.sapartners.site\/index.php\/wp-json\/wp\/v2\/product_brand?post=4417"},{"taxonomy":"product_cat","embeddable":true,"href":"https:\/\/silikotek.sapartners.site\/index.php\/wp-json\/wp\/v2\/product_cat?post=4417"},{"taxonomy":"product_tag","embeddable":true,"href":"https:\/\/silikotek.sapartners.site\/index.php\/wp-json\/wp\/v2\/product_tag?post=4417"}],"curies":[{"name":"wp","href":"https:\/\/api.w.org\/{rel}","templated":true}]}}