{"id":4212,"date":"2014-03-31T10:48:09","date_gmt":"2014-03-31T10:48:09","guid":{"rendered":"http:\/\/192.168.100.222\/target_carts\/wordpress\/wordpress495\/wordpress\/?product=suojalasi-zekler-z101-pun"},"modified":"2018-12-11T15:51:28","modified_gmt":"2018-12-11T13:51:28","slug":"suojalasi-zekler-z101-pun","status":"publish","type":"product","link":"https:\/\/silikotek.sapartners.site\/index.php\/tuote\/suojalasi-zekler-z101-pun\/","title":{"rendered":"Zekler Z101 Suojalasi punainen"},"content":{"rendered":"<p>Suojalasi ZEKLER Z101.<\/p>\n<p>*Polykarbonaattilinssit.<br \/>\n* Suodattaa 100% UV-s\u00e4teilyst\u00e4, (UV400).<br \/>\n* Pehme\u00e4 nen\u00e4tuki<br \/>\n* Pehme\u00e4t ja kumip\u00e4\u00e4llysteiset sanganp\u00e4\u00e4t.<br \/>\n* Harmaa linssi.<\/p>\n<p>HC\/AF = Suojattu naarmuuntumista ja huurtumista vastaan<\/p>\n<p>Vastaa EN 166, luokan 1FT sek\u00e4 EN 172 vaatimuksia.<\/p>\n<p>&nbsp;<\/p>\n","protected":false},"excerpt":{"rendered":"<p>Suojalasi ZEKLER Z101 pun<\/p>\n","protected":false},"featured_media":4211,"template":"","meta":{"_et_pb_use_builder":"","_et_pb_old_content":"","_et_gb_content_width":""},"pwb-brand":[1544],"product_brand":[],"product_cat":[1542],"product_tag":[],"class_list":{"0":"post-4212","1":"product","2":"type-product","3":"status-publish","4":"has-post-thumbnail","6":"pwb-brand-zekler","7":"product_cat-suojalasit","9":"first","10":"instock","11":"taxable","12":"shipping-taxable","13":"purchasable","14":"product-type-simple"},"brands":[{"id":1544,"name":"Zekler","slug":"zekler"}],"_links":{"self":[{"href":"https:\/\/silikotek.sapartners.site\/index.php\/wp-json\/wp\/v2\/product\/4212","targetHints":{"allow":["GET"]}}],"collection":[{"href":"https:\/\/silikotek.sapartners.site\/index.php\/wp-json\/wp\/v2\/product"}],"about":[{"href":"https:\/\/silikotek.sapartners.site\/index.php\/wp-json\/wp\/v2\/types\/product"}],"wp:featuredmedia":[{"embeddable":true,"href":"https:\/\/silikotek.sapartners.site\/index.php\/wp-json\/wp\/v2\/media\/4211"}],"wp:attachment":[{"href":"https:\/\/silikotek.sapartners.site\/index.php\/wp-json\/wp\/v2\/media?parent=4212"}],"wp:term":[{"taxonomy":"pwb-brand","embeddable":true,"href":"https:\/\/silikotek.sapartners.site\/index.php\/wp-json\/wp\/v2\/pwb-brand?post=4212"},{"taxonomy":"product_brand","embeddable":true,"href":"https:\/\/silikotek.sapartners.site\/index.php\/wp-json\/wp\/v2\/product_brand?post=4212"},{"taxonomy":"product_cat","embeddable":true,"href":"https:\/\/silikotek.sapartners.site\/index.php\/wp-json\/wp\/v2\/product_cat?post=4212"},{"taxonomy":"product_tag","embeddable":true,"href":"https:\/\/silikotek.sapartners.site\/index.php\/wp-json\/wp\/v2\/product_tag?post=4212"}],"curies":[{"name":"wp","href":"https:\/\/api.w.org\/{rel}","templated":true}]}}