{"id":4192,"date":"2014-03-31T10:48:09","date_gmt":"2014-03-31T10:48:09","guid":{"rendered":"http:\/\/192.168.100.222\/target_carts\/wordpress\/wordpress495\/wordpress\/?product=kuulonsuojain-peltor-ht61b-01-niskasanka"},"modified":"2014-05-21T11:51:26","modified_gmt":"2014-05-21T11:51:26","slug":"kuulonsuojain-peltor-ht61b-01-niskasanka","status":"publish","type":"product","link":"https:\/\/silikotek.sapartners.site\/index.php\/tuote\/kuulonsuojain-peltor-ht61b-01-niskasanka\/","title":{"rendered":"Kuulonsuojain PELTOR HT61B-01 Niskasanka"},"content":{"rendered":"<p>Kuulonsuojain PELTOR HT61B-01 Niskasanka. <\/p>\n<p>Pehme\u00e4t, vaahto- ja nestet\u00e4ytteiset tiivisterenkaat sek\u00e4 yksitt\u00e4in joustavat, ruostumattomasta ter\u00e4ksest\u00e4 valmistetut sankalangat takaavat tasaisen puristuksen ja parhaan mukavuuden. \u00c4\u00e4nentoisto on paras mahdollinen my\u00f6s eritt\u00e4in meluisissa ymp\u00e4rist\u00f6iss\u00e4. Niskasanka. 3,5 mm stereoliitin.<\/p>\n<p>Voidaan k\u00e4ytt\u00e4\u00e4 yhdess\u00e4 hitsausmaskin kanssa.<\/p>\n<p>Vastaa PPE-direktiivin 89\/686\/EEC sek\u00e4 soveltuvin osin standardin EN 352 vaatimuksia. <\/p>\n<p>\u00a0<br \/>\u00a0<\/p>\n<p>\u00a0<\/p>\n<p>\u00a0<\/p>\n","protected":false},"excerpt":{"rendered":"<p>Kuulonsuojain PELTOR HT61B-01 Niskasanka<\/p>\n","protected":false},"featured_media":4191,"template":"","meta":{"_et_pb_use_builder":"","_et_pb_old_content":"","_et_gb_content_width":""},"pwb-brand":[],"product_brand":[],"product_cat":[317],"product_tag":[],"class_list":{"0":"post-4192","1":"product","2":"type-product","3":"status-publish","4":"has-post-thumbnail","6":"product_cat-kuulokkeet-ja-kuulonsuojaimet","8":"first","9":"instock","10":"sale","11":"taxable","12":"shipping-taxable","13":"purchasable","14":"product-type-simple"},"brands":[],"_links":{"self":[{"href":"https:\/\/silikotek.sapartners.site\/index.php\/wp-json\/wp\/v2\/product\/4192","targetHints":{"allow":["GET"]}}],"collection":[{"href":"https:\/\/silikotek.sapartners.site\/index.php\/wp-json\/wp\/v2\/product"}],"about":[{"href":"https:\/\/silikotek.sapartners.site\/index.php\/wp-json\/wp\/v2\/types\/product"}],"wp:featuredmedia":[{"embeddable":true,"href":"https:\/\/silikotek.sapartners.site\/index.php\/wp-json\/wp\/v2\/media\/4191"}],"wp:attachment":[{"href":"https:\/\/silikotek.sapartners.site\/index.php\/wp-json\/wp\/v2\/media?parent=4192"}],"wp:term":[{"taxonomy":"pwb-brand","embeddable":true,"href":"https:\/\/silikotek.sapartners.site\/index.php\/wp-json\/wp\/v2\/pwb-brand?post=4192"},{"taxonomy":"product_brand","embeddable":true,"href":"https:\/\/silikotek.sapartners.site\/index.php\/wp-json\/wp\/v2\/product_brand?post=4192"},{"taxonomy":"product_cat","embeddable":true,"href":"https:\/\/silikotek.sapartners.site\/index.php\/wp-json\/wp\/v2\/product_cat?post=4192"},{"taxonomy":"product_tag","embeddable":true,"href":"https:\/\/silikotek.sapartners.site\/index.php\/wp-json\/wp\/v2\/product_tag?post=4192"}],"curies":[{"name":"wp","href":"https:\/\/api.w.org\/{rel}","templated":true}]}}