{"id":4098,"date":"2014-03-31T10:48:09","date_gmt":"2014-03-31T10:48:09","guid":{"rendered":"http:\/\/192.168.100.222\/target_carts\/wordpress\/wordpress495\/wordpress\/?product=juotossarja-micro-11-os-kstools"},"modified":"2024-09-30T09:53:16","modified_gmt":"2024-09-30T06:53:16","slug":"juotossarja-micro-11-os-kstools","status":"publish","type":"product","link":"https:\/\/silikotek.sapartners.site\/index.php\/tuote\/juotossarja-micro-11-os-kstools\/","title":{"rendered":"Kstools Juotossarja Micro 11-osaa"},"content":{"rendered":"<p>960.1160 Mikro juotos sarja 11-os. Kaasulla toimiva mikrojuotos sarja kuumentaa aina 1300 asteesen asti. S\u00e4\u00e4dett\u00e4v\u00e4 kaasuvirtaus. T\u00e4ytt\u00f6 normaalilla kaasusyttyttimen t\u00e4yt\u00f6ll\u00e4.<\/p>\n<p><iframe loading=\"lazy\" title=\"Anwendungsvideo Mikro-L\u00f6t-Satz, 10-tlg. KS Tools 960.1160\" width=\"1080\" height=\"608\" src=\"https:\/\/www.youtube.com\/embed\/RHi7QilNshs?feature=oembed\"  allow=\"accelerometer; autoplay; clipboard-write; encrypted-media; gyroscope; picture-in-picture\" allowfullscreen><\/iframe><\/p>\n<p>Unboxing-video:<\/p>\n<p><iframe loading=\"lazy\" src=\"http:\/\/view.vzaar.com\/16080990\/video\" width=\"680\" height=\"510\"><\/iframe><\/p>\n","protected":false},"excerpt":{"rendered":"<p>Microjuotossarja piezosytyksell\u00e4. Toimii tavallisella sytk\u00e4rikaasulla.<\/p>\n","protected":false},"featured_media":28148,"template":"","meta":{"_et_pb_use_builder":"","_et_pb_old_content":"","_et_gb_content_width":""},"pwb-brand":[1454],"product_brand":[],"product_cat":[753],"product_tag":[],"class_list":{"0":"post-4098","1":"product","2":"type-product","3":"status-publish","4":"has-post-thumbnail","6":"pwb-brand-kstools","7":"product_cat-autosahkotyokalut","9":"first","10":"instock","11":"taxable","12":"shipping-taxable","13":"purchasable","14":"product-type-simple"},"brands":[{"id":1454,"name":"Kstools","slug":"kstools"}],"_links":{"self":[{"href":"https:\/\/silikotek.sapartners.site\/index.php\/wp-json\/wp\/v2\/product\/4098","targetHints":{"allow":["GET"]}}],"collection":[{"href":"https:\/\/silikotek.sapartners.site\/index.php\/wp-json\/wp\/v2\/product"}],"about":[{"href":"https:\/\/silikotek.sapartners.site\/index.php\/wp-json\/wp\/v2\/types\/product"}],"wp:featuredmedia":[{"embeddable":true,"href":"https:\/\/silikotek.sapartners.site\/index.php\/wp-json\/wp\/v2\/media\/28148"}],"wp:attachment":[{"href":"https:\/\/silikotek.sapartners.site\/index.php\/wp-json\/wp\/v2\/media?parent=4098"}],"wp:term":[{"taxonomy":"pwb-brand","embeddable":true,"href":"https:\/\/silikotek.sapartners.site\/index.php\/wp-json\/wp\/v2\/pwb-brand?post=4098"},{"taxonomy":"product_brand","embeddable":true,"href":"https:\/\/silikotek.sapartners.site\/index.php\/wp-json\/wp\/v2\/product_brand?post=4098"},{"taxonomy":"product_cat","embeddable":true,"href":"https:\/\/silikotek.sapartners.site\/index.php\/wp-json\/wp\/v2\/product_cat?post=4098"},{"taxonomy":"product_tag","embeddable":true,"href":"https:\/\/silikotek.sapartners.site\/index.php\/wp-json\/wp\/v2\/product_tag?post=4098"}],"curies":[{"name":"wp","href":"https:\/\/api.w.org\/{rel}","templated":true}]}}