{"id":4079,"date":"2014-03-31T10:48:09","date_gmt":"2014-03-31T10:48:09","guid":{"rendered":"http:\/\/192.168.100.222\/target_carts\/wordpress\/wordpress495\/wordpress\/?product=ch37-induktiokuumennin-car-o-liner"},"modified":"2015-03-21T14:32:29","modified_gmt":"2015-03-21T14:32:29","slug":"ch37-induktiokuumennin-car-o-liner","status":"publish","type":"product","link":"https:\/\/silikotek.sapartners.site\/index.php\/tuote\/ch37-induktiokuumennin-car-o-liner\/","title":{"rendered":"CH37 Induktiokuumennin CAR-O-LINER"},"content":{"rendered":"<p>CH37 Induktiokuumennin. Induktiotekniikan etu on se, ett\u00e4 l\u00e4mmitys tapahtuu ilman avointa liekki\u00e4. <br \/>Suuritehoista CH37 induktiokuumenninta voidaan k\u00e4ytt\u00e4\u00e4 aivan kuten kaasuliekki\u00e4, mutta tuhoamatta l\u00e4hell\u00e4 olevia osia.<br \/>L\u00e4mmitysp\u00e4\u00e4 on viile\u00e4 v\u00e4litt\u00f6m\u00e4sti, kun se irrotetaan l\u00e4mmitett\u00e4v\u00e4st\u00e4 kohteesta. <br \/>Laitteessa on 5 eri tehotasoa ja ainutlaatuinen s\u00e4\u00e4t\u00f6tekniikka joka est\u00e4\u00e4 laitteen ylikuumenemisen. <br \/>Tehokas l\u00e4mmitysp\u00e4\u00e4 taipuisalla katkaisijalla. <br \/>K\u00e4ytt\u00e4j\u00e4yst\u00e4v\u00e4llinen ohjauspaneeli, jossa viisi tehotasoa. <\/p>\n<p>\u2022 L\u00e4mmitt\u00e4\u00e4 my\u00f6s kumin ja muovin l\u00e4pi<br \/>\u2022 Ei vahingoita l\u00e4hell\u00e4 olevia herkki\u00e4 osia<br \/>\u2022 Ohjattu tehonvalvonta ainutlaatuisen s\u00e4\u00e4t\u00f6tekniikan ansiosta<br \/>\u2022 Ei avointa liekki\u00e4<\/p>\n<p>Ter\u00e4ksen ja alumiinin kuumakutistus korikorjauksessa. <br \/>Ruostuneiden ja jumittuneiden liitosten l\u00e4mmitys alustassa ja pakoputkessa. L\u00e4mmitt\u00e4\u00e4 my\u00f6s kumin ja muovin l\u00e4pi. <br \/>Ei ylikuumenna l\u00e4hell\u00e4 olevia herkki\u00e4 osia. <br \/>Virtal\u00e4hde: 208-240 V 50-60 Hz,<br \/>1 ph, 16 A (20 A US)<br \/>Suojausluokka: IP21<br \/>K\u00e4ytt\u00f6taajuus 18 &#8211; 40kHz<br \/>Laitteen teho: 3,8 kW<br \/>L\u00e4mmitysp\u00e4\u00e4n teho: 1,6 kW<br \/>L\u00e4mmitysjohto: 3 m<br \/>J\u00e4\u00e4hdytysj\u00e4rjestelm\u00e4: Vesi<br \/>Weight: 34 kg 34 kg<br \/>Vesis\u00e4ili\u00f6: 20 L<\/p>\n","protected":false},"excerpt":{"rendered":"<p>Iso tehokas induktiokuumennin vaativaan korjaamok\u00e4ytt\u00f6\u00f6n.<\/p>\n","protected":false},"featured_media":4078,"template":"","meta":{"_et_pb_use_builder":"","_et_pb_old_content":"","_et_gb_content_width":""},"pwb-brand":[],"product_brand":[],"product_cat":[450],"product_tag":[],"class_list":{"0":"post-4079","1":"product","2":"type-product","3":"status-publish","4":"has-post-thumbnail","6":"product_cat-korjaamolaitteet","8":"first","9":"instock","10":"taxable","11":"shipping-taxable","12":"purchasable","13":"product-type-simple"},"brands":[],"_links":{"self":[{"href":"https:\/\/silikotek.sapartners.site\/index.php\/wp-json\/wp\/v2\/product\/4079","targetHints":{"allow":["GET"]}}],"collection":[{"href":"https:\/\/silikotek.sapartners.site\/index.php\/wp-json\/wp\/v2\/product"}],"about":[{"href":"https:\/\/silikotek.sapartners.site\/index.php\/wp-json\/wp\/v2\/types\/product"}],"wp:featuredmedia":[{"embeddable":true,"href":"https:\/\/silikotek.sapartners.site\/index.php\/wp-json\/wp\/v2\/media\/4078"}],"wp:attachment":[{"href":"https:\/\/silikotek.sapartners.site\/index.php\/wp-json\/wp\/v2\/media?parent=4079"}],"wp:term":[{"taxonomy":"pwb-brand","embeddable":true,"href":"https:\/\/silikotek.sapartners.site\/index.php\/wp-json\/wp\/v2\/pwb-brand?post=4079"},{"taxonomy":"product_brand","embeddable":true,"href":"https:\/\/silikotek.sapartners.site\/index.php\/wp-json\/wp\/v2\/product_brand?post=4079"},{"taxonomy":"product_cat","embeddable":true,"href":"https:\/\/silikotek.sapartners.site\/index.php\/wp-json\/wp\/v2\/product_cat?post=4079"},{"taxonomy":"product_tag","embeddable":true,"href":"https:\/\/silikotek.sapartners.site\/index.php\/wp-json\/wp\/v2\/product_tag?post=4079"}],"curies":[{"name":"wp","href":"https:\/\/api.w.org\/{rel}","templated":true}]}}