{"id":3977,"date":"2014-03-31T10:48:09","date_gmt":"2014-03-31T07:48:09","guid":{"rendered":"http:\/\/192.168.100.222\/target_carts\/wordpress\/wordpress495\/wordpress\/?product=asentaja-winter-vuohi-guide-5163"},"modified":"2022-03-23T09:43:49","modified_gmt":"2022-03-23T07:43:49","slug":"asentaja-winter-vuohi-guide-5163","status":"publish","type":"product","link":"https:\/\/silikotek.sapartners.site\/index.php\/tuote\/asentaja-winter-vuohi-guide-5163\/","title":{"rendered":"Asentaja Winter Vuohi GUIDE 5163, 6 paria"},"content":{"rendered":"<p>Kokovuorillinen ja joustava asentajank\u00e4sine kulutuksen kest\u00e4v\u00e4\u00e4 vuohenpintanahkaa.<\/p>\n<p>* Pehme\u00e4 synteettinen fleecevuori<br \/>\n* Vahvikkeet etusormissa ja sormenp\u00e4iss\u00e4 lis\u00e4\u00e4v\u00e4t suojausta<br \/>\n* Muotoon ommellun peukalon ansiosta hyv\u00e4 istuvuus<\/p>\n<p>K\u00e4ytt\u00f6alue: Asennusty\u00f6h\u00f6n rakennuksille ja teollisuuteen.<br \/>\nVastaa EN 388, kategoria 2, vaatimuksia.<br \/>\nKatso my\u00f6s vuoriton malli:<br \/>\nKoot: 7,8,9,10,11<br \/>\n<img decoding=\"async\" src=\"data:image\/png;base64,iVBORw0KGgoAAAANSUhEUgAAAOEAAABoCAIAAACIbgA9AAAWE0lEQVR4nO2dbVBU1R\/Hl2ZqM5mxjIdMpHLN1AWNUYRlQi0faprRElmBkMQkHWdkYq0sEVmmzN6EOaM2hakzYhqxuwirrMEuoqbL01rBLoUosKyUCOwuLHqRfbj\/F2c8c7xPe3fRP+t0Pi+cy9lzzu\/ce7\/+zvO5AhKDCWwE410ADMYLWKOYQAdrFBPoYI1iAh2sUUyggzWKCXSwRjGBDtYoJtDBGsUEOlijmEAHaxQT6GCNYgKdMWm0pKREKpWKRCKBQNDc3Ow1PkEQJSUlEokkNDRUIOAyLRAIgoKCBCyw\/UQPR0N27Njh3216PJ7\/WyqYFk3udDotFotOp6uurlbcT1VVlU6ns1gsLpfrAZZ8HK3T8VOj7e3tQJqQkpISxpiwoAaDAUgTSoerWAJBRUWF6R5GoxFctLa2UkLof4Jro9GIRn777bdzc3PZnhrH00R\/olxTUj2oV4JCEIRerweCUCqVpaWlpaWlCoUC\/EtBr9cTBMF9C4+QdYg\/Gi0qKhIKhUFBQdBLBQUFyeVytvgEQWzcuJHi1YKCgriKJRCYTCZKoFdZcPyZmpqan5\/vNUPGtPAaXDAmoccfox8lSdJkMkEFKJXKuro6i8Vit9sdDkdVVRX6E6oV+nN7tKzT8Vmj+fn5qC8MCwuTy+Vyuby2tpbt5cXExKDSjImJAUm4isWkUW7o1tGQtLS0vLw8nv6SO\/BhQDFEEIRGowFvXa1WWywWSpyqqqrS0lKKPiBnz56FLo3PLYyvda\/4ptH29nZUbajO2Epz6NAh6HGFQuGhQ4d4FUsgMJlMbPUsB2zRMjIy0PboQ6qmx5gPSO5wOFQqFXjfTU1NTqeTHhP1ZHSXplQqVSrV8PDwI2SdA980On36dOhBz507R3p7K729vU8++STQdFhYWG9vL99iCQRGo5E7ztKlS4ODg4ODg5977rlr165RfqUULC0tbdeuXeB6aGio9x7\/\/vtvb28veKA2m81qtcK0IyMjAwMDPAv8oLhz545KpQKv2Ww2sz1e2H2hNw2hVlQqFWMDMWCts+GDRgsLC2GDEnhQDm8ErqVSKfS75eXlbJEZioXU9WzeNCEhYd26dTk5OcHBwe3t7dw5p6SkAI16PJ78\/PypU6e+8MILkZGR06ZNi4yMLCoqIklSJpPFx8cDmZIk+csvv6xcuZKSj9vt3rlzZ2JiYkZGRktLCwh0uVw7duxITEzctGnTjRs3QKDdbs\/MzJRIJLm5uaOjoxw3ixYbVrIOh4MxAgB4MigISlcGhms0Gq92A8E6Nz5oVCwWA7WFhobyTBIWFgaS0F+2l2Ld0yi9\/wGvFy5cePTo0XPnzk2cOLGtrQ1NTpfpunXrYF2\/devWLVu20I2uX79eIBB8\/vnn4M\/Dhw\/Hx8dT8szLy1u2bJler9+3b19UVNTIyAhJkrt37169erXBYJDJZMuXLwfxpVJpXl6ewWBISkras2cPn7uG3RSz2cwds6qqiq05SIF\/s358rXPgg0aFQiHqRL1CEITXkSnWYvHoM8XHxx89erSmpiY4OJiiUTrp6el5eXngOjs7m02j8fHxzz77LGjG\/PjjjxKJhBLn559\/vnr1KkmSdrt9zpw5N2\/e9Hg8Mpls\/\/79Ho+nvr4eJlmxYsWlS5dAPh9++KHXWyYIAngjkIobxhYh6tVQl8anzh1f69z4oFEoOFjHcdfXLS0tAhb42GLU6JkzZ+Ry+Zdffrlnz57IyMhDhw4Bjba3t1M8LqVsKSkpcOwpOztbIpEUFBR88cUXu3fv3rt3L6jasrKytm3b9sknn8yfP39kZOTw4cNxcXGMxTt+\/HhcXNyePXuAFbPZ\/PLLL69cuVIkEp05cwbEqa6ufumll955551Zs2bB4nFw+fLl0tJSlUrldrvp5afAoRIFrZlYV1fHbXrcrXPjm0a9jr2jFBYW0tXJMwc2jaakpERERCQlJb377rtSqVSn09XU1AiFwn379ikUipKSklOnTqlUKvCYysrKwIXNZktPT9+5cyfIJDs7e+HChbvvUVhYCNqgmZmZn376qd1unz17dkFBAajrGQdHy8rKCgoKEhISurq6PB5Pbm7uhg0b1Gr1jh073nrrraGhodu3b6empubm5p4+fTolJQWaZsPlcoE3ShnNYINbJSjAmTHOAwWIda\/440fRDgoH0I\/Spyj52GLUaHJy8qpVq9CQmpqaxx57bObMmXPnzp03b55YLI6Kipo3b15UVFRUVBQIbGlpWbduHWhoejwejrr+s88+83g85eXlkydPBl0oSpy+vj7QBiVJMicn58CBA319fTNmzLh9+zYIXLRoUWNjo8FgmD9\/PggZGhqaNWvWrVu3OO7XYrGAl8qzZmRTCVszEYxxBqZ1r\/ij0b179\/L539bb2wuTpKenyxH42GLUaFpaGux+gTKAuv6vv\/5yOp1Op3N0dHR0dBReu1wup9Pp8XgodT1dox6PZ+PGjR9\/\/DG4zsjIeOqpp+gaXbt27f79+0mSdLlcaWlpJ0+eHB4enjt3Lhj8Gh4ejoqKam5uNplM0dHRQ0NDJEkajcbZs2f39\/dz3K9Op1MoFBqNhuccFX9PBmqSmpqagLXuFX\/69a+++irPJLCbJZPJYCAfffPRKADU9fn5+d\/d4+DBg9\/dj9VqTU1N3bVrFzCdnZ0dHR39wQcfZGVlbd68OSsr68iRIyRJQo2SJNnZ2TllyhS0zwTSXrhwISIiIiMjY9WqVW+88YbNZiNJ8ujRo3PmzNmwYUNsbOz7778\/Ojrqdrs\/+uij+Pj4jRs3ikSib7\/9lvt+1Wq1QqH4448\/vD4ZAH+VANRqdcBa94pv46PQL4LpIq9qk0gksLr3OoR5X7FYNCqVSil1\/blz5x577LEFCxYsZmLJkiVLlixpb29PT0+HY08NDQ3Hjh0rLi4+do+LFy+SJHn+\/Hn0PRkMBtgBQunr6zt58qRWq7179y4MbG5uPnbsWF1dHdp+vXjxYnFxcWtrq9dbBu8SjBg8kBYhvX8dsNa94oNGCYKAC5d4tkqvXLkC26MxMTHoT\/zH8FFSU1MpflSn0\/EZe3rvvfe4Oy5+zLv6EZkN8DrtdjvPbH31ZHw0Ol7WveLbXKjBYED7QF5blqCRB2UtEol49reeeOKJ8+fP059Uamrq0qVL\/\/7779bW1ra2tra2tmPHjlHmmUimRxwbG7t7924+pjnuZSzJuaGohHs5gcvlqqio8DqKTongt3U6fDTK37pXfF73hGouKCgoJCTkm2++aWlpoQwBwmuCIMLCwqCshUKhTCYzGo3cYl20aBGominL5zZt2hQaGjpt2rRp06ZFREREREQ8\/\/zzkZGR169f58itt7c3IiLi7NmzaKDXN8E21MozuU+AFzk4OMjHRH19PVjNCVJRxiPBn3QFPyjrJI8xfJ+se8UHjcJCozKFYp0zZw5bwvb2drAYBUUsFnPYys3NnTlzJv0xDQwMdHZ2ms3mrq6uzs7Ojo6O7u7u7u5usDyH7bGeOHEiPDwcDKxcuHBh9erVr7\/++nfffedyuUCS\/v5+uVy+detWmInT6ayqqlqxYkVHRwfMp6+vb\/v27Vu3bh37ClEK4EVyDE\/C8Pr6ekZZoN4LKhj8Ca7HYp0C99iTr9a94v86fIrspFIpGoF+t1DZwKcmJydz5N\/W1jZ58uTKykqQlVqtlkgksbGxcXFxCQkJcXFxsbGxEokkISEBDYS1OcW6RCKBg03nz5\/v7Oy8fv369OnTa2trQaBcLt++fTvai9fr9Tk5Oa+88gq6\/Co\/P18mk7322ms+PSs+gMUclCkZ+jOEAuU5XQ7ly728g6d1CM\/2KE\/rXvHHj0JKSkqSk5PBwhE+bdODBw\/KZLKQkBCv8UdHR5OSklJTU8EUxZEjRxjnAqDowU+ZmZn0rOrr6x9\/\/HH6jNyaNWugRkdGRhobGxMSEqCDdLvdbrc7JiYG1ejdu3cNBsPD0CjYklFRUcERBwgUbthQMC2NY1t6rNfrx2gdhU2j\/ln3ygPYF3rz5s2Wlha2taF0ZRMEwREf0tTUNGHCBJ1OR5Kk2Wz+6aefjh8\/fuLEiePHj\/\/EAl2ITqdzyZIla9ascbvdsCSFhYUbNmxISkq6c+cOai4xMZFS2tjYWMoy1rq6uoeh0f7+foVCoVQq6YviAPX19WxNPQ4fBkXMPYPg1ToFnmNPPK17xTeNcrdX2HZr+NduAxM5ixcvHh0d9bV\/A\/8sLS0VCoUNDQ1o5LKysh9++CEuLg4Nb2xspIjP4\/HMnz+fotHGxsbExES\/b4oDsPoduBzK7aBtUMb9bhTQHpVCoVCpVP5ZZ4Nbo35Y58Y3jd66daukpEQul4O1dow3w+ggQUyQ1mAw8LHl8XgMBsOkSZO+\/\/57nwoJZTo8PBwdHZ2ZmcnYQy8rK0PbxI2NjfSVeJS6niTJh1TXezweuHwTzKCinSQO30n5Cf0TCsXrKkcO64zwma\/nb90rPmj01q1bTz\/9dGFhodFoFIlEjA1KynQ8eqtyuXzx4sWXL18ODQ3lKVOSJL\/66quQkJCuri7uaPRn6nK5tm3bFhkZSVnQ0NvbC2bz5XL55s2bYTjqR2FuCxYsoGi0oaHhYWiUJEmn0wmcGdrD8NpJonfqKb+qVCo+y45cLhfdOski1l9\/\/RVa5G4c87TOjQ8alclkYNrd4\/H09vaCvR\/t7e0SiUQsFkulUjARFRISQt9dRJLkqVOngIuVSqWFhYU8jTocjpiYmGXLloH\/3wCO\/+Xwp\/LycqFQeOLECTSy2+3OyclZsWLFm2++uXbt2ps3b8IksBJHWbBgAcUN1NfXw2gPvLrv6ekBb7e+vp68v4pn1B8aTtm5Aenp6eFp\/Z9\/\/kGtQ+gTCtCPwk4SeuGfdQ58W1NC38Z04MABIFaRSNTS0rJly5YtW7ZwbF1tb28XCoVe14ChCa9duxYeHp6VlUVPxTa6\/vvvv0+ZMmX79u1gxS7lV5fLBUdG0XDGyJRAkJzN9NiBuqytrVXQ2nYobKJEoTTEOUAbvqWlpd3d3WxxSKa6ntHN87fOjQ8aTU5OlsvloKCgb06S5LVr1yQSiUQiEQqFRqORvvQOfZenTp2aNGkSz+lQNHlVVdXEiRNRmXKMdf\/5558vvvji+vXr4ZpOtmw58hkvXC4XGK2EXWPGOpTuxuh61Wg0vtazLpersrISJIeDJPRHxDH2NBbrbPigUYPBEBISMjIy4vF4ioqKwBoRsVgMdsCIRKLm5ub8\/PyCggLGF19eXj5jxgy\/d7c0NTWFhoauWbMG3V5M0p5gcXHx1KlTs7Ky7t69yzbOwH1Nj\/\/\/0TG04na74f5MSk3KBl3KQCK+lhzUG9C6RqOhjEaBqWmwd5mxch+LdTZ869fL5XKhUDhjxoyYmBjQuPz6669DQ0Pj4+NjYmJKSkpAT7y2tralpUUsFqOlFIlEoaGhYrFYLBYfPHjQj7I2NDTMmjUrOjoarqBD8x8eHt61a1dwcLBMJkNXzXmFW8p8wh8GTU1NbC1OujelSKSpqcmPYqPRmpqaYG56vZ6iVNhnUiDzn2O0zoH\/Y\/iU1R78hzD9MASvu7q6li9f\/swzz+zbtw+t93\/77bdly5YFBwcXFxejVYxPJQwQYDltNhtYfcwIRRxAqWq1Gp4PMMb2jNVqhdaVSqVardbr9SaTqa2tTaPRUKbmAQ\/QOsqjd\/7oyMhIUVFReHh4VFTUvn37ampq1q9fP2HChNWrV3OvfoL49NTGveXa3d0NK1+6H0XnxMeybYitVWOxWDQaDfcI19itc\/PoaRRw\/fp1mUwWHh4uEAgkEklxcfGDOrklMCEIwmKxmEymqvsxmUwWi+Vh3\/v4Wn9UNYr574A1igl0sEYxgQ7WKCbQwRrFBDpYo5hAB2sUE+hgjWICHaxRTKCDNYoJdLBGMYEO1igm0MEaxQQ6WKOsmM1mtVrNuKOIYwsRfZsRJbJarfb6cRkMCtYoM2azmb6Glw3GrxGzLZsHP2GZ8gdrlBn4zUw2T0nZaWQyma5cuUKXJptqx356x38HrFFm6J5PQavHlUolDCFJ0m63M54aQv\/s+9iP3\/5PgTXKDMUFojszGfdqkiRpt9theFlZGZs3RZNg+IA1ygy9JUrfZWaxWAYGBsDGNJIkbTab4t5+X3h8Eup3sUb9A2uUGVSXFM6cOQNkp9VqCYJwOp3g+Cq73Q4O3nE4HHDnJNiwxpjPeN\/iIwPWKDMcdbTdbgfVOgB82gbgcrlQD+pwONCYWKP+gTXKDH1QU6VSAXc4ODiIKk+pVFZWVhIEQRAEZTs8iXxwW6VSVVRUYI36AdYoM2jtrFQqgQQvXbqkUCgsFovD4aD08aFwUXGT9zSq1+tdLpfD4YAZYo3yB2uUGVSgQGRgF7nVagUnV1IiUBoAUKPd3d3g6A6CIKqrqylDARg+YI0yQ28+qlQqk8kEj9qiDPIDP0ofpQdnQYLjkyhjBeN9i48MWKPMKGidenDmETz01eVygc9xgPqd4kcbGxvhwaU9PT2wnYo16gdYo8xQ9KRWq8GxsVarVafTwcO3rFYrOIwJarS6uhocOW2xWMA5XqCRAP6ktAQwfMAaZYZS0Xd1dREEodfrUeFqtVpwGmtHR4fD4XA4HOBcLqvVqtVq0eRAqa2trVijfoA1yoyCcwEeSl1dHWykEgRx+fJlMI\/PvQwKa5Q\/WKPMQCV5VeqlS5fgwXF37tyheFBGdWKN+gTWKDMUPXV0dAwMDAD9QdVWV1eDVumNGzccDsfQ0JDNZiNJ0mq1nj59GlW5TqezWq3wewxj\/8zrfwqsUWYon8PSarVQf1qtVq1Wg6YnQRBAuIODg4ODg9CtgkZqWVkZTAgljv2or2CNMkOprIHn02q18Cxtl8tlNBrhTzabDc4zqVQqdBK\/v7+f3gDAGuUP1igzdIEqlUowpQm6R2CFKHS3cOwJxler1SArMCCANeo3WKPMUDo6Wq0WjHoODw+DrUhoy1KpVAKNUlKRJGk2m+EkqlarxXOhfoA1ygwqQfDRSzilefXqVYIgFPdvHbHb7Tabja5RsKYETKISBIHnmfwAa5QZxf2bj7VaLZygR6c9QZzTp08TBDEyMoJO4peWlpL3NKpUKisqKiifBxnvW3xkwBplht58hJKluMympib4RSh0El+hUDgcjv7+fkom6DY9DB+wRpmhCxRqS6PRAH959uxZ0M0H3w93OBwdHR0k8vUtlUqF+k56SwDDB6xRZjj8KPyzu7vb4XBUVlYqlUry3t5lMIl\/9epVKGv6Z2fxGmefwBplhs35oaAr7kiStNvtsI8FHC3cVo\/33I0FrFFm4PkOHPP16E8ej4dxex1HJuN9i48MWKPMKO6NxjMePUK5BuOjPT09bApmzGG8b\/GRAWuUGcqiEDaZ8gQO9cOs4CwUxitYo8w4HA6VSkVXp68CZYyvUqkoX4THcIA1yorD4dDr9Yzf5fYbjUaj1+uxQH0CaxQT6GCNYgIdrFFMoIM1igl0sEYxgQ7WKCbQwRrFBDpYo5hAB2sUE+hgjWICHaxRTKCDNYoJdP4HFJQVnXotJbAAAAAASUVORK5CYII=\" alt=\"\" \/><\/p>\n","protected":false},"excerpt":{"rendered":"<p>Vuorillinen pehme\u00e4 l\u00e4mmin ty\u00f6k\u00e4sine vuohennahkaa. Eritt\u00e4in hyvin istuvat mielytt\u00e4v\u00e4t talvik\u00e4sineet.<br \/>\nKoot 7-11<strong><em><br \/>\nGuide 5163W Ty\u00f6k\u00e4sine vuohennahkaa<\/em><\/strong><\/p>\n","protected":false},"featured_media":3976,"template":"","meta":{"_et_pb_use_builder":"","_et_pb_old_content":"","_et_gb_content_width":""},"pwb-brand":[1817],"product_brand":[],"product_cat":[305],"product_tag":[],"class_list":{"0":"post-3977","1":"product","2":"type-product","3":"status-publish","4":"has-post-thumbnail","6":"pwb-brand-guide","7":"product_cat-talvikasineet","8":"pa_hanskakoko-955","9":"pa_hanskakoko-956","10":"pa_hanskakoko-952","11":"pa_hanskakoko-953","12":"pa_hanskakoko-954","14":"first","15":"instock","16":"taxable","17":"shipping-taxable","18":"purchasable","19":"product-type-variable"},"brands":[{"id":1817,"name":"Guide","slug":"guide"}],"_links":{"self":[{"href":"https:\/\/silikotek.sapartners.site\/index.php\/wp-json\/wp\/v2\/product\/3977","targetHints":{"allow":["GET"]}}],"collection":[{"href":"https:\/\/silikotek.sapartners.site\/index.php\/wp-json\/wp\/v2\/product"}],"about":[{"href":"https:\/\/silikotek.sapartners.site\/index.php\/wp-json\/wp\/v2\/types\/product"}],"wp:featuredmedia":[{"embeddable":true,"href":"https:\/\/silikotek.sapartners.site\/index.php\/wp-json\/wp\/v2\/media\/3976"}],"wp:attachment":[{"href":"https:\/\/silikotek.sapartners.site\/index.php\/wp-json\/wp\/v2\/media?parent=3977"}],"wp:term":[{"taxonomy":"pwb-brand","embeddable":true,"href":"https:\/\/silikotek.sapartners.site\/index.php\/wp-json\/wp\/v2\/pwb-brand?post=3977"},{"taxonomy":"product_brand","embeddable":true,"href":"https:\/\/silikotek.sapartners.site\/index.php\/wp-json\/wp\/v2\/product_brand?post=3977"},{"taxonomy":"product_cat","embeddable":true,"href":"https:\/\/silikotek.sapartners.site\/index.php\/wp-json\/wp\/v2\/product_cat?post=3977"},{"taxonomy":"product_tag","embeddable":true,"href":"https:\/\/silikotek.sapartners.site\/index.php\/wp-json\/wp\/v2\/product_tag?post=3977"}],"curies":[{"name":"wp","href":"https:\/\/api.w.org\/{rel}","templated":true}]}}