{"id":3955,"date":"2014-03-31T10:48:09","date_gmt":"2014-03-31T10:48:09","guid":{"rendered":"http:\/\/192.168.100.222\/target_carts\/wordpress\/wordpress495\/wordpress\/?product=jiirisahan-jalusta-msl-3000"},"modified":"2017-02-08T08:52:39","modified_gmt":"2017-02-08T08:52:39","slug":"jiirisahan-jalusta-msl-3000","status":"publish","type":"product","link":"https:\/\/silikotek.sapartners.site\/index.php\/tuote\/jiirisahan-jalusta-msl-3000\/","title":{"rendered":"Jiirisahan jalusta MSL 3000"},"content":{"rendered":"<p>Eritt\u00e4in laadukas jalusta sopii useimmille jiirisahoille. Suunniteltu Milwaukeen jiiri\/katkaisusahoille. Voidaan pident\u00e4\u00e4 jopa 3 m asti, mik\u00e4 helpottaa isojen ty\u00f6kappaleiden katkaisua. Kasaantaipuvat jalat &#8211; vain 1200 mm pitk\u00e4. Mukava 810 mm:n ty\u00f6korkeus ja pohjan pituus 1100 mm. Helppo s\u00e4\u00e4t\u00e4\u00e4 -eritt\u00e4in tukeva ja nopea koota. Kevyt rakenne ja py\u00f6r\u00e4t alla. S\u00e4\u00e4dett\u00e4v\u00e4t ty\u00f6kappale-tasot antavat tukea pitkille materiaaleille yhden vivun k\u00e4\u00e4nn\u00f6ll\u00e4. Heavy-Duty \u2013 kantokyky 250 kg. Paino 23 kg.<\/p>\n","protected":false},"excerpt":{"rendered":"<p>Jiirisahan jalusta MSL 3000<\/p>\n","protected":false},"featured_media":3954,"template":"","meta":{"_et_pb_use_builder":"","_et_pb_old_content":"","_et_gb_content_width":""},"pwb-brand":[],"product_brand":[],"product_cat":[445,287,288],"product_tag":[],"class_list":{"0":"post-3955","1":"product","2":"type-product","3":"status-publish","4":"has-post-thumbnail","6":"product_cat-jiirisaha","7":"product_cat-sahkotyokalut","8":"product_cat-milwaukee","10":"first","11":"instock","12":"taxable","13":"shipping-taxable","14":"purchasable","15":"product-type-simple"},"brands":[],"_links":{"self":[{"href":"https:\/\/silikotek.sapartners.site\/index.php\/wp-json\/wp\/v2\/product\/3955","targetHints":{"allow":["GET"]}}],"collection":[{"href":"https:\/\/silikotek.sapartners.site\/index.php\/wp-json\/wp\/v2\/product"}],"about":[{"href":"https:\/\/silikotek.sapartners.site\/index.php\/wp-json\/wp\/v2\/types\/product"}],"wp:featuredmedia":[{"embeddable":true,"href":"https:\/\/silikotek.sapartners.site\/index.php\/wp-json\/wp\/v2\/media\/3954"}],"wp:attachment":[{"href":"https:\/\/silikotek.sapartners.site\/index.php\/wp-json\/wp\/v2\/media?parent=3955"}],"wp:term":[{"taxonomy":"pwb-brand","embeddable":true,"href":"https:\/\/silikotek.sapartners.site\/index.php\/wp-json\/wp\/v2\/pwb-brand?post=3955"},{"taxonomy":"product_brand","embeddable":true,"href":"https:\/\/silikotek.sapartners.site\/index.php\/wp-json\/wp\/v2\/product_brand?post=3955"},{"taxonomy":"product_cat","embeddable":true,"href":"https:\/\/silikotek.sapartners.site\/index.php\/wp-json\/wp\/v2\/product_cat?post=3955"},{"taxonomy":"product_tag","embeddable":true,"href":"https:\/\/silikotek.sapartners.site\/index.php\/wp-json\/wp\/v2\/product_tag?post=3955"}],"curies":[{"name":"wp","href":"https:\/\/api.w.org\/{rel}","templated":true}]}}