{"id":3953,"date":"2014-03-31T10:48:09","date_gmt":"2014-03-31T10:48:09","guid":{"rendered":"http:\/\/192.168.100.222\/target_carts\/wordpress\/wordpress495\/wordpress\/?product=jiirisahan-alusta-msl-3000"},"modified":"2014-03-31T15:39:03","modified_gmt":"2014-03-31T15:39:03","slug":"jiirisahan-alusta-msl-3000","status":"publish","type":"product","link":"https:\/\/silikotek.sapartners.site\/index.php\/tuote\/jiirisahan-alusta-msl-3000\/","title":{"rendered":"Jiirisahan alusta MSL 3000"},"content":{"rendered":"<p>Voidaan pident\u00e4\u00e4 3 m asti, mik\u00e4 helpottaa isojen ty\u00f6kappaleiden katkaisua Milwaukeen MS 305 DB katkaisu \/ jiirisahalla<br \/>Voidaan kasata vain 1200 mm pitk\u00e4ksi kasaan menevien jalkojen ja kompaktin muotonsa ansiosta<\/p>\n<p>Korkeuden s\u00e4\u00e4t\u00f6 antaa vakautta ep\u00e4tasaisilla lattioilla<\/p>\n<p>Kevyt rakenne ja py\u00f6r\u00e4t helpottavat siirtoa rakennusmailla<\/p>\n<p>Mukava ty\u00f6korkeus 81 cm<\/p>\n<p>S\u00e4\u00e4dett\u00e4v\u00e4t ty\u00f6kappale-tasot antavat tukea pitkille materiaaleille yhden vivun k\u00e4\u00e4nn\u00f6ll\u00e4<\/p>\n<p>Helppo kokoaminen vie vain sekunteja<\/p>\n<p>Rullatuet<\/p>\n<p>ERITTELY Korkeus 8.100 mm<br \/>Paino 23 kg<\/p>\n<p>Hinta 199 + Alv<\/p>\n","protected":false},"excerpt":{"rendered":"<p>Voidaan pident\u00e4\u00e4 3 m asti, mik\u00e4 helpottaa isojen ty\u00f6kappaleiden katkaisua Milwaukeen MS 305 DB katkaisu \/ jiirisahallaVoidaan kasata vain 1200 mm pitk\u00e4ksi kasaan menevien jalkojen ja kompaktin muotonsa ansiosta Korkeuden s\u00e4\u00e4t\u00f6 antaa vakautta ep\u00e4tasaisilla lattioilla Kevyt rakenne ja py\u00f6r\u00e4t helpottavat siirtoa rakennusmailla Mukava ty\u00f6korkeus 81 cm S\u00e4\u00e4dett\u00e4v\u00e4t ty\u00f6kappale-tasot antavat tukea pitkille materiaaleille yhden vivun k\u00e4\u00e4nn\u00f6ll\u00e4 [&hellip;]<\/p>\n","protected":false},"featured_media":3952,"template":"","meta":{"_et_pb_use_builder":"","_et_pb_old_content":"","_et_gb_content_width":""},"pwb-brand":[],"product_brand":[],"product_cat":[445],"product_tag":[],"class_list":{"0":"post-3953","1":"product","2":"type-product","3":"status-publish","4":"has-post-thumbnail","6":"product_cat-jiirisaha","8":"first","9":"instock","10":"taxable","11":"shipping-taxable","12":"purchasable","13":"product-type-simple"},"brands":[],"_links":{"self":[{"href":"https:\/\/silikotek.sapartners.site\/index.php\/wp-json\/wp\/v2\/product\/3953","targetHints":{"allow":["GET"]}}],"collection":[{"href":"https:\/\/silikotek.sapartners.site\/index.php\/wp-json\/wp\/v2\/product"}],"about":[{"href":"https:\/\/silikotek.sapartners.site\/index.php\/wp-json\/wp\/v2\/types\/product"}],"wp:featuredmedia":[{"embeddable":true,"href":"https:\/\/silikotek.sapartners.site\/index.php\/wp-json\/wp\/v2\/media\/3952"}],"wp:attachment":[{"href":"https:\/\/silikotek.sapartners.site\/index.php\/wp-json\/wp\/v2\/media?parent=3953"}],"wp:term":[{"taxonomy":"pwb-brand","embeddable":true,"href":"https:\/\/silikotek.sapartners.site\/index.php\/wp-json\/wp\/v2\/pwb-brand?post=3953"},{"taxonomy":"product_brand","embeddable":true,"href":"https:\/\/silikotek.sapartners.site\/index.php\/wp-json\/wp\/v2\/product_brand?post=3953"},{"taxonomy":"product_cat","embeddable":true,"href":"https:\/\/silikotek.sapartners.site\/index.php\/wp-json\/wp\/v2\/product_cat?post=3953"},{"taxonomy":"product_tag","embeddable":true,"href":"https:\/\/silikotek.sapartners.site\/index.php\/wp-json\/wp\/v2\/product_tag?post=3953"}],"curies":[{"name":"wp","href":"https:\/\/api.w.org\/{rel}","templated":true}]}}