{"id":3951,"date":"2014-03-31T10:48:09","date_gmt":"2014-03-31T10:48:09","guid":{"rendered":"http:\/\/192.168.100.222\/target_carts\/wordpress\/wordpress495\/wordpress\/?product=piikkausvasara-kango-500-s"},"modified":"2014-05-02T20:07:59","modified_gmt":"2014-05-02T20:07:59","slug":"piikkausvasara-kango-500-s","status":"publish","type":"product","link":"https:\/\/silikotek.sapartners.site\/index.php\/tuote\/piikkausvasara-kango-500-s\/","title":{"rendered":"Piikkausvasara Kango 500 S"},"content":{"rendered":"<p>T\u00c4RIN\u00c4NVAIMENNUS &#8211; J\u00e4rjestelm\u00e4 joka v\u00e4hent\u00e4\u00e4 merkitt\u00e4v\u00e4sti t\u00e4rin\u00e4\u00e4 &#8211; Rasittaa niveli\u00e4 v\u00e4hemm\u00e4n, k\u00e4ytt\u00f6yst\u00e4v\u00e4llisempi<\/p>\n<p>PEHME\u00c4 ISKUTILA &#8211; V\u00e4hent\u00e4\u00e4 iskuenergiaa &#8211; Talttaus aroilla materiaaleilla<\/p>\n<p>DIGITRONINEN T\u00c4YSAALTO ELEKTRONIIKKA &#8211; T\u00e4ydellinen vaihtovirran k\u00e4ytt\u00f6 &#8211; Toimii erinomaisesti generaattoreiden kanssa<\/p>\n<p>ELEKTRONINEN PEHME\u00c4 K\u00c4YNNISTYS &#8211; Lyhyt viive t\u00e4yteen nopeuteen &#8211; Tarkka talttausaloitus<\/p>\n<p>TYHJ\u00c4K\u00c4YNTIKIERROSLUVUN RAJOITIN &#8211; Tyhj\u00e4k\u00e4ynnin aikana, moottori ei k\u00e4y maksimiteholla &#8211; Suojaa moottoria, v\u00e4hent\u00e4\u00e4 kuormitusta<\/p>\n<p>HUOLTOMERKKIVALO &#8211; Merkkivalo ilmoittaa ennen kuin hiilet kuluvat loppuun &#8211; Aikainen ilmoitus huollon tarpeesta<\/p>\n<p>VIRTAVALO &#8211; Merkkivalo ilmoitta, jos virta on kytketty &#8211; Vianl\u00e4hde n\u00e4kyy nopeasti<\/p>\n<p>HEAVY-DUTY METALLINEN VAIHDEPES\u00c4 &#8211; Kokometallinen vaihdepes\u00e4 antaa parhaan mahdollisen tuen vaihteistolle sek\u00e4 takaa pitk\u00e4n k\u00e4ytt\u00f6i\u00e4n<\/p>\n<p>VARIOLOC &#8211; Talttauskulma voidaan lukita eri asentoihin &#8211; Tehokas ja ergonominen ty\u00f6skentely<\/p>\n<p>SOFTGRIP &#8211; Kumip\u00e4\u00e4llysteinen takakahva &#8211; Miellytt\u00e4v\u00e4 k\u00e4ytt\u00f6 ja varma ote<\/p>\n<p>SOFTGRIP LIS\u00c4KAHVA &#8211; Kumip\u00e4\u00e4llysteinen lis\u00e4kahva &#8211; Miellytt\u00e4v\u00e4 k\u00e4ytt\u00e4\u00e4 ja varma ote<\/p>\n<p>ERITTELY: Ottoteho 1.300 W<br \/>Iskuenergia: 8,5 J<br \/>Iskuluku kuormitettuna 2.840 iskua\/min<br \/>Ty\u00f6kalupidin SDS-Max <\/p>\n<p>\u00a0Tuotenumero: 4933398220<\/p>\n","protected":false},"excerpt":{"rendered":"<p>Milwaukee Piikkausvasara Kango 500 S<\/p>\n","protected":false},"featured_media":3950,"template":"","meta":{"_et_pb_use_builder":"","_et_pb_old_content":"","_et_gb_content_width":""},"pwb-brand":[],"product_brand":[],"product_cat":[797,390],"product_tag":[],"class_list":{"0":"post-3951","1":"product","2":"type-product","3":"status-publish","4":"has-post-thumbnail","6":"product_cat-piikkausvasarat","7":"product_cat-piikkaus-murtovasarat","9":"first","10":"instock","11":"sale","12":"taxable","13":"shipping-taxable","14":"purchasable","15":"product-type-simple"},"brands":[],"_links":{"self":[{"href":"https:\/\/silikotek.sapartners.site\/index.php\/wp-json\/wp\/v2\/product\/3951","targetHints":{"allow":["GET"]}}],"collection":[{"href":"https:\/\/silikotek.sapartners.site\/index.php\/wp-json\/wp\/v2\/product"}],"about":[{"href":"https:\/\/silikotek.sapartners.site\/index.php\/wp-json\/wp\/v2\/types\/product"}],"wp:featuredmedia":[{"embeddable":true,"href":"https:\/\/silikotek.sapartners.site\/index.php\/wp-json\/wp\/v2\/media\/3950"}],"wp:attachment":[{"href":"https:\/\/silikotek.sapartners.site\/index.php\/wp-json\/wp\/v2\/media?parent=3951"}],"wp:term":[{"taxonomy":"pwb-brand","embeddable":true,"href":"https:\/\/silikotek.sapartners.site\/index.php\/wp-json\/wp\/v2\/pwb-brand?post=3951"},{"taxonomy":"product_brand","embeddable":true,"href":"https:\/\/silikotek.sapartners.site\/index.php\/wp-json\/wp\/v2\/product_brand?post=3951"},{"taxonomy":"product_cat","embeddable":true,"href":"https:\/\/silikotek.sapartners.site\/index.php\/wp-json\/wp\/v2\/product_cat?post=3951"},{"taxonomy":"product_tag","embeddable":true,"href":"https:\/\/silikotek.sapartners.site\/index.php\/wp-json\/wp\/v2\/product_tag?post=3951"}],"curies":[{"name":"wp","href":"https:\/\/api.w.org\/{rel}","templated":true}]}}