{"id":3949,"date":"2014-03-31T10:48:09","date_gmt":"2014-03-31T10:48:09","guid":{"rendered":"http:\/\/192.168.100.222\/target_carts\/wordpress\/wordpress495\/wordpress\/?product=poravasara-sds-plus-pfh-22-e"},"modified":"2018-09-25T14:54:47","modified_gmt":"2018-09-25T11:54:47","slug":"poravasara-sds-plus-pfh-22-e","status":"publish","type":"product","link":"https:\/\/silikotek.sapartners.site\/index.php\/tuote\/poravasara-sds-plus-pfh-22-e\/","title":{"rendered":"Milwaukee Poravasara &#8211; SDS-plus PFH 22 E"},"content":{"rendered":"<p>Vasaratoiminnon lukitus k\u00e4\u00e4nt\u00e4\u00e4 vasaratoiminnon pois p\u00e4\u00e4lt\u00e4 ruuvaussovelluksille tai poraukselle ilman iskutoimintoa puuhun \/ metalliin SYVYYSRAJOITTIMEN NUPPI &#8211; Yksi nuppi vapauttaa syvyysrajoittimen &#8211; Nopea s\u00e4\u00e4t\u00f6 SOFTGRIP &#8211; Kumip\u00e4\u00e4llysteinen takakahva &#8211; Miellytt\u00e4v\u00e4 k\u00e4ytt\u00f6 ja varma ote ERITTELY Ottoteho 670 W Poraushalkaisija betoniin \/ puuhun \/ ter\u00e4kseen 22 \/ 30 \/ 13 mm Kierrosluku kuormitettuna 0 &#8211; 850 r\/min Iskuluku kuormitettuna 0 &#8211; 3.700 r\/min Iskuenergia 2,7 J Paino 2,5 kg<\/p>\n","protected":false},"excerpt":{"rendered":"<p>Vasaratoiminnon lukitus k\u00e4\u00e4nt\u00e4\u00e4 vasaratoiminnon pois p\u00e4\u00e4lt\u00e4 ruuvaussovelluksille tai poraukselle ilman iskutoimintoa puuhun \/ metalliin SYVYYSRAJOITTIMEN NUPPI &#8211; Yksi nuppi vapauttaa syvyysrajoittimen &#8211; Nopea s\u00e4\u00e4t\u00f6 SOFTGRIP &#8211; Kumip\u00e4\u00e4llysteinen takakahva &#8211; Miellytt\u00e4v\u00e4 k\u00e4ytt\u00f6 ja varma ote ERITTELY Ottoteho 670 W Poraushalkaisija betoniin \/ puuhun \/ ter\u00e4kseen 22 \/ 30 \/ 13 mm Kierrosluku kuormitettuna 0 &#8211; 850 [&hellip;]<\/p>\n","protected":false},"featured_media":17552,"template":"","meta":{"_et_pb_use_builder":"","_et_pb_old_content":"","_et_gb_content_width":""},"pwb-brand":[1452],"product_brand":[],"product_cat":[385],"product_tag":[],"class_list":{"0":"post-3949","1":"product","2":"type-product","3":"status-publish","4":"has-post-thumbnail","6":"pwb-brand-milwaukee","7":"product_cat-sds-plus-poravasarat","9":"first","10":"instock","11":"taxable","12":"shipping-taxable","13":"purchasable","14":"product-type-simple"},"brands":[{"id":1452,"name":"Milwaukee","slug":"milwaukee"}],"_links":{"self":[{"href":"https:\/\/silikotek.sapartners.site\/index.php\/wp-json\/wp\/v2\/product\/3949","targetHints":{"allow":["GET"]}}],"collection":[{"href":"https:\/\/silikotek.sapartners.site\/index.php\/wp-json\/wp\/v2\/product"}],"about":[{"href":"https:\/\/silikotek.sapartners.site\/index.php\/wp-json\/wp\/v2\/types\/product"}],"wp:featuredmedia":[{"embeddable":true,"href":"https:\/\/silikotek.sapartners.site\/index.php\/wp-json\/wp\/v2\/media\/17552"}],"wp:attachment":[{"href":"https:\/\/silikotek.sapartners.site\/index.php\/wp-json\/wp\/v2\/media?parent=3949"}],"wp:term":[{"taxonomy":"pwb-brand","embeddable":true,"href":"https:\/\/silikotek.sapartners.site\/index.php\/wp-json\/wp\/v2\/pwb-brand?post=3949"},{"taxonomy":"product_brand","embeddable":true,"href":"https:\/\/silikotek.sapartners.site\/index.php\/wp-json\/wp\/v2\/product_brand?post=3949"},{"taxonomy":"product_cat","embeddable":true,"href":"https:\/\/silikotek.sapartners.site\/index.php\/wp-json\/wp\/v2\/product_cat?post=3949"},{"taxonomy":"product_tag","embeddable":true,"href":"https:\/\/silikotek.sapartners.site\/index.php\/wp-json\/wp\/v2\/product_tag?post=3949"}],"curies":[{"name":"wp","href":"https:\/\/api.w.org\/{rel}","templated":true}]}}